{"id":6986,"date":"2024-05-09T13:25:48","date_gmt":"2024-05-09T10:25:48","guid":{"rendered":"https:\/\/protego.md\/?post_type=product&#038;p=6986"},"modified":"2024-05-09T13:34:18","modified_gmt":"2024-05-09T10:34:18","slug":"bryuki-rabochie-wurnitz-hoegert-elastic","status":"publish","type":"product","link":"https:\/\/protego.md\/ro\/product\/bryuki-rabochie-wurnitz-hoegert-elastic\/","title":{"rendered":"Pantaloni de lucru WURNITZ HOEGERT ELASTIC"},"content":{"rendered":"","protected":false},"excerpt":{"rendered":"<p>Pantalonii de protec\u021bie pentru b\u0103rba\u021bi profesionali WURNITZ sunt fabrica\u021bi din materiale de cea mai \u00eenalt\u0103 calitate. Pe l\u00e2ng\u0103 rezisten\u021ba lor ridicat\u0103, ofer\u0103 \u0219i un confort deosebit de utilizare. \u00cen timpul produc\u021biei de pantaloni, s-a acordat o aten\u021bie deosebit\u0103 func\u021bionalit\u0103\u021bii \u0219i siguran\u021bei \u00eembr\u0103c\u0103mintei. Elasticitatea crescut\u0103 a pantalonilor WURNITZ \u00eei face potriviti pentru multe op\u021biuni de lucru, f\u0103r\u0103 a restric\u021biona mi\u0219c\u0103rile utilizatorului, iar detaliile reflectorizante ad\u0103ugate asigur\u0103 siguran\u021b\u0103 la locul de munc\u0103 dup\u0103 \u00eentuneric. At\u00e2t buzunarele pentru scule, c\u00e2t \u0219i genunchii au \u00eent\u0103rituri OXFORD, iar buzunarele pot fi deta\u0219ate cu u\u0219urin\u021b\u0103 atunci c\u00e2nd nu este nevoie de utilizare.<br \/>\nCaracteristic\u0103<\/p>\n<p>      material elastic asigurand libertatea de miscare;<br \/>\n      greutate \u021bes\u0103tur\u0103 220 g\/m\u00b2;<br \/>\n      \u021bes\u0103tur\u0103: 60% poliester, 38% bumbac, 2% elastan;<br \/>\n      realizat conform standardului EN ISO 13688:2013;<br \/>\n     Buzunare deta\u0219abile pentru scule, \u00eent\u0103rite cu \u021bes\u0103tur\u0103 OXFORD 300D;<br \/>\n     centura elastica;<br \/>\n     300D OXFORD buzunare \u00eent\u0103rite pentru genunchi;<br \/>\n     Panou extensibil \u00een zona \u00eentreag\u0103;<br \/>\n     2x buzunare la spate \u2013 1x cu fermoar, 1x Velcro;<br \/>\n     1x buzunar lateral cu fermoar;<br \/>\n     1x buzunar pentru rigla din material OXFORD;<br \/>\n     Bucle suplimentare pentru scule;<br \/>\n     Cus\u0103turi triple;<br \/>\n     extensia piciorului;<br \/>\n     detalii reflectorizante fa\u021b\u0103 \u0219i spate ale pantalonilor.<\/p>\n","protected":false},"featured_media":6993,"template":"","meta":[],"product_brand":[],"product_cat":[86,85,17],"product_tag":[],"class_list":{"0":"post-6986","1":"product","2":"type-product","3":"status-publish","4":"has-post-thumbnail","6":"product_cat-winter-work-pants-summer-clothing","7":"product_cat-winter-overalls-summer","8":"product_cat-clothing","10":"first","11":"instock","12":"shipping-taxable","13":"purchasable","14":"product-type-variable"},"acf":[],"aioseo_notices":[],"_links":{"self":[{"href":"https:\/\/protego.md\/ro\/wp-json\/wp\/v2\/product\/6986","targetHints":{"allow":["GET"]}}],"collection":[{"href":"https:\/\/protego.md\/ro\/wp-json\/wp\/v2\/product"}],"about":[{"href":"https:\/\/protego.md\/ro\/wp-json\/wp\/v2\/types\/product"}],"wp:featuredmedia":[{"embeddable":true,"href":"https:\/\/protego.md\/ro\/wp-json\/wp\/v2\/media\/6993"}],"wp:attachment":[{"href":"https:\/\/protego.md\/ro\/wp-json\/wp\/v2\/media?parent=6986"}],"wp:term":[{"taxonomy":"product_brand","embeddable":true,"href":"https:\/\/protego.md\/ro\/wp-json\/wp\/v2\/product_brand?post=6986"},{"taxonomy":"product_cat","embeddable":true,"href":"https:\/\/protego.md\/ro\/wp-json\/wp\/v2\/product_cat?post=6986"},{"taxonomy":"product_tag","embeddable":true,"href":"https:\/\/protego.md\/ro\/wp-json\/wp\/v2\/product_tag?post=6986"}],"curies":[{"name":"wp","href":"https:\/\/api.w.org\/{rel}","templated":true}]}}