{"id":6966,"date":"2024-05-09T13:15:23","date_gmt":"2024-05-09T10:15:23","guid":{"rendered":"https:\/\/protego.md\/?post_type=product&#038;p=6966"},"modified":"2026-03-02T17:13:16","modified_gmt":"2026-03-02T14:13:16","slug":"bryuki-rabochie-tauber-hoegert-4-way-stretch","status":"publish","type":"product","link":"https:\/\/protego.md\/ro\/product\/bryuki-rabochie-tauber-hoegert-4-way-stretch\/","title":{"rendered":"Pantaloni de lucru TAUBER HOEGERT 4-WAY STRETCH"},"content":{"rendered":"","protected":false},"excerpt":{"rendered":"<p>Pantalonii de siguran\u021b\u0103 pentru b\u0103rba\u021bi profesionali TAUBER sunt fabrica\u021bi din materiale de cea mai \u00eenalt\u0103 calitate. \u021aes\u0103tura puternic\u0103 ofer\u0103 rezisten\u021b\u0103 ridicat\u0103 la uzur\u0103. Stretch-ul standard \u00een patru direc\u021bii m\u0103re\u0219te elasticitatea pantalonilor, oferind purt\u0103torului o mai mare libertate de mi\u0219care. Detaliile reflectorizante sunt folosite pentru a \u00eembun\u0103t\u0103\u021bi siguran\u021ba pe timp de noapte. Un num\u0103r mare de buzunare afecteaz\u0103 u\u0219urin\u021ba de utilizare a produsului \u0219i asigur\u0103 c\u0103 uneltele sunt \u00eentotdeauna la \u00eendem\u00e2n\u0103. Intariturile CORDURA sunt folosite in buzunare si genunchi. Buzunarul suplimentar \u00eenchis are un fermoar de \u00eencredere, datorit\u0103 c\u0103ruia nimic nu va aluneca sau va fi deteriorat. Ajustabil cu un elastic intern la mijlocul taliei.<br \/>\nCaracteristic\u0103<\/p>\n<p>    &#8211; \u021bes\u0103tur\u0103 elastic\u0103 \u00een 4 direc\u021bii pentru libertate de mi\u0219care;<br \/>\n    &#8211; greutate material 250 g\/m\u00b2;<br \/>\n     &#8211; material: material 92% poliamida, 8% elastan;<br \/>\n     &#8211; fabricat conform standardului EN ISO 13688:2013;<br \/>\n      &#8211; Fermoar principal YKK;<br \/>\n     &#8211; 2 buzunare CORDURA detasabile;<br \/>\n     &#8211; 1 buzunar inchis;<br \/>\n     &#8211; 2 buzunare laterale cargo;<br \/>\n     &#8211; 2 buzunare pentru genunchiere CORDURA;<br \/>\n      -1 buzunar pentru telefon mobil;<br \/>\n     &#8211; 1 buzunar pentru o rigla;<br \/>\n     &#8211; 2 buzunare spate spatioase, 1 cu fermoar, 1 cu velcro;<br \/>\n     &#8211; panou suplimentar in crotch;<br \/>\n     &#8211; elastic intern in mijlocul taliei care tine pantalonii la loc;<br \/>\n      -ventilatie cu fermoar la spate;<br \/>\n      &#8211; bucle largi; pentru unelte de fixare;<br \/>\n      -\u00eent\u0103rirea tripl\u0103 a cus\u0103turilor;<br \/>\n     &#8211; intarirea fundului cracului cu material CORDURA;<br \/>\n      &#8211; picioare retractabile;<br \/>\n      -elemente reflectorizante.[video width=\"1280\" height=\"720\" mp4=\"https:\/\/protego.md\/wp-content\/uploads\/2024\/05\/TAUBER-4-Way-Stretch-Protective-Clothing-Set.mp4\"][\/video]<\/p>\n","protected":false},"featured_media":6978,"template":"","meta":[],"product_brand":[],"product_cat":[86,85,17],"product_tag":[],"class_list":{"0":"post-6966","1":"product","2":"type-product","3":"status-publish","4":"has-post-thumbnail","6":"product_cat-winter-work-pants-summer-clothing","7":"product_cat-winter-overalls-summer","8":"product_cat-clothing","10":"first","11":"instock","12":"shipping-taxable","13":"purchasable","14":"product-type-variable"},"acf":[],"aioseo_notices":[],"_links":{"self":[{"href":"https:\/\/protego.md\/ro\/wp-json\/wp\/v2\/product\/6966","targetHints":{"allow":["GET"]}}],"collection":[{"href":"https:\/\/protego.md\/ro\/wp-json\/wp\/v2\/product"}],"about":[{"href":"https:\/\/protego.md\/ro\/wp-json\/wp\/v2\/types\/product"}],"wp:featuredmedia":[{"embeddable":true,"href":"https:\/\/protego.md\/ro\/wp-json\/wp\/v2\/media\/6978"}],"wp:attachment":[{"href":"https:\/\/protego.md\/ro\/wp-json\/wp\/v2\/media?parent=6966"}],"wp:term":[{"taxonomy":"product_brand","embeddable":true,"href":"https:\/\/protego.md\/ro\/wp-json\/wp\/v2\/product_brand?post=6966"},{"taxonomy":"product_cat","embeddable":true,"href":"https:\/\/protego.md\/ro\/wp-json\/wp\/v2\/product_cat?post=6966"},{"taxonomy":"product_tag","embeddable":true,"href":"https:\/\/protego.md\/ro\/wp-json\/wp\/v2\/product_tag?post=6966"}],"curies":[{"name":"wp","href":"https:\/\/api.w.org\/{rel}","templated":true}]}}