{"id":6905,"date":"2024-05-02T14:32:54","date_gmt":"2024-05-02T11:32:54","guid":{"rendered":"https:\/\/protego.md\/?post_type=product&#038;p=6905"},"modified":"2025-02-11T12:59:46","modified_gmt":"2025-02-11T09:59:46","slug":"polubotinki-zashhitnye-turkana-low-shoe-s3","status":"publish","type":"product","link":"https:\/\/protego.md\/ro\/product\/polubotinki-zashhitnye-turkana-low-shoe-s3\/","title":{"rendered":"Pantofi de protectie TURKANA LOW SHOE S3"},"content":{"rendered":"","protected":false},"excerpt":{"rendered":"<p>Pantof joas\u0103, cu un design ultra-dinamic, cu v\u00e2rf din aluminiu \u0219i talp\u0103 intermediar\u0103 din compozit cu grosime constant\u0103 de 4 mm. Prev\u0103zut\u0103 cu piele superioar\u0103 Action Nubuck, cu \u00eenchidere cu \u0219ireturi \u0219i inser\u021bii reflectorizante. Talpa exterioar\u0103 E-TPU Responder\/cauciuc ofer\u0103 o elasticitate excelent\u0103 \u0219i un efect de amortizare: talpa intermediar\u0103 din poliuretan termoplastic expandat se \u00eentinde pe \u00eentreaga talp\u0103 a piciorului, oferind flexibilitate \u0219i amortizare complet receptiv\u0103. Talpa exterioara din cauciuc, datorita canelurilor longitudinale adanci, accentueaza flexibilitatea talpii si asigura o aderenta excelenta pe toate tipurile de suprafete. SRC rezistent la alunecare.<br \/>\nBran\u021bul RESPONDER este compus dintr-un compus care leag\u0103 \u00eempreun\u0103 mii de margele E-TPU cu propriet\u0103\u021bi de elasticitate \u0219i rezisten\u021b\u0103 ridicate. Captusita si perforata in zona plantara cu proprietati remarcabile anti-soc. Antistatic.<br \/>\nC\u0103ptu\u0219eala din plas\u0103 din poliester are o capacitate excelent\u0103 de drenare datorit\u0103 \u021bes\u0103turii \u0219i structurii cu capacitate mare de absorb\u021bie.<\/p>\n<p>Caracteristici principale:<br \/>\n&#8211; Tehnologia patentat\u0103 RESPONDER utilizat\u0103 \u00een talpa intermediar\u0103 \u0219i bran\u021b, ofer\u0103 o amortizare remarcabil\u0103, u\u0219urin\u021b\u0103 extrem\u0103 \u0219i flexibilitate pe \u00eentreaga suprafa\u021b\u0103 a piciorului, asigur\u00e2nd astfel performan\u021be excelente chiar \u0219i dup\u0103 o utilizare prelungit\u0103 \u0219i intens\u0103.<br \/>\n&#8211; Stabilizatorul pentru c\u0103lc\u00e2i previne oboseala picioarelor \u0219i \u00eembun\u0103t\u0103\u021be\u0219te stabilitatea picioarelor.<br \/>\n&#8211; Capacul suplimentar protejeaz\u0103 \u00eenc\u0103l\u021b\u0103mintea de \u0219ocuri.<br \/>\n[video width=\"1082\" height=\"720\" mp4=\"https:\/\/protego.md\/wp-content\/uploads\/2024\/05\/Pantofi-de-protectie-TURKANA-S3-SRC.mp4\"][\/video]<\/p>\n[video width=\"1920\" height=\"1080\" mp4=\"https:\/\/protego.md\/wp-content\/uploads\/2025\/02\/Scarpe-antinfortunistica-Sir-Safety-Sir-Future-con-Tecnologia-RESPONDER-Vendita-su-FVL-Edilizia.mp4\"][\/video]\n","protected":false},"featured_media":6907,"template":"","meta":[],"product_brand":[],"product_cat":[75,97],"product_tag":[],"class_list":{"0":"post-6905","1":"product","2":"type-product","3":"status-publish","4":"has-post-thumbnail","6":"product_cat-footwear","7":"product_cat-summer-shoes","9":"first","10":"instock","11":"shipping-taxable","12":"purchasable","13":"product-type-variable"},"acf":[],"aioseo_notices":[],"_links":{"self":[{"href":"https:\/\/protego.md\/ro\/wp-json\/wp\/v2\/product\/6905","targetHints":{"allow":["GET"]}}],"collection":[{"href":"https:\/\/protego.md\/ro\/wp-json\/wp\/v2\/product"}],"about":[{"href":"https:\/\/protego.md\/ro\/wp-json\/wp\/v2\/types\/product"}],"wp:featuredmedia":[{"embeddable":true,"href":"https:\/\/protego.md\/ro\/wp-json\/wp\/v2\/media\/6907"}],"wp:attachment":[{"href":"https:\/\/protego.md\/ro\/wp-json\/wp\/v2\/media?parent=6905"}],"wp:term":[{"taxonomy":"product_brand","embeddable":true,"href":"https:\/\/protego.md\/ro\/wp-json\/wp\/v2\/product_brand?post=6905"},{"taxonomy":"product_cat","embeddable":true,"href":"https:\/\/protego.md\/ro\/wp-json\/wp\/v2\/product_cat?post=6905"},{"taxonomy":"product_tag","embeddable":true,"href":"https:\/\/protego.md\/ro\/wp-json\/wp\/v2\/product_tag?post=6905"}],"curies":[{"name":"wp","href":"https:\/\/api.w.org\/{rel}","templated":true}]}}