{"id":6902,"date":"2024-05-02T14:27:23","date_gmt":"2024-05-02T11:27:23","guid":{"rendered":"https:\/\/protego.md\/?post_type=product&#038;p=6902"},"modified":"2024-12-11T16:29:52","modified_gmt":"2024-12-11T13:29:52","slug":"polubotinki-zashhitnye-jet-low-shoe-s1p","status":"publish","type":"product","link":"https:\/\/protego.md\/ro\/product\/polubotinki-zashhitnye-jet-low-shoe-s1p\/","title":{"rendered":"Pantofi de protectie JET LOW SHOE S1P"},"content":{"rendered":"","protected":false},"excerpt":{"rendered":"<p>Pantof joas\u0103, cu un design ultra-dinamic, cu v\u00e2rf din aluminiu \u0219i talp\u0103 intermediar\u0103 din compozit cu grosime constant\u0103 de 4 mm. Prev\u0103zut cu Air-Mesh\/Microfibr\u0103 superioar\u0103 cu \u00eenchidere cu \u0219ireturi \u0219i inser\u021bii reflectorizante. Talpa exterioar\u0103 E-TPU Responder\/cauciuc ofer\u0103 o elasticitate excelent\u0103 \u0219i un efect de amortizare: talpa intermediar\u0103 din poliuretan termoplastic expandat se \u00eentinde pe \u00eentreaga talp\u0103 a piciorului, oferind flexibilitate \u0219i amortizare complet receptiv\u0103. Talpa exterioara din cauciuc, datorita canelurilor longitudinale adanci, accentueaza flexibilitatea talpii si asigura o aderenta excelenta pe toate tipurile de suprafete. SRC rezistent la alunecare.<br \/>\nBran\u021bul RESPONDER este compus dintr-un compus care leag\u0103 \u00eempreun\u0103 mii de margele E-TPU cu propriet\u0103\u021bi de elasticitate \u0219i rezisten\u021b\u0103 ridicate. C\u0103ptu\u0219it\u0103 \u0219i perforat\u0103 \u00een zona plantar\u0103, cu propriet\u0103\u021bi remarcabile anti-\u0219oc. Antistatic.<br \/>\nC\u0103ptu\u0219eala din plas\u0103 din poliester are o capacitate excelent\u0103 de drenare datorit\u0103 \u021bes\u0103turii \u0219i structurii cu capacitate mare de absorb\u021bie.<\/p>\n<p>Caracteristici principale:<br \/>\n&#8211; Tehnologia patentat\u0103 RESPONDER utilizat\u0103 \u00een talpa intermediar\u0103 \u0219i bran\u021b, ofer\u0103 o amortizare remarcabil\u0103, u\u0219urin\u021b\u0103 extrem\u0103 \u0219i flexibilitate pe \u00eentreaga suprafa\u021b\u0103 a piciorului, asigur\u00e2nd astfel performan\u021be excelente chiar \u0219i dup\u0103 o utilizare prelungit\u0103 \u0219i intens\u0103.<br \/>\n&#8211; Inser\u021bii reflectorizante irizate de \u00eenalt\u0103 intensitate prismatic\u0103 pentru o vizibilitate suplimentar\u0103 \u00een condi\u021bii de lumin\u0103 sc\u0103zut\u0103.<br \/>\n&#8211; Stabilizatorul pentru c\u0103lc\u00e2i previne oboseala piciorului \u0219i \u00eembun\u0103t\u0103\u021be\u0219te stabilitatea piciorului.<br \/>\n&#8211; Capacul suplimentar protejeaz\u0103 \u00eenc\u0103l\u021b\u0103mintea de \u0219ocuri.<\/p>\n","protected":false},"featured_media":6904,"template":"","meta":[],"product_brand":[],"product_cat":[75,97],"product_tag":[],"class_list":{"0":"post-6902","1":"product","2":"type-product","3":"status-publish","4":"has-post-thumbnail","6":"product_cat-footwear","7":"product_cat-summer-shoes","9":"first","10":"instock","11":"shipping-taxable","12":"purchasable","13":"product-type-variable"},"acf":[],"aioseo_notices":[],"_links":{"self":[{"href":"https:\/\/protego.md\/ro\/wp-json\/wp\/v2\/product\/6902","targetHints":{"allow":["GET"]}}],"collection":[{"href":"https:\/\/protego.md\/ro\/wp-json\/wp\/v2\/product"}],"about":[{"href":"https:\/\/protego.md\/ro\/wp-json\/wp\/v2\/types\/product"}],"wp:featuredmedia":[{"embeddable":true,"href":"https:\/\/protego.md\/ro\/wp-json\/wp\/v2\/media\/6904"}],"wp:attachment":[{"href":"https:\/\/protego.md\/ro\/wp-json\/wp\/v2\/media?parent=6902"}],"wp:term":[{"taxonomy":"product_brand","embeddable":true,"href":"https:\/\/protego.md\/ro\/wp-json\/wp\/v2\/product_brand?post=6902"},{"taxonomy":"product_cat","embeddable":true,"href":"https:\/\/protego.md\/ro\/wp-json\/wp\/v2\/product_cat?post=6902"},{"taxonomy":"product_tag","embeddable":true,"href":"https:\/\/protego.md\/ro\/wp-json\/wp\/v2\/product_tag?post=6902"}],"curies":[{"name":"wp","href":"https:\/\/api.w.org\/{rel}","templated":true}]}}