{"id":6870,"date":"2024-04-12T11:19:48","date_gmt":"2024-04-12T08:19:48","guid":{"rendered":"https:\/\/protego.md\/?post_type=product&#038;p=6870"},"modified":"2024-04-12T11:34:52","modified_gmt":"2024-04-12T08:34:52","slug":"shorty-korotkie-clasic-stretch-slim","status":"publish","type":"product","link":"https:\/\/protego.md\/ro\/product\/shorty-korotkie-clasic-stretch-slim\/","title":{"rendered":"Pantaloni scurti Clasic Stretch Slim"},"content":{"rendered":"","protected":false},"excerpt":{"rendered":"<p>Pantaloni scur\u021bi de protec\u021bie CLASSIC STRETCH SLIM, cu un design excep\u021bional de atractiv \u0219i func\u021bionalitate perfect\u0103. Croial\u0103 confortabil\u0103 \u0219i modern\u0103 Slim se potrive\u0219te perfect corpului, f\u0103r\u0103 a restric\u021biona mi\u0219c\u0103rile, prin utilizarea unui material cu adaos de elastan. Fabricat dintr-o \u021bes\u0103tur\u0103 foarte durabil\u0103 \u0219i flexibil\u0103 compus\u0103 din: 60% bumbac \u0219i 38% poliester, 2% spandex cu un gramaj de 260 +\/- 10 g\/m\u00b2 \u0219i o \u021bes\u0103tur\u0103 puternic\u0103 \u0219i dens\u0103.<br \/>\nDescriere:<br \/>\n&#8211; cus\u0103turi selectate corespunz\u0103tor \u0219i direc\u021bia fibrelor \u00een dou\u0103 \u021bes\u0103turi cu caracteristici variabile ale direc\u021biilor de \u00eentindere a elastanului, ceea ce \u00eenseamn\u0103 c\u0103 pantalonii scurti sunt extensibili \u00een patru direc\u021bii,<br \/>\n&#8211; cusut profesional si estetica manopera,<br \/>\n&#8211; cus\u0103turi triple \u0219i numeroase cus\u0103turi solide care \u00eent\u0103resc locurile deosebit de expuse la rupere,<br \/>\n&#8211; se inchide in fata cu nasture si fermoar,<br \/>\n&#8211; \u00eent\u0103rituri suplimentare pentru buzunare din material poliester Oxford600D,<br \/>\n&#8211; 10 buzunare func\u021bionale \u00een fa\u021b\u0103, spate \u0219i pe picioarele pantalonilor,<br \/>\n&#8211; contractie foarte scazuta &#8211; chiar si dupa spalari repetate<br \/>\n&#8211; stabilitatea culorii.<br \/>\nCuloare: gri-negru cu inser\u021bii verzi<\/p>\n","protected":false},"featured_media":6880,"template":"","meta":[],"product_brand":[],"product_cat":[86,17],"product_tag":[],"class_list":{"0":"post-6870","1":"product","2":"type-product","3":"status-publish","4":"has-post-thumbnail","6":"product_cat-winter-work-pants-summer-clothing","7":"product_cat-clothing","9":"first","10":"instock","11":"shipping-taxable","12":"purchasable","13":"product-type-variable"},"acf":[],"aioseo_notices":[],"_links":{"self":[{"href":"https:\/\/protego.md\/ro\/wp-json\/wp\/v2\/product\/6870","targetHints":{"allow":["GET"]}}],"collection":[{"href":"https:\/\/protego.md\/ro\/wp-json\/wp\/v2\/product"}],"about":[{"href":"https:\/\/protego.md\/ro\/wp-json\/wp\/v2\/types\/product"}],"wp:featuredmedia":[{"embeddable":true,"href":"https:\/\/protego.md\/ro\/wp-json\/wp\/v2\/media\/6880"}],"wp:attachment":[{"href":"https:\/\/protego.md\/ro\/wp-json\/wp\/v2\/media?parent=6870"}],"wp:term":[{"taxonomy":"product_brand","embeddable":true,"href":"https:\/\/protego.md\/ro\/wp-json\/wp\/v2\/product_brand?post=6870"},{"taxonomy":"product_cat","embeddable":true,"href":"https:\/\/protego.md\/ro\/wp-json\/wp\/v2\/product_cat?post=6870"},{"taxonomy":"product_tag","embeddable":true,"href":"https:\/\/protego.md\/ro\/wp-json\/wp\/v2\/product_tag?post=6870"}],"curies":[{"name":"wp","href":"https:\/\/api.w.org\/{rel}","templated":true}]}}