{"id":6832,"date":"2024-04-09T14:55:39","date_gmt":"2024-04-09T11:55:39","guid":{"rendered":"https:\/\/protego.md\/?post_type=product&#038;p=6832"},"modified":"2024-04-09T15:05:37","modified_gmt":"2024-04-09T12:05:37","slug":"botinki-rabochie-elite-s3","status":"publish","type":"product","link":"https:\/\/protego.md\/ro\/product\/botinki-rabochie-elite-s3\/","title":{"rendered":"BOCANCI de lucru Elite S3"},"content":{"rendered":"","protected":false},"excerpt":{"rendered":"<p>Material superior: Strong Protection &#8211; piele naturala, culoare neagra. Permeabilitatea la vapori a materialului este de 2-3 ori mai mare dec\u00e2t \u00een \u200b\u200bmod normal. Impermeabil. Grosime 2,0-2,2 mm. Nivelul calit\u0103\u021bii pielii dep\u0103\u0219e\u0219te de 2,1-2,7 ori norma standardului european EN ISO 20345:2011.<\/p>\n<p>C\u0103ptu\u0219eal\u0103: C\u0103ptu\u0219eala Air Surf Fabric este realizat\u0103 din material 3D din plas\u0103 sintetic\u0103 cu o structur\u0103 voluminoas\u0103. Acesta este un material moale, hidroscopic, rezistent la uzur\u0103, care asigur\u0103 o permeabilitate ridicat\u0103 la vapori \u0219i confort &#8211; piciorul poate \u201erespira\u201d liber \u0219i excesul de c\u0103ldur\u0103 din picior nu va sc\u0103pa.<\/p>\n<p>Toecap: v\u00e2rf uscat, u\u0219or din compozit, din noua genera\u021bie Toe Cover Max.<\/p>\n","protected":false},"featured_media":6839,"template":"","meta":[],"product_brand":[],"product_cat":[75,97],"product_tag":[],"class_list":{"0":"post-6832","1":"product","2":"type-product","3":"status-publish","4":"has-post-thumbnail","6":"product_cat-footwear","7":"product_cat-summer-shoes","9":"first","10":"instock","11":"shipping-taxable","12":"purchasable","13":"product-type-variable"},"acf":[],"aioseo_notices":[],"_links":{"self":[{"href":"https:\/\/protego.md\/ro\/wp-json\/wp\/v2\/product\/6832","targetHints":{"allow":["GET"]}}],"collection":[{"href":"https:\/\/protego.md\/ro\/wp-json\/wp\/v2\/product"}],"about":[{"href":"https:\/\/protego.md\/ro\/wp-json\/wp\/v2\/types\/product"}],"wp:featuredmedia":[{"embeddable":true,"href":"https:\/\/protego.md\/ro\/wp-json\/wp\/v2\/media\/6839"}],"wp:attachment":[{"href":"https:\/\/protego.md\/ro\/wp-json\/wp\/v2\/media?parent=6832"}],"wp:term":[{"taxonomy":"product_brand","embeddable":true,"href":"https:\/\/protego.md\/ro\/wp-json\/wp\/v2\/product_brand?post=6832"},{"taxonomy":"product_cat","embeddable":true,"href":"https:\/\/protego.md\/ro\/wp-json\/wp\/v2\/product_cat?post=6832"},{"taxonomy":"product_tag","embeddable":true,"href":"https:\/\/protego.md\/ro\/wp-json\/wp\/v2\/product_tag?post=6832"}],"curies":[{"name":"wp","href":"https:\/\/api.w.org\/{rel}","templated":true}]}}