{"id":6823,"date":"2024-04-09T14:48:12","date_gmt":"2024-04-09T11:48:12","guid":{"rendered":"https:\/\/protego.md\/?post_type=product&#038;p=6823"},"modified":"2024-04-09T14:54:30","modified_gmt":"2024-04-09T11:54:30","slug":"sandaii-elite-s1","status":"publish","type":"product","link":"https:\/\/protego.md\/ro\/product\/sandaii-elite-s1\/","title":{"rendered":"Sandale Elite S1P"},"content":{"rendered":"","protected":false},"excerpt":{"rendered":"<p>Material superior: Strong Protection \u2013 piele natural\u0103 neagr\u0103 puternic\u0103. Permeabilitatea la vapori este de 2-3 ori mai mare dec\u00e2t \u00een \u200b\u200bmod normal. Rezistent la ap\u0103. Grosimea de la 2,0\u20132,2 mm. Sarcina de rupere a pielii dep\u0103\u0219e\u0219te de 2,1\u20132,7 ori norma standardului european EN ISO 20345:2011.<\/p>\n<p>C\u0103ptu\u0219eala Air Surf Fabric este realizat\u0103 dintr-un material sintetic plas\u0103 3-D cu o structur\u0103 tridimensional\u0103. Acesta este un material moale, modern, hidroscopic, rezistent la uzur\u0103, care ofer\u0103 o permeabilitate ridicat\u0103 la vapori \u0219i confort &#8211; piciorul \u201erespir\u0103\u201d liber, iar excesul de c\u0103ldur\u0103 din picior scap\u0103 liber.<\/p>\n<p>Tav\u0103: Tav\u0103 compozit\u0103 u\u0219oar\u0103 \u0219i de protec\u021bie a noii genera\u021bii Toe Cover Max.<\/p>\n","protected":false},"featured_media":6830,"template":"","meta":[],"product_brand":[],"product_cat":[75,97],"product_tag":[],"class_list":{"0":"post-6823","1":"product","2":"type-product","3":"status-publish","4":"has-post-thumbnail","6":"product_cat-footwear","7":"product_cat-summer-shoes","9":"first","10":"instock","11":"shipping-taxable","12":"purchasable","13":"product-type-variable"},"acf":[],"aioseo_notices":[],"_links":{"self":[{"href":"https:\/\/protego.md\/ro\/wp-json\/wp\/v2\/product\/6823","targetHints":{"allow":["GET"]}}],"collection":[{"href":"https:\/\/protego.md\/ro\/wp-json\/wp\/v2\/product"}],"about":[{"href":"https:\/\/protego.md\/ro\/wp-json\/wp\/v2\/types\/product"}],"wp:featuredmedia":[{"embeddable":true,"href":"https:\/\/protego.md\/ro\/wp-json\/wp\/v2\/media\/6830"}],"wp:attachment":[{"href":"https:\/\/protego.md\/ro\/wp-json\/wp\/v2\/media?parent=6823"}],"wp:term":[{"taxonomy":"product_brand","embeddable":true,"href":"https:\/\/protego.md\/ro\/wp-json\/wp\/v2\/product_brand?post=6823"},{"taxonomy":"product_cat","embeddable":true,"href":"https:\/\/protego.md\/ro\/wp-json\/wp\/v2\/product_cat?post=6823"},{"taxonomy":"product_tag","embeddable":true,"href":"https:\/\/protego.md\/ro\/wp-json\/wp\/v2\/product_tag?post=6823"}],"curies":[{"name":"wp","href":"https:\/\/api.w.org\/{rel}","templated":true}]}}