{"id":6805,"date":"2024-04-09T14:23:22","date_gmt":"2024-04-09T11:23:22","guid":{"rendered":"https:\/\/protego.md\/?post_type=product&#038;p=6805"},"modified":"2024-04-09T14:32:01","modified_gmt":"2024-04-09T11:32:01","slug":"sandalii-antistatik-s1","status":"publish","type":"product","link":"https:\/\/protego.md\/ro\/product\/sandalii-antistatik-s1\/","title":{"rendered":"Sandale Antistatic S1"},"content":{"rendered":"","protected":false},"excerpt":{"rendered":"<p>Material superior: microfibra neagra, usoara, are permeabilitate mare la vapori.<br \/>\nC\u0103ptu\u0219eal\u0103: plas\u0103 galben\u0103, microfibr\u0103 gri.<br \/>\nCapac pentru degete: Capac pentru degete din composite light, 200 J.<br \/>\nSupapa: realizata din material sintetic durabil &#8220;respirabil&#8221; Cordura.<br \/>\nBrant: principal &#8211; anti-punctura Kevlar Max Flex, ofera protectie piciorului de intepaturi si taieturi cu o forta de pana la 1100N, brant &#8211; EVA turnat din material spumat si 2-D Mesh.<\/p>\n<p>Talp\u0103: PU-PU cu dou\u0103 straturi. Stratul intermediar al talpii este spuma poliuretanica BASF dezvoltat dupa o reteta speciala. Stinge energia \u00een tempul mersului \u0219i al s\u0103r\u0219tilor intense. Stratul de rulare ofera protectie impotriva alunecarii pe suprafete umede, murdare si grase, SlipResistant.<\/p>\n","protected":false},"featured_media":6812,"template":"","meta":[],"product_brand":[],"product_cat":[75,97],"product_tag":[],"class_list":{"0":"post-6805","1":"product","2":"type-product","3":"status-publish","4":"has-post-thumbnail","6":"product_cat-footwear","7":"product_cat-summer-shoes","9":"first","10":"instock","11":"shipping-taxable","12":"purchasable","13":"product-type-variable"},"acf":[],"aioseo_notices":[],"_links":{"self":[{"href":"https:\/\/protego.md\/ro\/wp-json\/wp\/v2\/product\/6805","targetHints":{"allow":["GET"]}}],"collection":[{"href":"https:\/\/protego.md\/ro\/wp-json\/wp\/v2\/product"}],"about":[{"href":"https:\/\/protego.md\/ro\/wp-json\/wp\/v2\/types\/product"}],"wp:featuredmedia":[{"embeddable":true,"href":"https:\/\/protego.md\/ro\/wp-json\/wp\/v2\/media\/6812"}],"wp:attachment":[{"href":"https:\/\/protego.md\/ro\/wp-json\/wp\/v2\/media?parent=6805"}],"wp:term":[{"taxonomy":"product_brand","embeddable":true,"href":"https:\/\/protego.md\/ro\/wp-json\/wp\/v2\/product_brand?post=6805"},{"taxonomy":"product_cat","embeddable":true,"href":"https:\/\/protego.md\/ro\/wp-json\/wp\/v2\/product_cat?post=6805"},{"taxonomy":"product_tag","embeddable":true,"href":"https:\/\/protego.md\/ro\/wp-json\/wp\/v2\/product_tag?post=6805"}],"curies":[{"name":"wp","href":"https:\/\/api.w.org\/{rel}","templated":true}]}}