{"id":6791,"date":"2024-04-02T10:16:13","date_gmt":"2024-04-02T07:16:13","guid":{"rendered":"https:\/\/protego.md\/?post_type=product&#038;p=6791"},"modified":"2025-01-09T12:49:31","modified_gmt":"2025-01-09T09:49:31","slug":"polukombinezon-zashhitnyj-classic-stretch-slim","status":"publish","type":"product","link":"https:\/\/protego.md\/ro\/product\/polukombinezon-zashhitnyj-classic-stretch-slim\/","title":{"rendered":"Semisalopeta de protec\u021bie CLASSIC STRETCH SLIM"},"content":{"rendered":"<p>Salopeta de protec\u021bie CLASSIC STRETCH SLIM,  cu<br \/>\ndesign atractiv \u0219i func\u021bionalitate perfect\u0103.<br \/>\n\u0421roiala subtire moderna se potriveste perfect siluetei, nu<br \/>\nrestric\u021bioneaza mi\u0219carea, datorit\u0103 utiliz\u0103rii materialului cu aditiv<br \/>\nelastan. Fabricat dintr-o \u021bes\u0103tur\u0103 tip p\u00e2nz\u0103 foarte rezistent\u0103 \u0219i flexibil\u0103<br \/>\ncompozitie: 60% bumbac si 38% poliester, 2% spandex cu un gramaj de 260 +\/- 10<br \/>\ng \/ m 2 \u0219i o \u021bes\u0103tur\u0103 puternic\u0103, dens\u0103.<\/p>\n<p>Caracteristic\u0103:<br \/>\n&#8211; cusut profesional si estetica manopera,<br \/>\n&#8211; gu\u0219on negru, cus\u0103turi triple \u0219i numeroase bare solide de armare<br \/>\nlocuri deosebit de expuse la lacrimare,<br \/>\n&#8211; elemente reflectorizante pe partea din fa\u021b\u0103 a pantalonilor &#8211; cre\u0219terea siguran\u021bei<br \/>\nutilizator<br \/>\n&#8211; 10 buzunare func\u021bionale \u00eent\u0103rite cu material poliester Oxford600D,<br \/>\nbucl\u0103 de ciocan. Buzunarele cu clap\u0103 sunt \u00eenchise cu velcro.<br \/>\n&#8211; 2 buzunare pentru genunchi cu deschidere in partea de jos, prinse cu Velcro pe genunchiere.<br \/>\nBuzunarele sunt \u00eent\u0103rite cu \u021bes\u0103tur\u0103 din poliester Oxford 600D, care<br \/>\ncaracterizat prin rezisten\u021b\u0103 ridicat\u0103, rezisten\u021b\u0103 la abraziune \u0219i<br \/>\n\u00eentindere \u0219i rezisten\u021b\u0103 la ap\u0103,<br \/>\n&#8211; se inchide in fata cu nasture si fermoar,<br \/>\n&#8211; sistem comod \u0219i practic de reglare a circumferin\u021bei taliei cu o band\u0103 elastic\u0103,<br \/>\n&#8211; contractie foarte redusa, chiar si dupa spalari repetate<br \/>\n&#8211; stabilitatea culorii<\/p>","protected":false},"excerpt":{"rendered":"<p>Salopeta de protec\u021bie CLASSIC STRETCH SLIM,  cu<br \/>\ndesign atractiv \u0219i func\u021bionalitate perfect\u0103.<br \/>\n\u0421roiala subtire moderna se potriveste perfect siluetei, nu<br \/>\nrestric\u021bioneaza mi\u0219carea, datorit\u0103 utiliz\u0103rii materialului cu aditiv<br \/>\nelastan. Fabricat dintr-o \u021bes\u0103tur\u0103 tip p\u00e2nz\u0103 foarte rezistent\u0103 \u0219i flexibil\u0103<br \/>\ncompozitie: 60% bumbac si 38% poliester, 2% spandex cu un gramaj de 260 +\/- 10<br \/>\ng \/ m 2 \u0219i o \u021bes\u0103tur\u0103 puternic\u0103, dens\u0103.<\/p>\n<p>Caracteristic\u0103:<br \/>\n&#8211; cusut profesional si estetica manopera,<br \/>\n&#8211; gu\u0219on negru, cus\u0103turi triple \u0219i numeroase bare solide de armare<br \/>\nlocuri deosebit de expuse la lacrimare,<br \/>\n&#8211; elemente reflectorizante pe partea din fa\u021b\u0103 a pantalonilor &#8211; cre\u0219terea siguran\u021bei<br \/>\nutilizator<br \/>\n&#8211; 10 buzunare func\u021bionale \u00eent\u0103rite cu material poliester Oxford600D,<br \/>\nbucl\u0103 de ciocan. Buzunarele cu clap\u0103 sunt \u00eenchise cu velcro.<br \/>\n&#8211; 2 buzunare pentru genunchi cu deschidere in partea de jos, prinse cu Velcro pe genunchiere.<br \/>\nBuzunarele sunt \u00eent\u0103rite cu \u021bes\u0103tur\u0103 din poliester Oxford 600D, care<br \/>\ncaracterizat prin rezisten\u021b\u0103 ridicat\u0103, rezisten\u021b\u0103 la abraziune \u0219i<br \/>\n\u00eentindere \u0219i rezisten\u021b\u0103 la ap\u0103,<br \/>\n&#8211; se inchide in fata cu nasture si fermoar,<br \/>\n&#8211; sistem comod \u0219i practic de reglare a circumferin\u021bei taliei cu o band\u0103 elastic\u0103,<br \/>\n&#8211; contractie foarte redusa, chiar si dupa spalari repetate<br \/>\n&#8211; stabilitatea culorii<\/p>\n","protected":false},"featured_media":6798,"template":"","meta":[],"product_brand":[],"product_cat":[85,17],"product_tag":[],"class_list":{"0":"post-6791","1":"product","2":"type-product","3":"status-publish","4":"has-post-thumbnail","6":"product_cat-winter-overalls-summer","7":"product_cat-clothing","9":"first","10":"instock","11":"shipping-taxable","12":"purchasable","13":"product-type-variable"},"acf":[],"aioseo_notices":[],"_links":{"self":[{"href":"https:\/\/protego.md\/ro\/wp-json\/wp\/v2\/product\/6791","targetHints":{"allow":["GET"]}}],"collection":[{"href":"https:\/\/protego.md\/ro\/wp-json\/wp\/v2\/product"}],"about":[{"href":"https:\/\/protego.md\/ro\/wp-json\/wp\/v2\/types\/product"}],"wp:featuredmedia":[{"embeddable":true,"href":"https:\/\/protego.md\/ro\/wp-json\/wp\/v2\/media\/6798"}],"wp:attachment":[{"href":"https:\/\/protego.md\/ro\/wp-json\/wp\/v2\/media?parent=6791"}],"wp:term":[{"taxonomy":"product_brand","embeddable":true,"href":"https:\/\/protego.md\/ro\/wp-json\/wp\/v2\/product_brand?post=6791"},{"taxonomy":"product_cat","embeddable":true,"href":"https:\/\/protego.md\/ro\/wp-json\/wp\/v2\/product_cat?post=6791"},{"taxonomy":"product_tag","embeddable":true,"href":"https:\/\/protego.md\/ro\/wp-json\/wp\/v2\/product_tag?post=6791"}],"curies":[{"name":"wp","href":"https:\/\/api.w.org\/{rel}","templated":true}]}}