{"id":6760,"date":"2024-02-23T13:15:35","date_gmt":"2024-02-23T10:15:35","guid":{"rendered":"https:\/\/protego.md\/?post_type=product&#038;p=6760"},"modified":"2024-02-23T13:15:35","modified_gmt":"2024-02-23T10:15:35","slug":"noski-sj","status":"publish","type":"product","link":"https:\/\/protego.md\/ro\/product\/noski-sj\/","title":{"rendered":"Sosete SJ"},"content":{"rendered":"","protected":false},"excerpt":{"rendered":"<p>SJ SOCK<br \/>\nSJSOCK<br \/>\n\u0218osete confortabile<br \/>\nDeoarece \u00eenc\u0103l\u021b\u0103mintea de siguran\u021b\u0103 este \u00een mare parte fabricat\u0103<br \/>\ndin materiale dure \u0219i aspre, este esen\u021bial s\u0103 purta\u021bi \u0219osete<br \/>\nde cea mai bun\u0103 calitate care s\u0103 se potriveasc\u0103 cu pantofii<br \/>\ndumneavoastr\u0103. \u0218osetele noastre Safety Jogger sunt concepute<br \/>\npentru a se sim\u021bi confortabil \u00een timpul lucrului, elastice la glezn\u0103<br \/>\n\u0219i fortificate \u0219i, deoarece fiecare picior este diferit, acestea<br \/>\nurm\u0103resc perfect forma anatomic\u0103 a fiec\u0103rui picior \u00een parte. \u00cen<br \/>\nacest fel, nu ve\u021bi fi deranjat de pliurile enervante care creeaz\u0103 o<br \/>\nsenza\u021bie de disconfort.<\/p>\n","protected":false},"featured_media":6761,"template":"","meta":[],"product_brand":[],"product_cat":[75],"product_tag":[],"class_list":{"0":"post-6760","1":"product","2":"type-product","3":"status-publish","4":"has-post-thumbnail","6":"product_cat-footwear","8":"first","9":"instock","10":"shipping-taxable","11":"purchasable","12":"product-type-simple"},"acf":[],"aioseo_notices":[],"_links":{"self":[{"href":"https:\/\/protego.md\/ro\/wp-json\/wp\/v2\/product\/6760","targetHints":{"allow":["GET"]}}],"collection":[{"href":"https:\/\/protego.md\/ro\/wp-json\/wp\/v2\/product"}],"about":[{"href":"https:\/\/protego.md\/ro\/wp-json\/wp\/v2\/types\/product"}],"wp:featuredmedia":[{"embeddable":true,"href":"https:\/\/protego.md\/ro\/wp-json\/wp\/v2\/media\/6761"}],"wp:attachment":[{"href":"https:\/\/protego.md\/ro\/wp-json\/wp\/v2\/media?parent=6760"}],"wp:term":[{"taxonomy":"product_brand","embeddable":true,"href":"https:\/\/protego.md\/ro\/wp-json\/wp\/v2\/product_brand?post=6760"},{"taxonomy":"product_cat","embeddable":true,"href":"https:\/\/protego.md\/ro\/wp-json\/wp\/v2\/product_cat?post=6760"},{"taxonomy":"product_tag","embeddable":true,"href":"https:\/\/protego.md\/ro\/wp-json\/wp\/v2\/product_tag?post=6760"}],"curies":[{"name":"wp","href":"https:\/\/api.w.org\/{rel}","templated":true}]}}