{"id":6714,"date":"2024-02-23T11:23:31","date_gmt":"2024-02-23T08:23:31","guid":{"rendered":"https:\/\/protego.md\/?post_type=product&#038;p=6714"},"modified":"2025-08-11T11:50:36","modified_gmt":"2025-08-11T08:50:36","slug":"giasco-tufli-zashhitnye-nordic-s3","status":"publish","type":"product","link":"https:\/\/protego.md\/ro\/product\/giasco-tufli-zashhitnye-nordic-s3\/","title":{"rendered":"GIASCO Pantofi de protectie NORDIC S3"},"content":{"rendered":"","protected":false},"excerpt":{"rendered":"<p>NORDIC S3<br \/>\nKU043N<br \/>\nCE UNI EN ISO 20345:2012 S3 SRC ESD<\/p>\n<p>Pantof de siguran\u021b\u0103 sc\u0103zut, piele IDROTECH\u00ae WRU grain Nubuck grosime 1,8-2,0 mm, cu inser\u021bie refractant\u0103.<br \/>\nZona degetelor si calcaiului cu piele din spate WRU anti-zgarieturi rezistenta la abraziune, grosime 1,8-2,0 mm.<br \/>\n\u021aes\u0103tur\u0103 extern\u0103 3D, rezistent\u0103 la transpira\u021bie \u0219i la abraziune.<br \/>\nC\u0103ptu\u0219eal\u0103 din \u021bes\u0103tur\u0103 foarte transpirat\u0103 \u0219i rezistent\u0103 la abraziune. Limb\u0103 moale, c\u0103ptu\u0219it\u0103 \u0219i c\u0103ptu\u0219it\u0103.<br \/>\nPANTOF COMPLET F\u0102R\u0102 METAL<\/p>\n<p>TOECAP 200J compozit polimeric netermic conform EN 12568<br \/>\n\u021a\u0102S\u0102T\u0102 COMPOZIT\u0102 flexibil\u0103 antiperforare pentru talp\u0103 intermediar\u0103 conform EN 12568<br \/>\nSOLE KUBE poliuretan de bidensitate antistatic, anti-ulei, rezistent la hidroliz\u0103 ISO 5423:92,<br \/>\nla hidrocarburi \u0219i la abraziune, anti-\u0219oc \u0219i anti-alunecare SRC<br \/>\nBRUT 5000, extracomfort din trei materiale: transpirant, detasabil, anatomic, absorbant, ESD si antibacterian<br \/>\nPantoful satisface cerin\u021ba conform normei IEC 61340-4-3:2017 (IEC 61340-5-1:2016) pentru rezisten\u021ba electric\u0103 ESD<\/p>\n<p>M\u0103rimea 36-47 Greutatea pantofului M\u0103rimea 42 gr. 520<br \/>\n* Greutatea este calculat\u0103 f\u0103r\u0103 \u0219ireturi \u0219i bran\u021b.<\/p>\n","protected":false},"featured_media":6720,"template":"","meta":[],"product_brand":[],"product_cat":[75,97],"product_tag":[],"class_list":{"0":"post-6714","1":"product","2":"type-product","3":"status-publish","4":"has-post-thumbnail","6":"product_cat-footwear","7":"product_cat-summer-shoes","9":"first","10":"instock","11":"shipping-taxable","12":"purchasable","13":"product-type-variable"},"acf":[],"aioseo_notices":[],"_links":{"self":[{"href":"https:\/\/protego.md\/ro\/wp-json\/wp\/v2\/product\/6714","targetHints":{"allow":["GET"]}}],"collection":[{"href":"https:\/\/protego.md\/ro\/wp-json\/wp\/v2\/product"}],"about":[{"href":"https:\/\/protego.md\/ro\/wp-json\/wp\/v2\/types\/product"}],"wp:featuredmedia":[{"embeddable":true,"href":"https:\/\/protego.md\/ro\/wp-json\/wp\/v2\/media\/6720"}],"wp:attachment":[{"href":"https:\/\/protego.md\/ro\/wp-json\/wp\/v2\/media?parent=6714"}],"wp:term":[{"taxonomy":"product_brand","embeddable":true,"href":"https:\/\/protego.md\/ro\/wp-json\/wp\/v2\/product_brand?post=6714"},{"taxonomy":"product_cat","embeddable":true,"href":"https:\/\/protego.md\/ro\/wp-json\/wp\/v2\/product_cat?post=6714"},{"taxonomy":"product_tag","embeddable":true,"href":"https:\/\/protego.md\/ro\/wp-json\/wp\/v2\/product_tag?post=6714"}],"curies":[{"name":"wp","href":"https:\/\/api.w.org\/{rel}","templated":true}]}}