{"id":6697,"date":"2024-02-22T15:50:36","date_gmt":"2024-02-22T12:50:36","guid":{"rendered":"https:\/\/protego.md\/?post_type=product&#038;p=6697"},"modified":"2026-02-09T20:53:40","modified_gmt":"2026-02-09T17:53:40","slug":"giasco-mako-s1p","status":"publish","type":"product","link":"https:\/\/protego.md\/ro\/product\/giasco-mako-s1p\/","title":{"rendered":"GIASCO MAKO S1P"},"content":{"rendered":"","protected":false},"excerpt":{"rendered":"<p>MAKO S1P<br \/>\n3M182T<\/p>\n<p>CE UNI EN ISO 20345:2012 S1P SRC<\/p>\n<p>C\u0103ptu\u0219eal\u0103 din \u021bes\u0103tur\u0103 foarte transpirat\u0103 \u0219i rezistent\u0103 la abraziune.<br \/>\nPantof de siguran\u021b\u0103 cu inser\u021bie din material refractor.<br \/>\nLimb\u0103 moale \u0219i c\u0103ptu\u0219it\u0103.<br \/>\nPANTOF COMPLET F\u0102R\u0102 METAL<\/p>\n<p>TOECAP 200J compozit polimeric netermic conform EN 12568<br \/>\n\u021a\u0102S\u0102T\u0102 COMPOZIT\u0102 flexibil\u0103 antiperforare pentru talp\u0103 intermediar\u0103 conform EN 12568<br \/>\nSOLE 3MOVE poliuretan cu trei densit\u0103\u021bi antistatic, rezistent la hidroliz\u0103 ISO 5423:92, la hidrocarburi \u0219i la abraziune, anti-\u0219oc \u0219i anti-alunecare SRC<br \/>\nInser\u021bie ANTITORSIONE \u00een talp\u0103 pentru a asigura stabilitate pe teren neuniform<br \/>\nBRUT MEMORY, bran\u021b extracomfort din trei materiale cu latex moale Memory f\u0103r\u0103 stres \u00een zona c\u0103lc\u00e2iului \u0219i \u00een punctul de \u00eendoire, rezistent la presiunea corpului.<br \/>\nTranspirant, deta\u0219abil, anatomic, absorbant, antistatic \u0219i antibacterian<br \/>\nGreutatea pantofului M\u0103rimea 42 gr. 535<\/p>\n","protected":false},"featured_media":6699,"template":"","meta":[],"product_brand":[],"product_cat":[75,97],"product_tag":[],"class_list":{"0":"post-6697","1":"product","2":"type-product","3":"status-publish","4":"has-post-thumbnail","6":"product_cat-footwear","7":"product_cat-summer-shoes","9":"first","10":"instock","11":"shipping-taxable","12":"purchasable","13":"product-type-variable"},"acf":[],"aioseo_notices":[],"_links":{"self":[{"href":"https:\/\/protego.md\/ro\/wp-json\/wp\/v2\/product\/6697","targetHints":{"allow":["GET"]}}],"collection":[{"href":"https:\/\/protego.md\/ro\/wp-json\/wp\/v2\/product"}],"about":[{"href":"https:\/\/protego.md\/ro\/wp-json\/wp\/v2\/types\/product"}],"wp:featuredmedia":[{"embeddable":true,"href":"https:\/\/protego.md\/ro\/wp-json\/wp\/v2\/media\/6699"}],"wp:attachment":[{"href":"https:\/\/protego.md\/ro\/wp-json\/wp\/v2\/media?parent=6697"}],"wp:term":[{"taxonomy":"product_brand","embeddable":true,"href":"https:\/\/protego.md\/ro\/wp-json\/wp\/v2\/product_brand?post=6697"},{"taxonomy":"product_cat","embeddable":true,"href":"https:\/\/protego.md\/ro\/wp-json\/wp\/v2\/product_cat?post=6697"},{"taxonomy":"product_tag","embeddable":true,"href":"https:\/\/protego.md\/ro\/wp-json\/wp\/v2\/product_tag?post=6697"}],"curies":[{"name":"wp","href":"https:\/\/api.w.org\/{rel}","templated":true}]}}