{"id":6661,"date":"2024-02-22T14:56:58","date_gmt":"2024-02-22T11:56:58","guid":{"rendered":"https:\/\/protego.md\/?post_type=product&#038;p=6661"},"modified":"2025-08-11T11:48:41","modified_gmt":"2025-08-11T08:48:41","slug":"giasco-cervino-s3l-fo-sr","status":"publish","type":"product","link":"https:\/\/protego.md\/ro\/product\/giasco-cervino-s3l-fo-sr\/","title":{"rendered":"GIASCO CERVINO S3L FO SR"},"content":{"rendered":"","protected":false},"excerpt":{"rendered":"<p>CERVINO S3L FO SR<br \/>\n3C184G<\/p>\n<p>CE EN ISO 20345:2022 S3L FO SR<br \/>\nPantof de siguran\u021b\u0103 sc\u0103zut, piele granulat\u0103 uns\u0103 IDROTECH\u00ae WRU grosime 1,8-2,0 mm.<br \/>\nToc din piele WRU granulatie antizgarietura WRU grosime 1,8-2,0 mm.<br \/>\nCaptuseala din material rezistent la transpiratie si abraziune.<br \/>\nLimb\u0103 c\u0103ptu\u0219it\u0103 din piele moale.<br \/>\nPANTOF COMPLET F\u0102R\u0102 METAL<\/p>\n<p>TOECAP 200J compozit polimeric netermic conform EN 22568<br \/>\nPL MIDSOLE \u021bes\u0103tur\u0103 compozit\u0103 flexibil\u0103 antiperforare conform EN 22568<br \/>\nTALPA 3CROSS poliuretan cu trei densitate antistatica, rezistenta la hidroliza ISO 5423:92,<br \/>\nhidrocarburi \u0219i abraziune, anti-\u0219oc \u0219i anti-alunecare SRC<br \/>\nInser\u021bie ANTITORSIONE \u00een talp\u0103 pentru a asigura stabilitate pe teren neuniform<br \/>\nMEMORY INSOLE, bran\u021b extracomfort din trei materiale cu latex moale Memory no-stress \u00een zona c\u0103lc\u00e2iului \u0219i \u00een punctul de \u00eendoire, rezistent la presiunea corpului.<br \/>\nTranspirant, deta\u0219abil, anatomic, absorbant, antistatic \u0219i antibacterian<br \/>\nFO rezisten\u021b\u0103 la hidrocarburi<br \/>\nSR rezistenta la antiderapare<br \/>\n Greutatea pantofului M\u0103rimea 42 gr. gr. 540<\/p>\n<p>* Greutatea este calculat\u0103 f\u0103r\u0103 \u0219ireturi \u0219i bran\u021b.<\/p>\n","protected":false},"featured_media":6663,"template":"","meta":[],"product_brand":[],"product_cat":[75,97],"product_tag":[],"class_list":{"0":"post-6661","1":"product","2":"type-product","3":"status-publish","4":"has-post-thumbnail","6":"product_cat-footwear","7":"product_cat-summer-shoes","9":"first","10":"instock","11":"shipping-taxable","12":"purchasable","13":"product-type-variable"},"acf":[],"aioseo_notices":[],"_links":{"self":[{"href":"https:\/\/protego.md\/ro\/wp-json\/wp\/v2\/product\/6661","targetHints":{"allow":["GET"]}}],"collection":[{"href":"https:\/\/protego.md\/ro\/wp-json\/wp\/v2\/product"}],"about":[{"href":"https:\/\/protego.md\/ro\/wp-json\/wp\/v2\/types\/product"}],"wp:featuredmedia":[{"embeddable":true,"href":"https:\/\/protego.md\/ro\/wp-json\/wp\/v2\/media\/6663"}],"wp:attachment":[{"href":"https:\/\/protego.md\/ro\/wp-json\/wp\/v2\/media?parent=6661"}],"wp:term":[{"taxonomy":"product_brand","embeddable":true,"href":"https:\/\/protego.md\/ro\/wp-json\/wp\/v2\/product_brand?post=6661"},{"taxonomy":"product_cat","embeddable":true,"href":"https:\/\/protego.md\/ro\/wp-json\/wp\/v2\/product_cat?post=6661"},{"taxonomy":"product_tag","embeddable":true,"href":"https:\/\/protego.md\/ro\/wp-json\/wp\/v2\/product_tag?post=6661"}],"curies":[{"name":"wp","href":"https:\/\/api.w.org\/{rel}","templated":true}]}}