{"id":6588,"date":"2024-02-21T14:36:09","date_gmt":"2024-02-21T11:36:09","guid":{"rendered":"https:\/\/protego.md\/?post_type=product&#038;p=6588"},"modified":"2025-08-07T11:08:52","modified_gmt":"2025-08-07T08:08:52","slug":"tufli-sport-santiago","status":"publish","type":"product","link":"https:\/\/protego.md\/ro\/product\/tufli-sport-santiago\/","title":{"rendered":"Pantofi sport SANTIAGO"},"content":{"rendered":"","protected":false},"excerpt":{"rendered":"<p>SANTIAGO<br \/>\n\u00cenc\u0103l\u021b\u0103minte de drume\u021bie lavabil\u0103 avansat\u0103, cu un design trendy<br \/>\nde trainer, aderen\u021b\u0103 ferm\u0103 \u0219i respirabilitate excep\u021bional\u0103.<br \/>\nPartea superioar\u0103 Textile, TPU<br \/>\nC\u0103ptu\u0219eal\u0103 Plas\u0103<br \/>\nTalp\u0103 pentru picioare Talp\u0103 din spum\u0103 SJ<br \/>\nTalp\u0103 exterioar\u0103 Phylon\/Cauciuc<br \/>\nGama de dimensiuni EU 36-47 \/ UK 3.5-12.0 \/ US 4.0-13.0<br \/>\nJPN 22.5-31 \/ KOR 235-310<br \/>\nGreutatea e\u0219antionului 0.316 kg<\/p>\n","protected":false},"featured_media":6595,"template":"","meta":[],"product_brand":[],"product_cat":[75,97],"product_tag":[],"class_list":{"0":"post-6588","1":"product","2":"type-product","3":"status-publish","4":"has-post-thumbnail","6":"product_cat-footwear","7":"product_cat-summer-shoes","9":"first","10":"instock","11":"shipping-taxable","12":"purchasable","13":"product-type-variable"},"acf":[],"aioseo_notices":[],"_links":{"self":[{"href":"https:\/\/protego.md\/ro\/wp-json\/wp\/v2\/product\/6588","targetHints":{"allow":["GET"]}}],"collection":[{"href":"https:\/\/protego.md\/ro\/wp-json\/wp\/v2\/product"}],"about":[{"href":"https:\/\/protego.md\/ro\/wp-json\/wp\/v2\/types\/product"}],"wp:featuredmedia":[{"embeddable":true,"href":"https:\/\/protego.md\/ro\/wp-json\/wp\/v2\/media\/6595"}],"wp:attachment":[{"href":"https:\/\/protego.md\/ro\/wp-json\/wp\/v2\/media?parent=6588"}],"wp:term":[{"taxonomy":"product_brand","embeddable":true,"href":"https:\/\/protego.md\/ro\/wp-json\/wp\/v2\/product_brand?post=6588"},{"taxonomy":"product_cat","embeddable":true,"href":"https:\/\/protego.md\/ro\/wp-json\/wp\/v2\/product_cat?post=6588"},{"taxonomy":"product_tag","embeddable":true,"href":"https:\/\/protego.md\/ro\/wp-json\/wp\/v2\/product_tag?post=6588"}],"curies":[{"name":"wp","href":"https:\/\/api.w.org\/{rel}","templated":true}]}}