{"id":6563,"date":"2024-02-21T14:06:18","date_gmt":"2024-02-21T11:06:18","guid":{"rendered":"https:\/\/protego.md\/?post_type=product&#038;p=6563"},"modified":"2026-03-02T16:18:56","modified_gmt":"2026-03-02T13:18:56","slug":"sandali-flow-s1p-tls","status":"publish","type":"product","link":"https:\/\/protego.md\/ro\/product\/sandali-flow-s1p-tls\/","title":{"rendered":"Sandale FLOW S1P TLS"},"content":{"rendered":"<p><strong>LEOPARD S1P<\/strong><\/p>\n<p>CE UNI EN ISO 20345:2012 S1P SRC ESD<br \/>\nPantof de siguran\u021b\u0103 , piele naturala cu grosimea de 1,8-2,0 mm cu material tehnic extern rezistent la transpira\u021bie \u0219i abraziune.<br \/>\nPantof cu inser\u021bie din material refractor.<br \/>\nLimb\u0103 moale c\u0103ptu\u0219it\u0103<br \/>\nPANTOF COMPLET F\u0102R\u0102 METAL<\/p>\n<p>Bombeu din material compozit polimeric netermic rezistent la 200J conform EN 12568<br \/>\nTalpa flexbila antiperforare din material compozit conform EN 12568<br \/>\n<strong>Talpa 3MOVE poliuretan cu trei densit\u0103\u021bi<\/strong> antistatic, rezistent la hidroliz\u0103 ISO 5423:92, la hidrocarburi \u0219i la abraziune, anti\u0219oc \u0219i anti-alunecare SRC<br \/>\nInser\u021bie ANTITORSIONE \u00een talp\u0103 pentru a asigura stabilitate pe teren neuniform<br \/>\nBRUT MEMORY, bran\u021b extracomfort din trei materiale cu latex moale Memory f\u0103r\u0103 stres \u00een zona c\u0103lc\u00e2iului \u0219i \u00een punctul de \u00eendoire, rezistent la presiunea corpului.<br \/>\nTranspirant, deta\u0219abil, anatomic, absorbant, antistatic \u0219i antibacterian<br \/>\nIncaltamintea satisface cerinta conform normei IEC 61340-4-3:2017 (IEC 61340-5-1:2016) pentru rezistenta electrica ESD<\/p>","protected":false},"excerpt":{"rendered":"<p><strong>FLOW S1P SANDAL TLS<\/strong><br \/>\nFLOWS1PSTL<br \/>\nSandale inovatoare f\u0103r\u0103 metal cu sistem de \u00eenchidere TLS<br \/>\nLet the air flow with the FLOW sandal! This safety sandal has a<br \/>\nperforated, highly breathable upper, making it the perfect fit for<br \/>\nwarm and dry environments. FLOW is completely metal free,<br \/>\nmade of a lightweight composite toe cap and textile midsole<br \/>\nto prevent toe crushing and perforation. It has a slip-resistant<br \/>\noutsole, fulfills ESD requirements a<br \/>\nPartea superioar\u0103 Nubuc sintetic<br \/>\nC\u0103ptu\u0219eal\u0103 3D-Plas\u0103<br \/>\nTalp\u0103 pentru picioare Talp\u0103 din spum\u0103 SJ<br \/>\nTalp\u0103 intermediar\u0103 Textile anti-punc\u021bie<br \/>\nTalp\u0103 exterioar\u0103 PU\/PU<br \/>\nToecap Compozit<br \/>\nCategoria S1 P \/ ESD, SRC<br \/>\nGama de dimensiuni EU 35-48 \/ UK 3.0-13.0 \/ US 3.0-13.5<br \/>\nJPN 21.5-31.5 \/ KOR 230-315<br \/>\nGreutatea e\u0219antionului 0.610 kg<br \/>\nNorme ASTM F2413:2018<br \/>\nEN ISO 20345:2011<\/p>\n","protected":false},"featured_media":6571,"template":"","meta":[],"product_brand":[],"product_cat":[75,97],"product_tag":[],"class_list":{"0":"post-6563","1":"product","2":"type-product","3":"status-publish","4":"has-post-thumbnail","6":"product_cat-footwear","7":"product_cat-summer-shoes","9":"first","10":"onbackorder","11":"shipping-taxable","12":"purchasable","13":"product-type-variable"},"acf":[],"aioseo_notices":[],"_links":{"self":[{"href":"https:\/\/protego.md\/ro\/wp-json\/wp\/v2\/product\/6563","targetHints":{"allow":["GET"]}}],"collection":[{"href":"https:\/\/protego.md\/ro\/wp-json\/wp\/v2\/product"}],"about":[{"href":"https:\/\/protego.md\/ro\/wp-json\/wp\/v2\/types\/product"}],"wp:featuredmedia":[{"embeddable":true,"href":"https:\/\/protego.md\/ro\/wp-json\/wp\/v2\/media\/6571"}],"wp:attachment":[{"href":"https:\/\/protego.md\/ro\/wp-json\/wp\/v2\/media?parent=6563"}],"wp:term":[{"taxonomy":"product_brand","embeddable":true,"href":"https:\/\/protego.md\/ro\/wp-json\/wp\/v2\/product_brand?post=6563"},{"taxonomy":"product_cat","embeddable":true,"href":"https:\/\/protego.md\/ro\/wp-json\/wp\/v2\/product_cat?post=6563"},{"taxonomy":"product_tag","embeddable":true,"href":"https:\/\/protego.md\/ro\/wp-json\/wp\/v2\/product_tag?post=6563"}],"curies":[{"name":"wp","href":"https:\/\/api.w.org\/{rel}","templated":true}]}}