{"id":6540,"date":"2024-02-13T13:45:02","date_gmt":"2024-02-13T10:45:02","guid":{"rendered":"https:\/\/protego.md\/?post_type=product&#038;p=6540"},"modified":"2026-03-02T16:59:45","modified_gmt":"2026-03-02T13:59:45","slug":"krasovki-sport-steady","status":"publish","type":"product","link":"https:\/\/protego.md\/ro\/product\/krasovki-sport-steady\/","title":{"rendered":"Pantofi SPORT STEADY"},"content":{"rendered":"","protected":false},"excerpt":{"rendered":"<p>STEADY<br \/>\nAdida\u0219i din piele impermeabil\u0103 care te men\u021bin stabil\u0103 \u00een toate<br \/>\naventurile tale urbane \u0219i \u00een aer liber. Conceput pentru a oferi<br \/>\nperforman\u021be ridicate prin men\u021binerea picioarelor sus\u021binute,<br \/>\nconfortabile \u0219i uscate.<br \/>\nPartea superioar\u0103 Piele impermeabil\u0103<br \/>\nC\u0103ptu\u0219eal\u0103 Membran\u0103, 3D-Plas\u0103<br \/>\nTalp\u0103 pentru picioare Talp\u0103 din spum\u0103 SJ<br \/>\nTalp\u0103 exterioar\u0103 Phylon\/Cauciuc<br \/>\nGama de dimensiuni EU 39-47 \/ UK 6.0-12.0 \/ US 6.5-13.0<br \/>\nJPN 25-31 \/ KOR 255-310<br \/>\nGreutatea e\u0219antionului 0.426 kg<\/p>\n","protected":false},"featured_media":7763,"template":"","meta":[],"product_brand":[],"product_cat":[75,97],"product_tag":[],"class_list":{"0":"post-6540","1":"product","2":"type-product","3":"status-publish","4":"has-post-thumbnail","6":"product_cat-footwear","7":"product_cat-summer-shoes","9":"first","10":"instock","11":"shipping-taxable","12":"purchasable","13":"product-type-variable"},"acf":[],"aioseo_notices":[],"_links":{"self":[{"href":"https:\/\/protego.md\/ro\/wp-json\/wp\/v2\/product\/6540","targetHints":{"allow":["GET"]}}],"collection":[{"href":"https:\/\/protego.md\/ro\/wp-json\/wp\/v2\/product"}],"about":[{"href":"https:\/\/protego.md\/ro\/wp-json\/wp\/v2\/types\/product"}],"wp:featuredmedia":[{"embeddable":true,"href":"https:\/\/protego.md\/ro\/wp-json\/wp\/v2\/media\/7763"}],"wp:attachment":[{"href":"https:\/\/protego.md\/ro\/wp-json\/wp\/v2\/media?parent=6540"}],"wp:term":[{"taxonomy":"product_brand","embeddable":true,"href":"https:\/\/protego.md\/ro\/wp-json\/wp\/v2\/product_brand?post=6540"},{"taxonomy":"product_cat","embeddable":true,"href":"https:\/\/protego.md\/ro\/wp-json\/wp\/v2\/product_cat?post=6540"},{"taxonomy":"product_tag","embeddable":true,"href":"https:\/\/protego.md\/ro\/wp-json\/wp\/v2\/product_tag?post=6540"}],"curies":[{"name":"wp","href":"https:\/\/api.w.org\/{rel}","templated":true}]}}