{"id":6489,"date":"2024-02-13T12:24:19","date_gmt":"2024-02-13T09:24:19","guid":{"rendered":"https:\/\/protego.md\/?post_type=product&#038;p=6489"},"modified":"2025-08-07T11:47:09","modified_gmt":"2025-08-07T08:47:09","slug":"tufli-zashhitnye-balto-s1","status":"publish","type":"product","link":"https:\/\/protego.md\/ro\/product\/tufli-zashhitnye-balto-s1\/","title":{"rendered":"Pantofi de protectie BALTO S1"},"content":{"rendered":"","protected":false},"excerpt":{"rendered":"<p>BALTO S1<br \/>\nPantof de siguran\u021b\u0103 extrem de u\u0219or cu t\u0103ietur\u0103 joas\u0103<br \/>\nPartea superioar\u0103 Sintetic, Textile<br \/>\nC\u0103ptu\u0219eal\u0103 Plas\u0103, Piele sintetic\u0103<br \/>\nTalp\u0103 pentru picioare Talp\u0103 din spum\u0103 SJ<br \/>\nTalp\u0103 intermediar\u0103 N\/A<br \/>\nTalp\u0103 exterioar\u0103 Phylon\/Cauciuc<br \/>\nToecap O\u0163el<br \/>\nCategoria S1 \/ SRC<br \/>\nGama de dimensiuni EU 35-47 \/ UK 3.0-12.0 \/ US 3.0-13.0<br \/>\nJPN 21.5-31 \/ KOR 230-310<br \/>\nGreutatea e\u0219antionului 0.431 kg<br \/>\nNorme ASTM F2413:2018<br \/>\nEN ISO 20345:2011<\/p>\n","protected":false},"featured_media":6498,"template":"","meta":[],"product_brand":[],"product_cat":[75,97],"product_tag":[],"class_list":{"0":"post-6489","1":"product","2":"type-product","3":"status-publish","4":"has-post-thumbnail","6":"product_cat-footwear","7":"product_cat-summer-shoes","9":"first","10":"instock","11":"shipping-taxable","12":"purchasable","13":"product-type-variable"},"acf":[],"aioseo_notices":[],"_links":{"self":[{"href":"https:\/\/protego.md\/ro\/wp-json\/wp\/v2\/product\/6489","targetHints":{"allow":["GET"]}}],"collection":[{"href":"https:\/\/protego.md\/ro\/wp-json\/wp\/v2\/product"}],"about":[{"href":"https:\/\/protego.md\/ro\/wp-json\/wp\/v2\/types\/product"}],"wp:featuredmedia":[{"embeddable":true,"href":"https:\/\/protego.md\/ro\/wp-json\/wp\/v2\/media\/6498"}],"wp:attachment":[{"href":"https:\/\/protego.md\/ro\/wp-json\/wp\/v2\/media?parent=6489"}],"wp:term":[{"taxonomy":"product_brand","embeddable":true,"href":"https:\/\/protego.md\/ro\/wp-json\/wp\/v2\/product_brand?post=6489"},{"taxonomy":"product_cat","embeddable":true,"href":"https:\/\/protego.md\/ro\/wp-json\/wp\/v2\/product_cat?post=6489"},{"taxonomy":"product_tag","embeddable":true,"href":"https:\/\/protego.md\/ro\/wp-json\/wp\/v2\/product_tag?post=6489"}],"curies":[{"name":"wp","href":"https:\/\/api.w.org\/{rel}","templated":true}]}}