{"id":6486,"date":"2024-02-13T11:54:32","date_gmt":"2024-02-13T08:54:32","guid":{"rendered":"https:\/\/protego.md\/?post_type=product&#038;p=6486"},"modified":"2025-03-17T17:07:49","modified_gmt":"2025-03-17T14:07:49","slug":"kaska-zashhitnaya-belyj-tsvet-walter4","status":"publish","type":"product","link":"https:\/\/protego.md\/ro\/product\/kaska-zashhitnaya-belyj-tsvet-walter4\/","title":{"rendered":"Casca de protectie white WALTER4"},"content":{"rendered":"","protected":false},"excerpt":{"rendered":"<p>Este folosit pentru a proteja capul \u00eempotriva deterior\u0103rilor mecanice, cauzate de impactul obiectelor \u00een c\u0103dere sau \u00een mi\u0219care \u0219i lovirea capului de elementele structurale \u0219i piesele ma\u0219inii. Casca este conceput\u0103 pentru utiliz\u0103ri industriale generale.<br \/>\nFabricat din HDPE.<br \/>\nEchipament:<br \/>\nclichet cu band\u0103 pentru reglarea u\u0219oar\u0103 a echipamentului, interval de reglare: 53 cm &#8211; 62 cm,<br \/>\nbarbie reglabila,<br \/>\nbanda de transpira\u021bie confortabil\u0103 \u00een fa\u021b\u0103,<br \/>\nCurea de b\u0103rbie reglabil\u0103 \u00een 4 puncte,<br \/>\nHam cu \u021bes\u0103turi \u00een 8 puncte, fixare prin pin la casc\u0103.<br \/>\nParametri:<br \/>\nPoate fi utilizat \u00een intervalul de temperatur\u0103 de la &#8211; 10 \u00b0 C la + 50 \u00b0 C,<br \/>\ndata utilizarii: 4 ani de la data productiei,<\/p>\n<p>Certificat CE cat. II EN-397:2012+A1:2012<\/p>\n","protected":false},"featured_media":6485,"template":"","meta":[],"product_brand":[],"product_cat":[101,78],"product_tag":[],"class_list":{"0":"post-6486","1":"product","2":"type-product","3":"status-publish","4":"has-post-thumbnail","6":"product_cat-head-protection","7":"product_cat-individual-protect","9":"first","10":"instock","11":"shipping-taxable","12":"purchasable","13":"product-type-simple"},"acf":[],"aioseo_notices":[],"_links":{"self":[{"href":"https:\/\/protego.md\/ro\/wp-json\/wp\/v2\/product\/6486","targetHints":{"allow":["GET"]}}],"collection":[{"href":"https:\/\/protego.md\/ro\/wp-json\/wp\/v2\/product"}],"about":[{"href":"https:\/\/protego.md\/ro\/wp-json\/wp\/v2\/types\/product"}],"wp:featuredmedia":[{"embeddable":true,"href":"https:\/\/protego.md\/ro\/wp-json\/wp\/v2\/media\/6485"}],"wp:attachment":[{"href":"https:\/\/protego.md\/ro\/wp-json\/wp\/v2\/media?parent=6486"}],"wp:term":[{"taxonomy":"product_brand","embeddable":true,"href":"https:\/\/protego.md\/ro\/wp-json\/wp\/v2\/product_brand?post=6486"},{"taxonomy":"product_cat","embeddable":true,"href":"https:\/\/protego.md\/ro\/wp-json\/wp\/v2\/product_cat?post=6486"},{"taxonomy":"product_tag","embeddable":true,"href":"https:\/\/protego.md\/ro\/wp-json\/wp\/v2\/product_tag?post=6486"}],"curies":[{"name":"wp","href":"https:\/\/api.w.org\/{rel}","templated":true}]}}