{"id":6480,"date":"2024-02-13T11:28:33","date_gmt":"2024-02-13T08:28:33","guid":{"rendered":"https:\/\/protego.md\/?post_type=product&#038;p=6480"},"modified":"2025-01-09T12:10:33","modified_gmt":"2025-01-09T09:10:33","slug":"nakoleniki-zashhitnyj","status":"publish","type":"product","link":"https:\/\/protego.md\/ro\/product\/nakoleniki-zashhitnyj\/","title":{"rendered":"Genunchieri de protectie"},"content":{"rendered":"","protected":false},"excerpt":{"rendered":"<p>GENUNCHIerul  ESTE CONSTRUIT CU PROTECTOR DE PLASTIC DE \u00ceNALT\u0102 CALITATE, COT, PERNE MOALE, CARE OFER\u0102 LIBERTATE DEplin\u0103 DE MI\u0218CARE \u0218I MONTARE DE DUNGI PENTRU A PERMIT\u0102 PLATINE DE FIXARE.<\/p>\n<p>metoda de ata\u0219are a elementelor de fixare cu velcro este simpl\u0103 \u0219i convenabil\u0103.<\/p>\n<p>Protec\u021biile sunt concepute pentru a proteja genunchii \u0219i pentru a proteja utilizatorul de efectele unui risc minim:<\/p>\n<p>&#8211; ac\u021biune mecanic\u0103 ale c\u0103rei efecte sunt superficiale,<br \/>\n&#8211; Impacturi si vibratii minore, ale caror efecte nu pot provoca daune ireversibile organismului.<\/p>\n","protected":false},"featured_media":6481,"template":"","meta":[],"product_brand":[],"product_cat":[236,78],"product_tag":[],"class_list":{"0":"post-6480","1":"product","2":"type-product","3":"status-publish","4":"has-post-thumbnail","6":"product_cat-nakolenniki","7":"product_cat-individual-protect","9":"first","10":"instock","11":"shipping-taxable","12":"purchasable","13":"product-type-simple"},"acf":[],"aioseo_notices":[],"_links":{"self":[{"href":"https:\/\/protego.md\/ro\/wp-json\/wp\/v2\/product\/6480","targetHints":{"allow":["GET"]}}],"collection":[{"href":"https:\/\/protego.md\/ro\/wp-json\/wp\/v2\/product"}],"about":[{"href":"https:\/\/protego.md\/ro\/wp-json\/wp\/v2\/types\/product"}],"wp:featuredmedia":[{"embeddable":true,"href":"https:\/\/protego.md\/ro\/wp-json\/wp\/v2\/media\/6481"}],"wp:attachment":[{"href":"https:\/\/protego.md\/ro\/wp-json\/wp\/v2\/media?parent=6480"}],"wp:term":[{"taxonomy":"product_brand","embeddable":true,"href":"https:\/\/protego.md\/ro\/wp-json\/wp\/v2\/product_brand?post=6480"},{"taxonomy":"product_cat","embeddable":true,"href":"https:\/\/protego.md\/ro\/wp-json\/wp\/v2\/product_cat?post=6480"},{"taxonomy":"product_tag","embeddable":true,"href":"https:\/\/protego.md\/ro\/wp-json\/wp\/v2\/product_tag?post=6480"}],"curies":[{"name":"wp","href":"https:\/\/api.w.org\/{rel}","templated":true}]}}