{"id":6451,"date":"2024-02-09T11:57:11","date_gmt":"2024-02-09T08:57:11","guid":{"rendered":"https:\/\/protego.md\/?post_type=product&#038;p=6451"},"modified":"2026-01-29T09:59:18","modified_gmt":"2026-01-29T06:59:18","slug":"bryuki-procotton-100-hlopok","status":"publish","type":"product","link":"https:\/\/protego.md\/ro\/product\/bryuki-procotton-100-hlopok\/","title":{"rendered":"Pantaloni PROCOTTON 100% bumbac"},"content":{"rendered":"","protected":false},"excerpt":{"rendered":"<p>Pantaloni &#8211; design atractiv, func\u021bionalitate excelent\u0103 \u0219i confort deosebit.<br \/>\nFabricat din \u021bes\u0103tur\u0103 durabil\u0103 de \u00eenalt\u0103 calitate &#8211; 100% bumbac cu o greutate de baz\u0103 de 280 +\/- 10 g\/m2 \u00een gri grafit cu inser\u021bii gri.<br \/>\nCaracteristic\u0103:<br \/>\n&#8211; \u021bes\u0103tura ofer\u0103 confort \u0219i ventila\u021bie excelent\u0103 la locul de munc\u0103,<br \/>\n&#8211; cusut profesional si estetica manopera,<br \/>\n&#8211; cus\u0103turi duble \u0219i o serie de ancore solide care \u00eent\u0103resc zonele deosebit de vulnerabile la rupere,<br \/>\n     &#8211; 5 buzunare dintre care dou\u0103 \u00eenchise cu clap\u0103 Velcro, un buzunar suplimentar pentru instrumente.<br \/>\n     &#8211; 2 buzunare pentru genunchi concepute pentru utilizare cu genunchiere deta\u0219abile,<br \/>\n     &#8211; stabilitate marimii si culorii dupa spalari repetate.<\/p>\n","protected":false},"featured_media":6461,"template":"","meta":[],"product_brand":[],"product_cat":[86,85,17],"product_tag":[],"class_list":{"0":"post-6451","1":"product","2":"type-product","3":"status-publish","4":"has-post-thumbnail","6":"product_cat-winter-work-pants-summer-clothing","7":"product_cat-winter-overalls-summer","8":"product_cat-clothing","10":"first","11":"instock","12":"shipping-taxable","13":"purchasable","14":"product-type-variable"},"acf":[],"aioseo_notices":[],"_links":{"self":[{"href":"https:\/\/protego.md\/ro\/wp-json\/wp\/v2\/product\/6451","targetHints":{"allow":["GET"]}}],"collection":[{"href":"https:\/\/protego.md\/ro\/wp-json\/wp\/v2\/product"}],"about":[{"href":"https:\/\/protego.md\/ro\/wp-json\/wp\/v2\/types\/product"}],"wp:featuredmedia":[{"embeddable":true,"href":"https:\/\/protego.md\/ro\/wp-json\/wp\/v2\/media\/6461"}],"wp:attachment":[{"href":"https:\/\/protego.md\/ro\/wp-json\/wp\/v2\/media?parent=6451"}],"wp:term":[{"taxonomy":"product_brand","embeddable":true,"href":"https:\/\/protego.md\/ro\/wp-json\/wp\/v2\/product_brand?post=6451"},{"taxonomy":"product_cat","embeddable":true,"href":"https:\/\/protego.md\/ro\/wp-json\/wp\/v2\/product_cat?post=6451"},{"taxonomy":"product_tag","embeddable":true,"href":"https:\/\/protego.md\/ro\/wp-json\/wp\/v2\/product_tag?post=6451"}],"curies":[{"name":"wp","href":"https:\/\/api.w.org\/{rel}","templated":true}]}}