{"id":6438,"date":"2024-02-09T11:46:43","date_gmt":"2024-02-09T08:46:43","guid":{"rendered":"https:\/\/protego.md\/?post_type=product&#038;p=6438"},"modified":"2024-02-12T16:40:39","modified_gmt":"2024-02-12T13:40:39","slug":"bryuki-rabochie-euroclasic","status":"publish","type":"product","link":"https:\/\/protego.md\/ro\/product\/bryuki-rabochie-euroclasic\/","title":{"rendered":"Pantaloni de lucru EUROCLASIC"},"content":{"rendered":"","protected":false},"excerpt":{"rendered":"<p>Pantaloni de protec\u021bie EUROCLASSIC, cu un design excep\u021bional de atractiv \u0219i func\u021bionalitate excelent\u0103. Fabricat dintr-o \u021bes\u0103tur\u0103 foarte rezistent\u0103, cu o compozi\u021bie de 80% poliester \u0219i 20% bumbac, cu un gramaj de 270 +\/- 10 g\/m\u00b2 \u0219i o \u021bes\u0103tur\u0103 puternic\u0103 \u0219i dens\u0103.<br \/>\nDescriere:<br \/>\n&#8211; cusut profesional si estetica manopera<br \/>\n&#8211; cus\u0103turi triple \u0219i numeroase cus\u0103turi solide care \u00eent\u0103resc locurile deosebit de expuse la rupere<\/p>\n<p>&#8211; elemente reflectorizante in fata si in spate &#8211; care sporesc siguranta utilizatorilor<br \/>\n&#8211; 9 buzunare func\u021bionale<br \/>\n&#8211; 2 buzunare pentru genunchi cu inchidere velcro, permitand folosirea genunchierelor detasabile. Buzunarele sunt \u00eent\u0103rite cu \u021bes\u0103tur\u0103 din poliester Oxford 600D, care se caracterizeaz\u0103 prin durabilitate ridicat\u0103, rezisten\u021b\u0103 la abraziune \u0219i trac\u021biune, precum \u0219i rezisten\u021b\u0103 la ap\u0103.<br \/>\n&#8211; inchidere frontala cu nasture si fermoar<br \/>\n&#8211; sistem comod si practic de reglare a circumferintei centurii cu elastice laterale<br \/>\n&#8211; contractie foarte scazuta &#8211; chiar si dupa spalari repetate<br \/>\n&#8211; stabilitatea culorii.<br \/>\nCuloare: grafit cu elemente gri \u0219i reflectorizante<\/p>\n","protected":false},"featured_media":6448,"template":"","meta":[],"product_brand":[],"product_cat":[86,85,17],"product_tag":[],"class_list":{"0":"post-6438","1":"product","2":"type-product","3":"status-publish","4":"has-post-thumbnail","6":"product_cat-winter-work-pants-summer-clothing","7":"product_cat-winter-overalls-summer","8":"product_cat-clothing","10":"first","11":"instock","12":"shipping-taxable","13":"purchasable","14":"product-type-variable"},"acf":[],"aioseo_notices":[],"_links":{"self":[{"href":"https:\/\/protego.md\/ro\/wp-json\/wp\/v2\/product\/6438","targetHints":{"allow":["GET"]}}],"collection":[{"href":"https:\/\/protego.md\/ro\/wp-json\/wp\/v2\/product"}],"about":[{"href":"https:\/\/protego.md\/ro\/wp-json\/wp\/v2\/types\/product"}],"wp:featuredmedia":[{"embeddable":true,"href":"https:\/\/protego.md\/ro\/wp-json\/wp\/v2\/media\/6448"}],"wp:attachment":[{"href":"https:\/\/protego.md\/ro\/wp-json\/wp\/v2\/media?parent=6438"}],"wp:term":[{"taxonomy":"product_brand","embeddable":true,"href":"https:\/\/protego.md\/ro\/wp-json\/wp\/v2\/product_brand?post=6438"},{"taxonomy":"product_cat","embeddable":true,"href":"https:\/\/protego.md\/ro\/wp-json\/wp\/v2\/product_cat?post=6438"},{"taxonomy":"product_tag","embeddable":true,"href":"https:\/\/protego.md\/ro\/wp-json\/wp\/v2\/product_tag?post=6438"}],"curies":[{"name":"wp","href":"https:\/\/api.w.org\/{rel}","templated":true}]}}