{"id":6327,"date":"2023-12-15T11:29:28","date_gmt":"2023-12-15T08:29:28","guid":{"rendered":"https:\/\/protego.md\/?post_type=product&#038;p=6327"},"modified":"2024-12-13T16:40:35","modified_gmt":"2024-12-13T13:40:35","slug":"kurtka-softshell-classwork","status":"publish","type":"product","link":"https:\/\/protego.md\/ro\/product\/kurtka-softshell-classwork\/","title":{"rendered":"Scurta Softshell ClassWORK"},"content":{"rendered":"","protected":false},"excerpt":{"rendered":"<p>O jachet\u0103 softshell cu un design excep\u021bional de atractiv, realizat\u0103 din: 94% poliester + 6% spandex cu acoperire TPU, gramaj 320 g\/m2 +\/- 10g\/m2, ofer\u0103 o protec\u021bie excelent\u0103 \u00eempotriva ploii (coloan\u0103 de ap\u0103 3000 mm) \u0219i v\u00e2ntului.<br \/>\nCaracteristic\u0103:<br \/>\ndungi reflectorizante \u0219i panglici pe m\u00e2neci \u0219i umeri,<br \/>\nprins cu fermoar, acoperit cu o clap\u0103 care protejeaz\u0103 \u00eempotriva v\u00e2ntului din interior,<br \/>\nare 3 buzunare exterioare &#8211; 2 buzunare laterale mari, 1 pe piept (a\u0219a-numitul Napoleon), toate cu fermoar,<br \/>\nglug\u0103 deta\u0219abil\u0103, reglabil\u0103 \u0219i guler ridicat,<br \/>\nfinisat cu un guler ridicat cu material moale la interior,<br \/>\nfundul reglabil al jachetei cu un \u0219nur elastic \u0219i dopuri &#8211; v\u0103 permite s\u0103 potrivi\u021bi cu precizie jacheta la silueta dvs.,<br \/>\nm\u00e2neci reglabile cu velcro.<br \/>\nCuloare: negru \u0219i galben fluorescent cu dungi reflectorizante<\/p>\n","protected":false},"featured_media":6333,"template":"","meta":[],"product_brand":[],"product_cat":[237,93,84,90,232,17],"product_tag":[],"class_list":{"0":"post-6327","1":"product","2":"type-product","3":"status-publish","4":"has-post-thumbnail","6":"product_cat-softshell","7":"product_cat-hanorac-batnik","8":"product_cat-winter-work-jacket-clothing","9":"product_cat-winter-work-jacket","10":"product_cat-svetootrazhayushhaya-odezhda","11":"product_cat-clothing","13":"first","14":"instock","15":"shipping-taxable","16":"purchasable","17":"product-type-variable"},"acf":[],"aioseo_notices":[],"_links":{"self":[{"href":"https:\/\/protego.md\/ro\/wp-json\/wp\/v2\/product\/6327","targetHints":{"allow":["GET"]}}],"collection":[{"href":"https:\/\/protego.md\/ro\/wp-json\/wp\/v2\/product"}],"about":[{"href":"https:\/\/protego.md\/ro\/wp-json\/wp\/v2\/types\/product"}],"wp:featuredmedia":[{"embeddable":true,"href":"https:\/\/protego.md\/ro\/wp-json\/wp\/v2\/media\/6333"}],"wp:attachment":[{"href":"https:\/\/protego.md\/ro\/wp-json\/wp\/v2\/media?parent=6327"}],"wp:term":[{"taxonomy":"product_brand","embeddable":true,"href":"https:\/\/protego.md\/ro\/wp-json\/wp\/v2\/product_brand?post=6327"},{"taxonomy":"product_cat","embeddable":true,"href":"https:\/\/protego.md\/ro\/wp-json\/wp\/v2\/product_cat?post=6327"},{"taxonomy":"product_tag","embeddable":true,"href":"https:\/\/protego.md\/ro\/wp-json\/wp\/v2\/product_tag?post=6327"}],"curies":[{"name":"wp","href":"https:\/\/api.w.org\/{rel}","templated":true}]}}