{"id":6285,"date":"2023-11-17T10:56:28","date_gmt":"2023-11-17T07:56:28","guid":{"rendered":"https:\/\/protego.md\/?post_type=product&#038;p=6285"},"modified":"2023-11-17T11:12:49","modified_gmt":"2023-11-17T08:12:49","slug":"perchatki-svarshhika-rsl","status":"publish","type":"product","link":"https:\/\/protego.md\/ro\/product\/perchatki-svarshhika-rsl\/","title":{"rendered":"Manusi de sudor RSL"},"content":{"rendered":"<p>M\u0103nu\u0219i de protec\u021bie rezistente la t\u0103iere, dintr-o \u021bes\u0103tur\u0103 special\u0103 tricotat\u0103 (PE-UHMW), f\u0103r\u0103 cus\u0103turi, acoperite cu poliuretan gri.<\/p>","protected":false},"excerpt":{"rendered":"<p>M\u0103nu\u0219i de protec\u021bie rezistente la t\u0103iere, dintr-o \u021bes\u0103tur\u0103 special\u0103 tricotat\u0103 (PE-UHMW), f\u0103r\u0103 cus\u0103turi, acoperite cu poliuretan gri.<\/p>\n","protected":false},"featured_media":6288,"template":"","meta":[],"product_brand":[],"product_cat":[100,78],"product_tag":[],"class_list":{"0":"post-6285","1":"product","2":"type-product","3":"status-publish","4":"has-post-thumbnail","6":"product_cat-arm-protection","7":"product_cat-individual-protect","9":"first","10":"instock","11":"shipping-taxable","12":"purchasable","13":"product-type-simple"},"acf":[],"aioseo_notices":[],"_links":{"self":[{"href":"https:\/\/protego.md\/ro\/wp-json\/wp\/v2\/product\/6285","targetHints":{"allow":["GET"]}}],"collection":[{"href":"https:\/\/protego.md\/ro\/wp-json\/wp\/v2\/product"}],"about":[{"href":"https:\/\/protego.md\/ro\/wp-json\/wp\/v2\/types\/product"}],"wp:featuredmedia":[{"embeddable":true,"href":"https:\/\/protego.md\/ro\/wp-json\/wp\/v2\/media\/6288"}],"wp:attachment":[{"href":"https:\/\/protego.md\/ro\/wp-json\/wp\/v2\/media?parent=6285"}],"wp:term":[{"taxonomy":"product_brand","embeddable":true,"href":"https:\/\/protego.md\/ro\/wp-json\/wp\/v2\/product_brand?post=6285"},{"taxonomy":"product_cat","embeddable":true,"href":"https:\/\/protego.md\/ro\/wp-json\/wp\/v2\/product_cat?post=6285"},{"taxonomy":"product_tag","embeddable":true,"href":"https:\/\/protego.md\/ro\/wp-json\/wp\/v2\/product_tag?post=6285"}],"curies":[{"name":"wp","href":"https:\/\/api.w.org\/{rel}","templated":true}]}}