{"id":6256,"date":"2023-11-06T13:34:34","date_gmt":"2023-11-06T10:34:34","guid":{"rendered":"https:\/\/protego.md\/?post_type=product&#038;p=6256"},"modified":"2023-11-06T13:41:21","modified_gmt":"2023-11-06T10:41:21","slug":"kurtka-zimnyaya-top-jack","status":"publish","type":"product","link":"https:\/\/protego.md\/ro\/product\/kurtka-zimnyaya-top-jack\/","title":{"rendered":"Scurta de iarna TOP JACK"},"content":{"rendered":"<p><\/p>\n<h4 class=\"tw-data-text tw-text-large tw-ta\" dir=\"ltr\" data-placeholder=\"Traducere\"><span class=\"Y2IQFc\" lang=\"ro\">Scurta de iarna c\u0103ptu\u0219it\u0103 din poliester Oxford 600D impermeabil cu impregnare PU, izola\u021bie din poliester, c\u0103ptu\u0219it\u0103 cu c\u0103ptu\u0219eal\u0103 din poliester matlasat\u0103 cu dungi orizontale.<br \/>\n<\/span><\/h4>\n<ul>\n<li id=\"tw-target-text\" class=\"tw-data-text tw-text-large tw-ta\" dir=\"ltr\" data-placeholder=\"Traducere\"><span class=\"Y2IQFc\" lang=\"ro\">Particularitati: se \u00eenchide cu fermoar, se \u00eenchide cu<\/span><span class=\"Y2IQFc\" lang=\"ro\"> nasturi, <\/span><\/li>\n<li class=\"tw-data-text tw-text-large tw-ta\" dir=\"ltr\" data-placeholder=\"Traducere\"><span class=\"Y2IQFc\" lang=\"ro\">guler ridicat \u00eempodobit cu l\u00e2n\u0103 moale, <\/span><\/li>\n<li class=\"tw-data-text tw-text-large tw-ta\" dir=\"ltr\" data-placeholder=\"Traducere\"><span class=\"Y2IQFc\" lang=\"ro\">glug\u0103 cu \u0219nur, deta\u0219abil\u0103 cu fermoar \u0219i ascuns\u0103 estetic \u00een buzunarele de pe gulerul ridicat, <\/span><\/li>\n<li class=\"tw-data-text tw-text-large tw-ta\" dir=\"ltr\" data-placeholder=\"Traducere\"><span class=\"Y2IQFc\" lang=\"ro\">m\u00e2neci finisate cu man\u0219et\u0103 elastic\u0103, reglare suplimentar\u0103 a man\u0219etei cu curea Velcro, <\/span><\/li>\n<li class=\"tw-data-text tw-text-large tw-ta\" dir=\"ltr\" data-placeholder=\"Traducere\"><span class=\"Y2IQFc\" lang=\"ro\">elemente reflectorizante pe partea din fa\u021b\u0103 \u0219i din spate a jachetei, precum \u0219i pe glug\u0103 \u0219i m\u00e2neci,<\/span><\/li>\n<li class=\"tw-data-text tw-text-large tw-ta\" dir=\"ltr\" data-placeholder=\"Traducere\"><span class=\"Y2IQFc\" lang=\"ro\">3 buzunare exterioare \u00eenchise cu fermoar, ascunse estetic sub clape, <\/span><\/li>\n<li class=\"tw-data-text tw-text-large tw-ta\" dir=\"ltr\" data-placeholder=\"Traducere\"><span class=\"Y2IQFc\" lang=\"ro\">1 buzunar exterior pe m\u00e2nec\u0103, \u00eenchis cu fermoar, 1 buzunar interior cu velcro, parbriz interior,<\/span><\/li>\n<li class=\"tw-data-text tw-text-large tw-ta\" dir=\"ltr\" data-placeholder=\"Traducere\"><span class=\"Y2IQFc\" lang=\"ro\">croire profesionala.<\/span><\/li>\n<\/ul>\n<pre id=\"tw-target-text\" class=\"tw-data-text tw-text-large tw-ta\" dir=\"ltr\" data-placeholder=\"Traducere\"><span class=\"Y2IQFc\" lang=\"ro\">\u00a0<\/span><\/pre>\n<p><\/p>","protected":false},"excerpt":{"rendered":"<p>\u0423\u0442\u0435\u043f\u043b\u0435\u043d\u043d\u0430\u044f \u043a\u0443\u0440\u0442\u043a\u0430, \u043e\u0431\u043e\u043b\u043e\u0447\u043a\u0430 \u0438\u0437 \u043f\u043e\u043b\u0438\u044d\u0441\u0442\u0435\u0440\u0430, \u043f\u0440\u043e\u043f\u0438\u0442\u0430\u043d\u043d\u043e\u0433\u043e \u041f\u0412\u0425, \u043f\u043b\u043e\u0442\u043d\u043e\u0441\u0442\u044c\u044e 230 \u0433\/\u043c2 (+\/- 10 \u0433\/\u043c2). \u041d\u0430\u0431\u0438\u0432\u043a\u0430 (180 \u0433\/\u043c\u00b2) \u0438 \u043f\u043e\u0434\u043a\u043b\u0430\u0434\u043a\u0430 \u0442\u0430\u043a\u0436\u0435 \u0438\u0437\u0433\u043e\u0442\u043e\u0432\u043b\u0435\u043d\u044b \u0438\u0437 \u043f\u043e\u043b\u0438\u044d\u0441\u0442\u0435\u0440\u0430.<br \/>\n\u041e\u043f\u0438\u0441\u0430\u043d\u0438\u0435:<br \/>\n\u043f\u0435\u0440\u0435\u0434\u043d\u044f\u044f \u0437\u0430\u0441\u0442\u0435\u0436\u043a\u0430 \u043d\u0430 \u043c\u043e\u043b\u043d\u0438\u0438 \u0441 \u0432\u0435\u0442\u0440\u043e\u0437\u0430\u0449\u0438\u0442\u043d\u043e\u0439 \u043f\u043b\u0430\u043d\u043a\u043e\u0439 \u043d\u0430 \u043a\u043d\u043e\u043f\u043a\u0430\u0445<br \/>\n\u0441\u044a\u0435\u043c\u043d\u044b\u0439 \u043a\u0430\u043f\u044e\u0448\u043e\u043d \u043d\u0430 \u043c\u043e\u043b\u043d\u0438\u0438, \u0440\u0435\u0433\u0443\u043b\u0438\u0440\u0443\u0435\u043c\u044b\u0439 \u0448\u043d\u0443\u0440\u043a\u043e\u043c \u0438 \u0437\u0430\u0441\u0442\u0435\u0433\u0438\u0432\u0430\u0435\u0442\u0441\u044f \u043d\u0430 \u043b\u0438\u043f\u0443\u0447\u043a\u0443.<br \/>\n3 \u0432\u043d\u0435\u0448\u043d\u0438\u0445 \u043a\u0430\u0440\u043c\u0430\u043d\u0430 \u043d\u0430 \u043c\u043e\u043b\u043d\u0438\u0438, 1 \u0432\u043d\u0443\u0442\u0440\u0435\u043d\u043d\u0438\u0439 \u043a\u0430\u0440\u043c\u0430\u043d \u043d\u0430 \u043b\u0438\u043f\u0443\u0447\u043a\u0435.<br \/>\n\u0440\u0435\u0433\u0443\u043b\u0438\u0440\u0443\u0435\u043c\u044b\u0439 \u043d\u0438\u0437 \u043a\u0443\u0440\u0442\u043a\u0438 \u0441 \u043a\u0443\u043b\u0438\u0441\u043a\u043e\u0439 \u0438 \u0441\u0442\u043e\u043f\u043e\u0440\u0430\u043c\u0438,<br \/>\n\u043c\u0430\u043d\u0436\u0435\u0442\u0430 \u0440\u0435\u0433\u0443\u043b\u0438\u0440\u0443\u0435\u0442\u0441\u044f \u0437\u0430\u0441\u0442\u0435\u0436\u043a\u043e\u0439-\u043b\u0438\u043f\u0443\u0447\u043a\u043e\u0439<br \/>\n\u0442\u0443\u043b\u043e\u0432\u0438\u0449\u0435 \u0438 \u043a\u0430\u043f\u044e\u0448\u043e\u043d \u0443\u0442\u0435\u043f\u043b\u0435\u043d\u044b \u0444\u043b\u0438\u0441\u043e\u043c<br \/>\n\u0423\u0434\u043e\u0431\u043d\u044b\u0435, \u043c\u044f\u0433\u043a\u0438\u0435, \u043d\u0435 \u0441\u043a\u043e\u0432\u044b\u0432\u0430\u044e\u0449\u0438\u0435 \u0434\u0432\u0438\u0436\u0435\u043d\u0438\u0439, \u0438\u0437\u043e\u043b\u0438\u0440\u043e\u0432\u0430\u043d\u043d\u044b\u0435 \u0438 \u0438\u0437\u0433\u043e\u0442\u043e\u0432\u043b\u0435\u043d\u043d\u044b\u0435 \u0438\u0437 \u043e\u0447\u0435\u043d\u044c \u043f\u0440\u043e\u0447\u043d\u044b\u0445 \u043c\u0430\u0442\u0435\u0440\u0438\u0430\u043b\u043e\u0432.<br \/>\n\u0420\u0435\u043a\u043e\u043c\u0435\u043d\u0434\u0443\u0435\u0442\u0441\u044f \u0434\u043b\u044f \u0440\u0430\u0431\u043e\u0442\u044b \u043e\u0441\u0435\u043d\u044c\u044e \u0438 \u0437\u0438\u043c\u043e\u0439.<\/p>\n","protected":false},"featured_media":6261,"template":"","meta":[],"product_brand":[],"product_cat":[90,17],"product_tag":[],"class_list":{"0":"post-6256","1":"product","2":"type-product","3":"status-publish","4":"has-post-thumbnail","6":"product_cat-winter-work-jacket","7":"product_cat-clothing","9":"first","10":"instock","11":"shipping-taxable","12":"purchasable","13":"product-type-variable"},"acf":[],"aioseo_notices":[],"_links":{"self":[{"href":"https:\/\/protego.md\/ro\/wp-json\/wp\/v2\/product\/6256","targetHints":{"allow":["GET"]}}],"collection":[{"href":"https:\/\/protego.md\/ro\/wp-json\/wp\/v2\/product"}],"about":[{"href":"https:\/\/protego.md\/ro\/wp-json\/wp\/v2\/types\/product"}],"wp:featuredmedia":[{"embeddable":true,"href":"https:\/\/protego.md\/ro\/wp-json\/wp\/v2\/media\/6261"}],"wp:attachment":[{"href":"https:\/\/protego.md\/ro\/wp-json\/wp\/v2\/media?parent=6256"}],"wp:term":[{"taxonomy":"product_brand","embeddable":true,"href":"https:\/\/protego.md\/ro\/wp-json\/wp\/v2\/product_brand?post=6256"},{"taxonomy":"product_cat","embeddable":true,"href":"https:\/\/protego.md\/ro\/wp-json\/wp\/v2\/product_cat?post=6256"},{"taxonomy":"product_tag","embeddable":true,"href":"https:\/\/protego.md\/ro\/wp-json\/wp\/v2\/product_tag?post=6256"}],"curies":[{"name":"wp","href":"https:\/\/api.w.org\/{rel}","templated":true}]}}