{"id":6088,"date":"2023-09-04T12:20:28","date_gmt":"2023-09-04T09:20:28","guid":{"rendered":"https:\/\/protego.md\/?post_type=product&#038;p=6088"},"modified":"2025-03-20T16:45:49","modified_gmt":"2025-03-20T13:45:49","slug":"kostyum-rabochij-s-polukombinezonom-euroclasic","status":"publish","type":"product","link":"https:\/\/protego.md\/ro\/product\/kostyum-rabochij-s-polukombinezonom-euroclasic\/","title":{"rendered":"Costum de protectie cu semisalopeta EUROCLASIC"},"content":{"rendered":"","protected":false},"excerpt":{"rendered":"<p>Costum de protectie pentru lucrari de constructii cu un design atractiv si material rezistent. caracteristici: compozitie 65% poliester si 35% bumbac, densitate 270+\/- 10 g\/m2, cusaturi triple si numeroase puncte de prindere de intarire, deosebit de predispuse la rupere, elemente reflectorizante pe spatele si fata pantalonilor &#8211; creste siguranta la locul de munca . 2 buzunare pentru genunchi cu velcro pentru a permite utilizarea genunchierelor \u00eenlocuibile. Buzunarele sunt \u00eent\u0103rite cu \u021bes\u0103tur\u0103 din poliester Oxford 600D, care este foarte durabil\u0103, rezistent\u0103 la abraziune \u0219i \u00eentindere, precum \u0219i impermeabil\u0103. sistem convenabil \u0219i practic de ajustare a circumferin\u021bei taliei cu ajutorul butoanelor.<\/p>\n","protected":false},"featured_media":6090,"template":"","meta":[],"product_brand":[],"product_cat":[83,17],"product_tag":[],"class_list":{"0":"post-6088","1":"product","2":"type-product","3":"status-publish","4":"has-post-thumbnail","6":"product_cat-summer-clothing-2","7":"product_cat-clothing","9":"first","10":"instock","11":"shipping-taxable","12":"purchasable","13":"product-type-variable"},"acf":[],"aioseo_notices":[],"_links":{"self":[{"href":"https:\/\/protego.md\/ro\/wp-json\/wp\/v2\/product\/6088","targetHints":{"allow":["GET"]}}],"collection":[{"href":"https:\/\/protego.md\/ro\/wp-json\/wp\/v2\/product"}],"about":[{"href":"https:\/\/protego.md\/ro\/wp-json\/wp\/v2\/types\/product"}],"wp:featuredmedia":[{"embeddable":true,"href":"https:\/\/protego.md\/ro\/wp-json\/wp\/v2\/media\/6090"}],"wp:attachment":[{"href":"https:\/\/protego.md\/ro\/wp-json\/wp\/v2\/media?parent=6088"}],"wp:term":[{"taxonomy":"product_brand","embeddable":true,"href":"https:\/\/protego.md\/ro\/wp-json\/wp\/v2\/product_brand?post=6088"},{"taxonomy":"product_cat","embeddable":true,"href":"https:\/\/protego.md\/ro\/wp-json\/wp\/v2\/product_cat?post=6088"},{"taxonomy":"product_tag","embeddable":true,"href":"https:\/\/protego.md\/ro\/wp-json\/wp\/v2\/product_tag?post=6088"}],"curies":[{"name":"wp","href":"https:\/\/api.w.org\/{rel}","templated":true}]}}