{"id":6033,"date":"2023-08-10T13:05:55","date_gmt":"2023-08-10T10:05:55","guid":{"rendered":"https:\/\/protego.md\/?post_type=product&#038;p=6033"},"modified":"2025-02-07T10:36:11","modified_gmt":"2025-02-07T07:36:11","slug":"bryuki-jeans-blue","status":"publish","type":"product","link":"https:\/\/protego.md\/ro\/product\/bryuki-jeans-blue\/","title":{"rendered":"Pantaloni JEANS BLUE"},"content":{"rendered":"<p class=\"qtranxs-available-languages-message qtranxs-available-languages-message-ro\">Din p\u0103cate acest articol este disponibil doar \u00een <a href=\"https:\/\/protego.md\/ru\/wp-json\/wp\/v2\/product\/6033\" class=\"qtranxs-available-language-link qtranxs-available-language-link-ru\" title=\"\u0420\u0443\u0441\u0441\u043a\u0438\u0439\">\u0420\u0443\u0441\u0441\u043a\u0438\u0439<\/a>.<\/p>","protected":false},"excerpt":{"rendered":"<p>Pantaloni de lucru JEANS STRETCH, cu un design excep\u021bional de atractiv \u0219i func\u021bionalitate perfect\u0103. Croiala confortabila si moderna, fara limitarea miscarilor, prin utilizarea unui material cu adaos de elastan. Fabricat din \u021bes\u0103tur\u0103 de cea mai \u00eenalt\u0103 calitate compus\u0103 din: 70% bumbac \u0219i 28% poliester, 2% elastan cu un gramaj de 3400 +\/- 10 g\/m\u00b2 \u0219i o \u021bes\u0103tur\u0103 puternic\u0103 \u0219i dens\u0103.<br \/>\nDescriere:<br \/>\n&#8211; cusut profesional si estetica manopera,<br \/>\n&#8211; genunchi intariti cu deschidere in partea de sus pentru genunchiere si inchidere cu velcro. Buzunarele sunt \u00eent\u0103rite cu \u021bes\u0103tur\u0103 din poliester, care se caracterizeaz\u0103 prin durabilitate ridicat\u0103, rezisten\u021b\u0103 la abraziune \u0219i \u00eentindere, de asemenea,<br \/>\n&#8211; cus\u0103turi duble \u0219i numeroase cus\u0103turi solide care \u00eent\u0103resc locurile deosebit de expuse la rupere,<br \/>\n&#8211; elemente reflectorizante pe spatele pantalonilor &#8211; sporind siguranta utilizatorului.<br \/>\n&#8211; 11 buzunare func\u021bionale, bucl\u0103 pentru ciocan \u0219i un ochi pentru ata\u0219area cheilor,<br \/>\n&#8211; prins cu nasture si fermoar in fata, banda elastica acoperita cusuta pe laterale pentru ajustare suplimentara,<br \/>\n&#8211; contractie foarte mica &#8211; chiar si dupa spalari repetate<br \/>\n&#8211; stabilitatea culorii.<\/p>\n","protected":false},"featured_media":6037,"template":"","meta":[],"product_brand":[],"product_cat":[86,17],"product_tag":[],"class_list":{"0":"post-6033","1":"product","2":"type-product","3":"status-publish","4":"has-post-thumbnail","6":"product_cat-winter-work-pants-summer-clothing","7":"product_cat-clothing","9":"first","10":"instock","11":"shipping-taxable","12":"purchasable","13":"product-type-variable"},"acf":[],"aioseo_notices":[],"_links":{"self":[{"href":"https:\/\/protego.md\/ro\/wp-json\/wp\/v2\/product\/6033","targetHints":{"allow":["GET"]}}],"collection":[{"href":"https:\/\/protego.md\/ro\/wp-json\/wp\/v2\/product"}],"about":[{"href":"https:\/\/protego.md\/ro\/wp-json\/wp\/v2\/types\/product"}],"wp:featuredmedia":[{"embeddable":true,"href":"https:\/\/protego.md\/ro\/wp-json\/wp\/v2\/media\/6037"}],"wp:attachment":[{"href":"https:\/\/protego.md\/ro\/wp-json\/wp\/v2\/media?parent=6033"}],"wp:term":[{"taxonomy":"product_brand","embeddable":true,"href":"https:\/\/protego.md\/ro\/wp-json\/wp\/v2\/product_brand?post=6033"},{"taxonomy":"product_cat","embeddable":true,"href":"https:\/\/protego.md\/ro\/wp-json\/wp\/v2\/product_cat?post=6033"},{"taxonomy":"product_tag","embeddable":true,"href":"https:\/\/protego.md\/ro\/wp-json\/wp\/v2\/product_tag?post=6033"}],"curies":[{"name":"wp","href":"https:\/\/api.w.org\/{rel}","templated":true}]}}