{"id":6002,"date":"2023-07-10T16:31:55","date_gmt":"2023-07-10T13:31:55","guid":{"rendered":"https:\/\/protego.md\/?post_type=product&#038;p=6002"},"modified":"2025-04-08T11:31:43","modified_gmt":"2025-04-08T08:31:43","slug":"giasco-gold-s7s-fo-boot","status":"publish","type":"product","link":"https:\/\/protego.md\/ro\/product\/giasco-gold-s7s-fo-boot\/","title":{"rendered":"GIASCO GOLD S7S FO BOOT"},"content":{"rendered":"","protected":false},"excerpt":{"rendered":"<p>Pantof de \u00eenalt\u0103 siguran\u021b\u0103, IDROTECH\u00ae WPA piele integral\u0103 grosime 1,8-2,0 mm<br \/>\nZona c\u0103lc\u00e2iului acoperit\u0103 cu PU, rezistent\u0103 la stres, cu rezisten\u021b\u0103 ridicat\u0103 la abraziune<br \/>\nC\u0103ptu\u0219eal\u0103 interioar\u0103 din membran\u0103 moale Windtex\u00ae rezistent\u0103 la ap\u0103, cu rezisten\u021b\u0103 foarte bun\u0103 la transpira\u021bie \u0219i abraziune.<br \/>\nPantof cu inser\u021bie din material refractor.<br \/>\nLimb\u0103 moale, c\u0103ptu\u0219it\u0103 \u0219i c\u0103ptu\u0219it\u0103.<br \/>\nPANTOF COMPLET F\u0102R\u0102 METAL<\/p>\n<p>TOECAP 200J compozit polimeric netermic conform EN 22568<br \/>\nPS INTERMEDIUL material compozit flexibil antiperforare conform EN 22568<br \/>\n3ULTRA SOLE poliuretan antistatic cu trei densit\u0103\u021bi, rezistent la hidroliz\u0103 ISO 5423:92,<br \/>\nla hidrocarburi \u0219i la abraziune, anti-\u0219oc \u0219i anti-alunecare.<br \/>\nInser\u021bie ANTITORSIONE \u00een talp\u0103 pentru a asigura stabilitate pe terenuri denivelate.<br \/>\nBRUT MEMORY Brant extra confort din trei materiale, cu perna Memory din latex moale, asigurand nici un stres in zona calcaiului si rezistenta la presiunea corpului.<br \/>\nTranspirant, deta\u0219abil, anatomic, absorbant, antistatic \u0219i antibacterian.<\/p>\n<p>FO rezisten\u021b\u0103 la hidrocarburi<br \/>\nCI izolant \u00eempotriva frigului p\u00e2n\u0103 la -17\u00b0<br \/>\nSC Overcap rezisten\u021b\u0103 la abraziune<br \/>\nPantof WR rezistent la apa<br \/>\nTalpa SR rezistenta la alunecare<\/p>\n<p>Marimea 37-49 Greutate marimea 42 gr.610<\/p>\n<p>* Greutatea este calculat\u0103 f\u0103r\u0103 \u0219ireturi \u0219i bran\u021b.<\/p>\n","protected":false},"featured_media":6004,"template":"","meta":[],"product_brand":[],"product_cat":[98,75,97],"product_tag":[],"class_list":{"0":"post-6002","1":"product","2":"type-product","3":"status-publish","4":"has-post-thumbnail","6":"product_cat-winter-shoes","7":"product_cat-footwear","8":"product_cat-summer-shoes","10":"first","11":"instock","12":"shipping-taxable","13":"purchasable","14":"product-type-variable"},"acf":[],"aioseo_notices":[],"_links":{"self":[{"href":"https:\/\/protego.md\/ro\/wp-json\/wp\/v2\/product\/6002","targetHints":{"allow":["GET"]}}],"collection":[{"href":"https:\/\/protego.md\/ro\/wp-json\/wp\/v2\/product"}],"about":[{"href":"https:\/\/protego.md\/ro\/wp-json\/wp\/v2\/types\/product"}],"wp:featuredmedia":[{"embeddable":true,"href":"https:\/\/protego.md\/ro\/wp-json\/wp\/v2\/media\/6004"}],"wp:attachment":[{"href":"https:\/\/protego.md\/ro\/wp-json\/wp\/v2\/media?parent=6002"}],"wp:term":[{"taxonomy":"product_brand","embeddable":true,"href":"https:\/\/protego.md\/ro\/wp-json\/wp\/v2\/product_brand?post=6002"},{"taxonomy":"product_cat","embeddable":true,"href":"https:\/\/protego.md\/ro\/wp-json\/wp\/v2\/product_cat?post=6002"},{"taxonomy":"product_tag","embeddable":true,"href":"https:\/\/protego.md\/ro\/wp-json\/wp\/v2\/product_tag?post=6002"}],"curies":[{"name":"wp","href":"https:\/\/api.w.org\/{rel}","templated":true}]}}