{"id":5980,"date":"2023-07-10T15:56:06","date_gmt":"2023-07-10T12:56:06","guid":{"rendered":"https:\/\/protego.md\/?post_type=product&#038;p=5980"},"modified":"2026-02-09T21:11:15","modified_gmt":"2026-02-09T18:11:15","slug":"giasco-borneo-s3-boot","status":"publish","type":"product","link":"https:\/\/protego.md\/ro\/product\/giasco-borneo-s3-boot\/","title":{"rendered":"GIASCO  BORNEO S3 BOOT"},"content":{"rendered":"","protected":false},"excerpt":{"rendered":"<p>Pantof de siguran\u021b\u0103 ridicat, \u021bes\u0103tur\u0103 tehnic\u0103 MICRO-tech grosime 1,8-2,0 mm.<br \/>\nCaptuseala din material rezistent la transpiratie si abraziune.<br \/>\nPantof cu inser\u021bie din material refractor.<br \/>\nLimb\u0103 moale, c\u0103ptu\u0219it\u0103 \u0219i c\u0103ptu\u0219it\u0103.<br \/>\nPANTOF COMPLET F\u0102R\u0102 METAL<\/p>\n<p>Pantoful satisface cerin\u021bele de rezisten\u021b\u0103 la alunecare pe acoperi\u0219uri \u00eenclinate conform UNI 11583:2015<br \/>\nTOECAP 200J compozit polimeric netermic conform EN 12568<br \/>\n\u021a\u0102S\u0102T\u0102 COMPOZIT\u0102 flexibil\u0103 antiperforare pentru talp\u0103 intermediar\u0103 conform EN 12568<br \/>\nSOLE 3HYBRID poliuretan cu trei densit\u0103\u021bi antistatic, rezistent la hidroliz\u0103 ISO 5423:92, la hidrocarburi \u0219i la abraziune, anti\u0219oc \u0219i anti-alunecare SRC<br \/>\nInser\u021bie ANTITORSIONE \u00een talp\u0103 pentru a asigura stabilitate pe teren neuniform<br \/>\nBRUT 5000 extracomfort din trei materiale: transpirant, detasabil, anatomic, absorbant, ESD si antibacterian<br \/>\nIncaltamintea satisface cerinta conform normei IEC 61340-4-3:2017 (IEC 61340-5-1:2016) pentru rezistenta electrica ESD<\/p>\n<p>M\u0103rimea 36-47 Greutatea pantofului M\u0103rimea 42 gr. 540<br \/>\n* Greutatea este calculat\u0103 f\u0103r\u0103 \u0219ireturi \u0219i bran\u021b.<\/p>\n","protected":false},"featured_media":5984,"template":"","meta":[],"product_brand":[],"product_cat":[98,75,97],"product_tag":[],"class_list":{"0":"post-5980","1":"product","2":"type-product","3":"status-publish","4":"has-post-thumbnail","6":"product_cat-winter-shoes","7":"product_cat-footwear","8":"product_cat-summer-shoes","10":"first","11":"instock","12":"shipping-taxable","13":"purchasable","14":"product-type-variable"},"acf":[],"aioseo_notices":[],"_links":{"self":[{"href":"https:\/\/protego.md\/ro\/wp-json\/wp\/v2\/product\/5980","targetHints":{"allow":["GET"]}}],"collection":[{"href":"https:\/\/protego.md\/ro\/wp-json\/wp\/v2\/product"}],"about":[{"href":"https:\/\/protego.md\/ro\/wp-json\/wp\/v2\/types\/product"}],"wp:featuredmedia":[{"embeddable":true,"href":"https:\/\/protego.md\/ro\/wp-json\/wp\/v2\/media\/5984"}],"wp:attachment":[{"href":"https:\/\/protego.md\/ro\/wp-json\/wp\/v2\/media?parent=5980"}],"wp:term":[{"taxonomy":"product_brand","embeddable":true,"href":"https:\/\/protego.md\/ro\/wp-json\/wp\/v2\/product_brand?post=5980"},{"taxonomy":"product_cat","embeddable":true,"href":"https:\/\/protego.md\/ro\/wp-json\/wp\/v2\/product_cat?post=5980"},{"taxonomy":"product_tag","embeddable":true,"href":"https:\/\/protego.md\/ro\/wp-json\/wp\/v2\/product_tag?post=5980"}],"curies":[{"name":"wp","href":"https:\/\/api.w.org\/{rel}","templated":true}]}}