{"id":5930,"date":"2023-07-10T12:52:01","date_gmt":"2023-07-10T09:52:01","guid":{"rendered":"https:\/\/protego.md\/?post_type=product&#038;p=5930"},"modified":"2024-12-13T16:41:20","modified_gmt":"2024-12-13T13:41:20","slug":"kurtka-lady-softsell-tsvet-krasnyj","status":"publish","type":"product","link":"https:\/\/protego.md\/ro\/product\/kurtka-lady-softsell-tsvet-krasnyj\/","title":{"rendered":"Jacheta LADY SOFTSELL culoarea rosu"},"content":{"rendered":"","protected":false},"excerpt":{"rendered":"<p>JACHETA LADY SOFTSHELL<\/p>\n<p>Geaca de dama prinsa cu fermoar lung. Buzunare laterale.<br \/>\n\u021aes\u0103tur\u0103 respirabil\u0103 cu trei straturi la interior finisat\u0103 cu l\u00e2n\u0103.<br \/>\nRezistent la ap\u0103: 3000 mm. Respirabilitate: 3000g\/m2. windstop. 300 g\/m\u00b2<br \/>\nStrat exterior: 95% poliester \/ 5% elastan<br \/>\nStrat interior: 100% poliester<\/p>\n<p>Greutate: 300 g<\/p>\n","protected":false},"featured_media":5928,"template":"","meta":[],"product_brand":[],"product_cat":[237,93,84,90,17],"product_tag":[],"class_list":{"0":"post-5930","1":"product","2":"type-product","3":"status-publish","4":"has-post-thumbnail","6":"product_cat-softshell","7":"product_cat-hanorac-batnik","8":"product_cat-winter-work-jacket-clothing","9":"product_cat-winter-work-jacket","10":"product_cat-clothing","12":"first","13":"instock","14":"shipping-taxable","15":"purchasable","16":"product-type-variable"},"acf":[],"aioseo_notices":[],"_links":{"self":[{"href":"https:\/\/protego.md\/ro\/wp-json\/wp\/v2\/product\/5930","targetHints":{"allow":["GET"]}}],"collection":[{"href":"https:\/\/protego.md\/ro\/wp-json\/wp\/v2\/product"}],"about":[{"href":"https:\/\/protego.md\/ro\/wp-json\/wp\/v2\/types\/product"}],"wp:featuredmedia":[{"embeddable":true,"href":"https:\/\/protego.md\/ro\/wp-json\/wp\/v2\/media\/5928"}],"wp:attachment":[{"href":"https:\/\/protego.md\/ro\/wp-json\/wp\/v2\/media?parent=5930"}],"wp:term":[{"taxonomy":"product_brand","embeddable":true,"href":"https:\/\/protego.md\/ro\/wp-json\/wp\/v2\/product_brand?post=5930"},{"taxonomy":"product_cat","embeddable":true,"href":"https:\/\/protego.md\/ro\/wp-json\/wp\/v2\/product_cat?post=5930"},{"taxonomy":"product_tag","embeddable":true,"href":"https:\/\/protego.md\/ro\/wp-json\/wp\/v2\/product_tag?post=5930"}],"curies":[{"name":"wp","href":"https:\/\/api.w.org\/{rel}","templated":true}]}}