{"id":5861,"date":"2023-06-29T15:18:30","date_gmt":"2023-06-29T12:18:30","guid":{"rendered":"https:\/\/protego.md\/?post_type=product&#038;p=5861"},"modified":"2024-12-13T16:40:43","modified_gmt":"2024-12-13T13:40:43","slug":"kurtka-softshell-packer-grey","status":"publish","type":"product","link":"https:\/\/protego.md\/ro\/product\/kurtka-softshell-packer-grey\/","title":{"rendered":"Scurta Softshell Packer Grey"},"content":{"rendered":"","protected":false},"excerpt":{"rendered":"<p>Jachet\u0103 softshell. Fabricat din 94% poliester + 6% spandex cu folie TPU, gsm 320 g\/m2+\/- 10g\/m2, care ofer\u0103 o protec\u021bie excelent\u0103 \u00eempotriva v\u00e2ntului \u0219i ploii (coloan\u0103 de ap\u0103 3000mm).<br \/>\nDescriere:<br \/>\n    elemente reflectorizante pe partea din fa\u021b\u0103 \u0219i din spate a jachetei,<br \/>\n    inchidere frontala cu fermoar &#8211; de buna calitate, fermoar anti vant,<br \/>\n    6 buzunare exterioare &#8211; 4 buzunare cu fermoar anti vant, 2 buzunare cu clape cu velcro<br \/>\n    3 buzunare interioare<br \/>\n    finisat cu guler ridicat cu material moale la interior,<br \/>\n    partea inferioar\u0103 reglabil\u0103 a jachetei cu \u0219nur cu un singur tiv &#8211; v\u0103 permite s\u0103 potrivi\u021bi jacheta la silueta,<br \/>\n    m\u00e2neci reglabile cu velcro,<br \/>\n    protector pentru b\u0103rbie.<\/p>\n","protected":false},"featured_media":5863,"template":"","meta":[],"product_brand":[],"product_cat":[237,93,84,90,17],"product_tag":[],"class_list":{"0":"post-5861","1":"product","2":"type-product","3":"status-publish","4":"has-post-thumbnail","6":"product_cat-softshell","7":"product_cat-hanorac-batnik","8":"product_cat-winter-work-jacket-clothing","9":"product_cat-winter-work-jacket","10":"product_cat-clothing","12":"first","13":"instock","14":"shipping-taxable","15":"purchasable","16":"product-type-variable"},"acf":[],"aioseo_notices":[],"_links":{"self":[{"href":"https:\/\/protego.md\/ro\/wp-json\/wp\/v2\/product\/5861","targetHints":{"allow":["GET"]}}],"collection":[{"href":"https:\/\/protego.md\/ro\/wp-json\/wp\/v2\/product"}],"about":[{"href":"https:\/\/protego.md\/ro\/wp-json\/wp\/v2\/types\/product"}],"wp:featuredmedia":[{"embeddable":true,"href":"https:\/\/protego.md\/ro\/wp-json\/wp\/v2\/media\/5863"}],"wp:attachment":[{"href":"https:\/\/protego.md\/ro\/wp-json\/wp\/v2\/media?parent=5861"}],"wp:term":[{"taxonomy":"product_brand","embeddable":true,"href":"https:\/\/protego.md\/ro\/wp-json\/wp\/v2\/product_brand?post=5861"},{"taxonomy":"product_cat","embeddable":true,"href":"https:\/\/protego.md\/ro\/wp-json\/wp\/v2\/product_cat?post=5861"},{"taxonomy":"product_tag","embeddable":true,"href":"https:\/\/protego.md\/ro\/wp-json\/wp\/v2\/product_tag?post=5861"}],"curies":[{"name":"wp","href":"https:\/\/api.w.org\/{rel}","templated":true}]}}