{"id":5653,"date":"2023-06-06T15:19:00","date_gmt":"2023-06-06T12:19:00","guid":{"rendered":"https:\/\/protego.md\/?post_type=product&#038;p=5653"},"modified":"2023-06-21T15:34:52","modified_gmt":"2023-06-21T12:34:52","slug":"giasco-ibiza-s3","status":"publish","type":"product","link":"https:\/\/protego.md\/ro\/product\/giasco-ibiza-s3\/","title":{"rendered":"GIASCO IBIZA S3"},"content":{"rendered":"","protected":false},"excerpt":{"rendered":"<p>[playlist type=\"video\" ids=\"5628\"]Pantof de protectie, material tehnic MICRO-tech grosime 1,8-2,0 mm,<br \/>\n\u021bes\u0103tur\u0103 Putek\u00ae rezistent\u0103 la transpira\u021bie \u0219i la abraziune<br \/>\nCaptuseala din material rezistent la transpiratie si abraziune.<br \/>\nPantof cu inser\u021bie din material refractor.<br \/>\nLimb\u0103 moale, c\u0103ptu\u0219it\u0103 \u0219i c\u0103ptu\u0219it\u0103.<br \/>\nPANTOF COMPLET F\u0102R\u0102 METAL<br \/>\nTOECAP 200J compozit polimeric netermic conform EN 22568<br \/>\nPL MIDSOLE \u021bes\u0103tur\u0103 compozit\u0103 flexibil\u0103 antiperforare conform EN 22568<br \/>\nSOLE 3HYBRID poliuretan cu trei densit\u0103\u021bi antistatic, rezistent la hidroliz\u0103 ISO 5423:92, la hidrocarburi \u0219i la abraziune, anti-\u0219oc \u0219i anti-alunecare<br \/>\nInser\u021bie ANTITORSIONE \u00een talp\u0103 pentru a asigura stabilitate pe teren neuniform<br \/>\nBRUT 5000 extracomfort din trei materiale: transpirant, detasabil, anatomic, absorbant, ESD si antibacterian<br \/>\nIncaltamintea satisface cerinta conform normei IEC 61340-4-3:2017 (IEC 61340-5-1:2016) pentru rezistenta electrica ESD<br \/>\nTalp\u0103 FO rezistent\u0103 la hidrocarburi<br \/>\nSR rezistenta la antiderapare<\/p>\n<p>M\u0103rimea 36-47 greutate pantof M\u0103rimea 42 gr. 495<\/p>\n","protected":false},"featured_media":5830,"template":"","meta":[],"product_brand":[],"product_cat":[75,97],"product_tag":[],"class_list":{"0":"post-5653","1":"product","2":"type-product","3":"status-publish","4":"has-post-thumbnail","6":"product_cat-footwear","7":"product_cat-summer-shoes","9":"first","10":"onbackorder","11":"shipping-taxable","12":"purchasable","13":"product-type-variable"},"acf":[],"aioseo_notices":[],"_links":{"self":[{"href":"https:\/\/protego.md\/ro\/wp-json\/wp\/v2\/product\/5653","targetHints":{"allow":["GET"]}}],"collection":[{"href":"https:\/\/protego.md\/ro\/wp-json\/wp\/v2\/product"}],"about":[{"href":"https:\/\/protego.md\/ro\/wp-json\/wp\/v2\/types\/product"}],"wp:featuredmedia":[{"embeddable":true,"href":"https:\/\/protego.md\/ro\/wp-json\/wp\/v2\/media\/5830"}],"wp:attachment":[{"href":"https:\/\/protego.md\/ro\/wp-json\/wp\/v2\/media?parent=5653"}],"wp:term":[{"taxonomy":"product_brand","embeddable":true,"href":"https:\/\/protego.md\/ro\/wp-json\/wp\/v2\/product_brand?post=5653"},{"taxonomy":"product_cat","embeddable":true,"href":"https:\/\/protego.md\/ro\/wp-json\/wp\/v2\/product_cat?post=5653"},{"taxonomy":"product_tag","embeddable":true,"href":"https:\/\/protego.md\/ro\/wp-json\/wp\/v2\/product_tag?post=5653"}],"curies":[{"name":"wp","href":"https:\/\/api.w.org\/{rel}","templated":true}]}}