{"id":5630,"date":"2023-06-06T14:03:45","date_gmt":"2023-06-06T11:03:45","guid":{"rendered":"https:\/\/protego.md\/?post_type=product&#038;p=5630"},"modified":"2026-02-09T20:26:58","modified_gmt":"2026-02-09T17:26:58","slug":"giasco-fox-s3","status":"publish","type":"product","link":"https:\/\/protego.md\/ro\/product\/giasco-fox-s3\/","title":{"rendered":"GIASCO FOX S3"},"content":{"rendered":"<p><strong>LEOPARD S1P<\/strong><\/p>\n<p>CE UNI EN ISO 20345:2012 S1P SRC ESD<br \/>\nPantof de siguran\u021b\u0103 , piele naturala cu grosimea de 1,8-2,0 mm cu material tehnic extern rezistent la transpira\u021bie \u0219i abraziune.<br \/>\nPantof cu inser\u021bie din material refractor.<br \/>\nLimb\u0103 moale c\u0103ptu\u0219it\u0103<br \/>\nPANTOF COMPLET F\u0102R\u0102 METAL<\/p>\n<p>Bombeu din material compozit polimeric netermic rezistent la 200J conform EN 12568<br \/>\nTalpa flexbila antiperforare din material compozit conform EN 12568<br \/>\n<strong>Talpa 3MOVE poliuretan cu trei densit\u0103\u021bi<\/strong> antistatic, rezistent la hidroliz\u0103 ISO 5423:92, la hidrocarburi \u0219i la abraziune, anti\u0219oc \u0219i anti-alunecare SRC<br \/>\nInser\u021bie ANTITORSIONE \u00een talp\u0103 pentru a asigura stabilitate pe teren neuniform<br \/>\nBRUT MEMORY, bran\u021b extracomfort din trei materiale cu latex moale Memory f\u0103r\u0103 stres \u00een zona c\u0103lc\u00e2iului \u0219i \u00een punctul de \u00eendoire, rezistent la presiunea corpului.<br \/>\nTranspirant, deta\u0219abil, anatomic, absorbant, antistatic \u0219i antibacterian<br \/>\nIncaltamintea satisface cerinta conform normei IEC 61340-4-3:2017 (IEC 61340-5-1:2016) pentru rezistenta electrica ESD<\/p>\n<p><div style=\"width: 1280px;\" class=\"wp-video\"><video class=\"wp-video-shortcode\" id=\"video-5630-1\" width=\"1280\" height=\"720\" preload=\"metadata\" controls=\"controls\"><source type=\"video\/mp4\" src=\"https:\/\/protego.md\/wp-content\/uploads\/2023\/06\/Giasco-Safety-Shoes-presents-the-Ergonomic-Line.mp4?_=1\" \/><a href=\"https:\/\/protego.md\/wp-content\/uploads\/2023\/06\/Giasco-Safety-Shoes-presents-the-Ergonomic-Line.mp4\">https:\/\/protego.md\/wp-content\/uploads\/2023\/06\/Giasco-Safety-Shoes-presents-the-Ergonomic-Line.mp4<\/a><\/video><\/div><\/p>","protected":false},"excerpt":{"rendered":"<p>Pantof de siguran\u021b\u0103 mic, \u021bes\u0103tur\u0103 tehnic\u0103 MICRO-tech grosime 1,8-2,0 mm.<br \/>\n\u021aes\u0103tur\u0103 tehnic\u0103 extern\u0103 \u0219i band\u0103 reflectorizant\u0103<br \/>\nC\u0103ptu\u0219eal\u0103 din \u021bes\u0103tur\u0103 foarte transpirat\u0103 \u0219i rezistent\u0103 la abraziune.<br \/>\nLimb\u0103 moale, c\u0103ptu\u0219it\u0103 \u0219i c\u0103ptu\u0219it\u0103.<br \/>\nPANTOF COMPLET F\u0102R\u0102 METAL<\/p>\n<p>TOECAP 200J compozit polimeric netermic conform EN 12568<br \/>\n\u021a\u0102S\u0102T\u0102 COMPOZIT\u0102 flexibil\u0103 antiperforare pentru talp\u0103 intermediar\u0103 conform EN 12568<br \/>\nSOLE 3MOVE poliuretan cu trei densit\u0103\u021bi antistatic, rezistent la hidroliz\u0103 ISO 5423:92, la hidrocarburi \u0219i la abraziune, anti\u0219oc \u0219i anti-alunecare SRC<br \/>\nInser\u021bie ANTITORSIONE \u00een talp\u0103 pentru a asigura stabilitate pe teren neuniform<br \/>\nBRUT MEMORY, bran\u021b extracomfort din trei materiale cu latex moale Memory f\u0103r\u0103 stres \u00een zona c\u0103lc\u00e2iului \u0219i \u00een punctul de \u00eendoire, rezistent la presiunea corpului.<br \/>\nTranspirant, deta\u0219abil, anatomic, absorbant, antistatic \u0219i antibacterian<br \/>\nIncaltamintea satisface cerinta conform normei IEC 61340-4-3:2017 (IEC 61340-5-1:2016) pentru rezistenta electrica ESD<\/p>\n<p>M\u0103rimea 36-47 Greutatea pantofului M\u0103rimea 42 gr. 510<\/p>\n","protected":false},"featured_media":5832,"template":"","meta":[],"product_brand":[],"product_cat":[75,97],"product_tag":[],"class_list":{"0":"post-5630","1":"product","2":"type-product","3":"status-publish","4":"has-post-thumbnail","6":"product_cat-footwear","7":"product_cat-summer-shoes","9":"first","10":"onbackorder","11":"shipping-taxable","12":"purchasable","13":"product-type-variable"},"acf":[],"aioseo_notices":[],"_links":{"self":[{"href":"https:\/\/protego.md\/ro\/wp-json\/wp\/v2\/product\/5630","targetHints":{"allow":["GET"]}}],"collection":[{"href":"https:\/\/protego.md\/ro\/wp-json\/wp\/v2\/product"}],"about":[{"href":"https:\/\/protego.md\/ro\/wp-json\/wp\/v2\/types\/product"}],"wp:featuredmedia":[{"embeddable":true,"href":"https:\/\/protego.md\/ro\/wp-json\/wp\/v2\/media\/5832"}],"wp:attachment":[{"href":"https:\/\/protego.md\/ro\/wp-json\/wp\/v2\/media?parent=5630"}],"wp:term":[{"taxonomy":"product_brand","embeddable":true,"href":"https:\/\/protego.md\/ro\/wp-json\/wp\/v2\/product_brand?post=5630"},{"taxonomy":"product_cat","embeddable":true,"href":"https:\/\/protego.md\/ro\/wp-json\/wp\/v2\/product_cat?post=5630"},{"taxonomy":"product_tag","embeddable":true,"href":"https:\/\/protego.md\/ro\/wp-json\/wp\/v2\/product_tag?post=5630"}],"curies":[{"name":"wp","href":"https:\/\/api.w.org\/{rel}","templated":true}]}}