{"id":5531,"date":"2023-04-18T12:31:52","date_gmt":"2023-04-18T09:31:52","guid":{"rendered":"https:\/\/protego.md\/?post_type=product&#038;p=5531"},"modified":"2023-06-20T13:36:41","modified_gmt":"2023-06-20T10:36:41","slug":"botinki-zashhitnye-safety-boy-s1p","status":"publish","type":"product","link":"https:\/\/protego.md\/ro\/product\/botinki-zashhitnye-safety-boy-s1p\/","title":{"rendered":"Bocanci de protectie SAFETY BOY S1P"},"content":{"rendered":"","protected":false},"excerpt":{"rendered":"<p>Mediu<br \/>\nSAFETYBOY S1P<br \/>\nCizm\u0103 de siguran\u021b\u0103 din piele cu t\u0103ietur\u0103 medie pentru<br \/>\nprotec\u021bie zilnic\u0103<br \/>\nPartea superioar\u0103 Action Against Hunger<br \/>\nC\u0103ptu\u0219eal\u0103 Plas\u0103<br \/>\nTalp\u0103 pentru picioare SJ Eco<br \/>\nTalp\u0103 intermediar\u0103 O\u0163el<br \/>\nTalp\u0103 exterioar\u0103 PU<br \/>\nToecap O\u0163el<br \/>\nStandard de siguran\u021b\u0103 S1P \/ SRC<br \/>\nGama de dimensiuni EU 35-48 \/ UK 3.0-13.0 \/ US 3.0-13.5<br \/>\nJPN 21.5-31.5 \/ KOR 230-315<br \/>\nGreutatea e\u0219antionului 0.639 kg<br \/>\nNorme EN ISO 20345:2011<br \/>\nASTM F2413:2018<\/p>\n","protected":false},"featured_media":5805,"template":"","meta":[],"product_brand":[],"product_cat":[75,97],"product_tag":[],"class_list":{"0":"post-5531","1":"product","2":"type-product","3":"status-publish","4":"has-post-thumbnail","6":"product_cat-footwear","7":"product_cat-summer-shoes","9":"first","10":"instock","11":"shipping-taxable","12":"purchasable","13":"product-type-variable"},"acf":[],"aioseo_notices":[],"_links":{"self":[{"href":"https:\/\/protego.md\/ro\/wp-json\/wp\/v2\/product\/5531","targetHints":{"allow":["GET"]}}],"collection":[{"href":"https:\/\/protego.md\/ro\/wp-json\/wp\/v2\/product"}],"about":[{"href":"https:\/\/protego.md\/ro\/wp-json\/wp\/v2\/types\/product"}],"wp:featuredmedia":[{"embeddable":true,"href":"https:\/\/protego.md\/ro\/wp-json\/wp\/v2\/media\/5805"}],"wp:attachment":[{"href":"https:\/\/protego.md\/ro\/wp-json\/wp\/v2\/media?parent=5531"}],"wp:term":[{"taxonomy":"product_brand","embeddable":true,"href":"https:\/\/protego.md\/ro\/wp-json\/wp\/v2\/product_brand?post=5531"},{"taxonomy":"product_cat","embeddable":true,"href":"https:\/\/protego.md\/ro\/wp-json\/wp\/v2\/product_cat?post=5531"},{"taxonomy":"product_tag","embeddable":true,"href":"https:\/\/protego.md\/ro\/wp-json\/wp\/v2\/product_tag?post=5531"}],"curies":[{"name":"wp","href":"https:\/\/api.w.org\/{rel}","templated":true}]}}