{"id":5515,"date":"2023-04-05T14:49:22","date_gmt":"2023-04-05T11:49:22","guid":{"rendered":"https:\/\/protego.md\/?post_type=product&#038;p=5515"},"modified":"2025-02-07T10:41:56","modified_gmt":"2025-02-07T07:41:56","slug":"bryukt-trikotazhnye-flexer","status":"publish","type":"product","link":"https:\/\/protego.md\/ro\/product\/bryukt-trikotazhnye-flexer\/","title":{"rendered":"Pantaloni de lucru Flexer"},"content":{"rendered":"<p>Salopet\u0103 clasic\u0103 &#8211; design atractiv \u0219i func\u021bionalitate excelent\u0103. Fabricat dintr-o \u021bes\u0103tur\u0103 specializat\u0103 foarte rezistent\u0103 &#8211; p\u00e2nz\u0103 (80% poliester \u0219i 20% bumbac) cu o greutate foarte mare: 270 +\/- 10 grame\/m2 \u0219i o \u021bes\u0103tur\u0103 str\u00e2ns\u0103 puternic\u0103.<\/p>","protected":false},"excerpt":{"rendered":"<p>Salopet\u0103 clasic\u0103 &#8211; design atractiv \u0219i func\u021bionalitate excelent\u0103. Fabricat dintr-o \u021bes\u0103tur\u0103 specializat\u0103 foarte rezistent\u0103 &#8211; p\u00e2nz\u0103 (80% poliester \u0219i 20% bumbac) cu o greutate foarte mare: 270 +\/- 10 grame\/m2 \u0219i o \u021bes\u0103tur\u0103 str\u00e2ns\u0103 puternic\u0103.<\/p>\n","protected":false},"featured_media":5479,"template":"","meta":[],"product_brand":[],"product_cat":[86],"product_tag":[],"class_list":{"0":"post-5515","1":"product","2":"type-product","3":"status-publish","4":"has-post-thumbnail","6":"product_cat-winter-work-pants-summer-clothing","8":"first","9":"instock","10":"shipping-taxable","11":"purchasable","12":"product-type-variable"},"acf":[],"aioseo_notices":[],"_links":{"self":[{"href":"https:\/\/protego.md\/ro\/wp-json\/wp\/v2\/product\/5515","targetHints":{"allow":["GET"]}}],"collection":[{"href":"https:\/\/protego.md\/ro\/wp-json\/wp\/v2\/product"}],"about":[{"href":"https:\/\/protego.md\/ro\/wp-json\/wp\/v2\/types\/product"}],"wp:featuredmedia":[{"embeddable":true,"href":"https:\/\/protego.md\/ro\/wp-json\/wp\/v2\/media\/5479"}],"wp:attachment":[{"href":"https:\/\/protego.md\/ro\/wp-json\/wp\/v2\/media?parent=5515"}],"wp:term":[{"taxonomy":"product_brand","embeddable":true,"href":"https:\/\/protego.md\/ro\/wp-json\/wp\/v2\/product_brand?post=5515"},{"taxonomy":"product_cat","embeddable":true,"href":"https:\/\/protego.md\/ro\/wp-json\/wp\/v2\/product_cat?post=5515"},{"taxonomy":"product_tag","embeddable":true,"href":"https:\/\/protego.md\/ro\/wp-json\/wp\/v2\/product_tag?post=5515"}],"curies":[{"name":"wp","href":"https:\/\/api.w.org\/{rel}","templated":true}]}}