{"id":4849,"date":"2022-09-13T09:29:07","date_gmt":"2022-09-13T06:29:07","guid":{"rendered":"https:\/\/protego.md\/?post_type=product&#038;p=4849"},"modified":"2026-03-02T15:54:37","modified_gmt":"2026-03-02T12:54:37","slug":"botinki-cador-s1p-mid","status":"publish","type":"product","link":"https:\/\/protego.md\/ro\/product\/botinki-cador-s1p-mid\/","title":{"rendered":"Papuci CADOR S1P MID"},"content":{"rendered":"<p>Plas\u0103 superioar\u0103<br \/>\nC\u0103ptu\u0219eal\u0103 din plas\u0103 3D<br \/>\nBran\u021b Bran\u021b din spum\u0103 SJ<br \/>\nBrant de protectie Metal<br \/>\nTalp\u0103 PU\/PU<br \/>\nDeget de la picioare Metal<br \/>\nStandard de siguran\u021b\u0103 S1P \/ ESD, SRC<\/p>","protected":false},"excerpt":{"rendered":"<p>\u00cenc\u0103l\u021b\u0103minte de siguran\u021b\u0103 durabil\u0103 S1P pentru diverse industrii<br \/>\n\u00cenc\u0103l\u021b\u0103mintea de siguran\u021b\u0103 sportiv\u0103 CADOR SP1 MID de la Safety Jogger, cu talie medie, este cea mai bun\u0103 op\u021biune, conceput\u0103 pentru a proteja \u0219i sus\u021bine. Creat\u0103 special pentru industrii precum asamblarea \u0219i industria auto, se m\u00e2ndre\u0219te cu o talp\u0103 intermediar\u0103 din o\u021bel rezistent\u0103 la perforare \u0219i un v\u00e2rf robust din o\u021bel pentru a v\u0103 proteja picioarele de obiectele care cad. Rezisten\u021ba la alunecare SR asigur\u0103 o aderen\u021b\u0103 ferm\u0103 pe orice suprafa\u021b\u0103, \u00een timp ce func\u021bia ESD previne poten\u021bialele daune cauzate de sc\u00e2nteile statice. Tehnologia inovatoare v\u0103 men\u021bine picioarele reci \u0219i uscate, sporind confortul pe tot parcursul zilei de lucru. Brantul deta\u0219abil \u0219i personalizabil ofer\u0103 flexibilitatea de a-l ajusta \u00een func\u021bie de confortul dvs. sau de a-l \u00eenlocui cu bran\u021buri ortopedice. Bucura\u021bi-v\u0103 de beneficiile multiple ale acestui pantof, inclusiv ameliorarea durerii posturale.<\/p>\n<p>Brant deta\u0219abil<br \/>\nRezistent la alunecare<br \/>\nTalp\u0103 intermediar\u0103 rezistent\u0103 la perforare<br \/>\nProtec\u021bie antizg\u00e2rieturi<br \/>\n\u00cenc\u0103l\u021b\u0103minte certificat\u0103 ESD<br \/>\nBrant personalizabil<br \/>\nRespirabil<br \/>\nProtec\u021bie pentru degete<br \/>\nPotrivire ortopedic\u0103 (Neskrid)<\/p>\n","protected":false},"featured_media":5780,"template":"","meta":[],"product_brand":[],"product_cat":[98,75,97],"product_tag":[],"class_list":{"0":"post-4849","1":"product","2":"type-product","3":"status-publish","4":"has-post-thumbnail","6":"product_cat-winter-shoes","7":"product_cat-footwear","8":"product_cat-summer-shoes","10":"first","11":"instock","12":"shipping-taxable","13":"purchasable","14":"product-type-variable"},"acf":[],"aioseo_notices":[],"_links":{"self":[{"href":"https:\/\/protego.md\/ro\/wp-json\/wp\/v2\/product\/4849","targetHints":{"allow":["GET"]}}],"collection":[{"href":"https:\/\/protego.md\/ro\/wp-json\/wp\/v2\/product"}],"about":[{"href":"https:\/\/protego.md\/ro\/wp-json\/wp\/v2\/types\/product"}],"wp:featuredmedia":[{"embeddable":true,"href":"https:\/\/protego.md\/ro\/wp-json\/wp\/v2\/media\/5780"}],"wp:attachment":[{"href":"https:\/\/protego.md\/ro\/wp-json\/wp\/v2\/media?parent=4849"}],"wp:term":[{"taxonomy":"product_brand","embeddable":true,"href":"https:\/\/protego.md\/ro\/wp-json\/wp\/v2\/product_brand?post=4849"},{"taxonomy":"product_cat","embeddable":true,"href":"https:\/\/protego.md\/ro\/wp-json\/wp\/v2\/product_cat?post=4849"},{"taxonomy":"product_tag","embeddable":true,"href":"https:\/\/protego.md\/ro\/wp-json\/wp\/v2\/product_tag?post=4849"}],"curies":[{"name":"wp","href":"https:\/\/api.w.org\/{rel}","templated":true}]}}