{"id":4798,"date":"2022-09-07T09:43:02","date_gmt":"2022-09-07T06:43:02","guid":{"rendered":"https:\/\/protego.md\/?post_type=product&#038;p=4798"},"modified":"2023-02-13T16:43:47","modified_gmt":"2023-02-13T13:43:47","slug":"botinki-dlya-svarshhika-bweld","status":"publish","type":"product","link":"https:\/\/protego.md\/ro\/product\/botinki-dlya-svarshhika-bweld\/","title":{"rendered":"Papuci pentru sudor BWELD"},"content":{"rendered":"<p>Papuci de lucru: pantof de protectie cu bombeu din otel, destinat pentru sudori, din piele de vaca neagra reliefata, prins cu catarama.<\/p>","protected":false},"excerpt":{"rendered":"<p>Pantof de siguran\u021b\u0103 cu v\u00e2rf din o\u021bel, tip sudat. Construc\u021bia fe\u021bei este echipat\u0103 cu o limb\u0103 extern\u0103, \u00eempiedic\u00e2nd a\u0219chiile s\u0103 intre \u00een interiorul \u00eenc\u0103l\u021b\u0103mintei. Catarama de siguran\u021b\u0103 permite eliberarea rapid\u0103 a centurii.<\/p>\n<p>&#8211; fe\u021be din piele natural\u0103 presat\u0103,<br \/>\n&#8211; v\u00e2rf de o\u021bel,<br \/>\n&#8211; finisat cu un guler moale confortabil<br \/>\n&#8211; talp\u0103 pu\/pu cu dou\u0103 straturi cu densitate diferen\u021biat\u0103,<br \/>\n&#8211; asamblare prin injectie directa,<br \/>\n&#8211; rezistent la ulei, benzin\u0103 \u0219i al\u021bi solven\u021bi organici,<br \/>\n-protec\u021bie \u00eempotriva alunec\u0103rii directe &#8211; src,<br \/>\n&#8211; absorbant de energie \u00een c\u0103lc\u00e2i.<\/p>\n","protected":false},"featured_media":5344,"template":"","meta":[],"product_brand":[],"product_cat":[98,75,97],"product_tag":[],"class_list":{"0":"post-4798","1":"product","2":"type-product","3":"status-publish","4":"has-post-thumbnail","6":"product_cat-winter-shoes","7":"product_cat-footwear","8":"product_cat-summer-shoes","10":"first","11":"instock","12":"shipping-taxable","13":"purchasable","14":"product-type-variable"},"acf":[],"aioseo_notices":[],"_links":{"self":[{"href":"https:\/\/protego.md\/ro\/wp-json\/wp\/v2\/product\/4798","targetHints":{"allow":["GET"]}}],"collection":[{"href":"https:\/\/protego.md\/ro\/wp-json\/wp\/v2\/product"}],"about":[{"href":"https:\/\/protego.md\/ro\/wp-json\/wp\/v2\/types\/product"}],"wp:featuredmedia":[{"embeddable":true,"href":"https:\/\/protego.md\/ro\/wp-json\/wp\/v2\/media\/5344"}],"wp:attachment":[{"href":"https:\/\/protego.md\/ro\/wp-json\/wp\/v2\/media?parent=4798"}],"wp:term":[{"taxonomy":"product_brand","embeddable":true,"href":"https:\/\/protego.md\/ro\/wp-json\/wp\/v2\/product_brand?post=4798"},{"taxonomy":"product_cat","embeddable":true,"href":"https:\/\/protego.md\/ro\/wp-json\/wp\/v2\/product_cat?post=4798"},{"taxonomy":"product_tag","embeddable":true,"href":"https:\/\/protego.md\/ro\/wp-json\/wp\/v2\/product_tag?post=4798"}],"curies":[{"name":"wp","href":"https:\/\/api.w.org\/{rel}","templated":true}]}}