{"id":4724,"date":"2022-08-15T11:44:02","date_gmt":"2022-08-15T08:44:02","guid":{"rendered":"https:\/\/protego.md\/?post_type=product&#038;p=4724"},"modified":"2025-08-18T11:21:10","modified_gmt":"2025-08-18T08:21:10","slug":"perchatki-r-cut","status":"publish","type":"product","link":"https:\/\/protego.md\/ro\/product\/perchatki-r-cut\/","title":{"rendered":"Manusi R-cut"},"content":{"rendered":"<p>M\u0103nu\u0219i de protec\u021bie rezistente la t\u0103iere, dintr-o \u021bes\u0103tur\u0103 special\u0103 tricotat\u0103 (PE-UHMW), f\u0103r\u0103 cus\u0103turi, acoperite cu poliuretan gri.<\/p>","protected":false},"excerpt":{"rendered":"<p>M\u0103nu\u0219i de protec\u021bie rezistente la t\u0103iere, dintr-o \u021bes\u0103tur\u0103 special\u0103 tricotat\u0103 (PE-UHMW), f\u0103r\u0103 cus\u0103turi, acoperite cu poliuretan gri.<\/p>\n","protected":false},"featured_media":5817,"template":"","meta":[],"product_brand":[],"product_cat":[100,78],"product_tag":[],"class_list":{"0":"post-4724","1":"product","2":"type-product","3":"status-publish","4":"has-post-thumbnail","6":"product_cat-arm-protection","7":"product_cat-individual-protect","9":"first","10":"instock","11":"shipping-taxable","12":"purchasable","13":"product-type-simple"},"acf":[],"aioseo_notices":[],"_links":{"self":[{"href":"https:\/\/protego.md\/ro\/wp-json\/wp\/v2\/product\/4724","targetHints":{"allow":["GET"]}}],"collection":[{"href":"https:\/\/protego.md\/ro\/wp-json\/wp\/v2\/product"}],"about":[{"href":"https:\/\/protego.md\/ro\/wp-json\/wp\/v2\/types\/product"}],"wp:featuredmedia":[{"embeddable":true,"href":"https:\/\/protego.md\/ro\/wp-json\/wp\/v2\/media\/5817"}],"wp:attachment":[{"href":"https:\/\/protego.md\/ro\/wp-json\/wp\/v2\/media?parent=4724"}],"wp:term":[{"taxonomy":"product_brand","embeddable":true,"href":"https:\/\/protego.md\/ro\/wp-json\/wp\/v2\/product_brand?post=4724"},{"taxonomy":"product_cat","embeddable":true,"href":"https:\/\/protego.md\/ro\/wp-json\/wp\/v2\/product_cat?post=4724"},{"taxonomy":"product_tag","embeddable":true,"href":"https:\/\/protego.md\/ro\/wp-json\/wp\/v2\/product_tag?post=4724"}],"curies":[{"name":"wp","href":"https:\/\/api.w.org\/{rel}","templated":true}]}}