{"id":4574,"date":"2021-04-05T12:19:50","date_gmt":"2021-04-05T09:19:50","guid":{"rendered":"https:\/\/protego.md\/?post_type=product&#038;p=4574"},"modified":"2024-02-13T11:47:03","modified_gmt":"2024-02-13T08:47:03","slug":"zhilet-svetootrazhayushhij","status":"publish","type":"product","link":"https:\/\/protego.md\/ro\/product\/zhilet-svetootrazhayushhij\/","title":{"rendered":"Vesta reflectorizanta orange"},"content":{"rendered":"<p>Vesta de avertizare realizat\u0103 din \u021bes\u0103tur\u0103 de poliester portocaliu fluorescent de \u00eenalt\u0103 calitate, cu dou\u0103 dungi reflectorizante, prins\u0103 \u00een fa\u021b\u0103 cu Velcro.<\/p>\n<p>Vesta asigura o vizibilitate ridicata a utilizatorului si un mare confort de utilizare.<\/p>","protected":false},"excerpt":{"rendered":"<p>Vesta de avertizare realizat\u0103 din \u021bes\u0103tur\u0103 de poliester portocaliu fluorescent de \u00eenalt\u0103 calitate, cu dou\u0103 dungi reflectorizante, prins\u0103 \u00een fa\u021b\u0103 cu Velcro.<\/p>\n<p>Vesta asigura o vizibilitate ridicata a utilizatorului si un mare confort de utilizare.<\/p>\n","protected":false},"featured_media":5827,"template":"","meta":[],"product_brand":[],"product_cat":[232,17],"product_tag":[],"class_list":{"0":"post-4574","1":"product","2":"type-product","3":"status-publish","4":"has-post-thumbnail","6":"product_cat-svetootrazhayushhaya-odezhda","7":"product_cat-clothing","9":"first","10":"instock","11":"shipping-taxable","12":"purchasable","13":"product-type-simple"},"acf":[],"aioseo_notices":[],"_links":{"self":[{"href":"https:\/\/protego.md\/ro\/wp-json\/wp\/v2\/product\/4574","targetHints":{"allow":["GET"]}}],"collection":[{"href":"https:\/\/protego.md\/ro\/wp-json\/wp\/v2\/product"}],"about":[{"href":"https:\/\/protego.md\/ro\/wp-json\/wp\/v2\/types\/product"}],"wp:featuredmedia":[{"embeddable":true,"href":"https:\/\/protego.md\/ro\/wp-json\/wp\/v2\/media\/5827"}],"wp:attachment":[{"href":"https:\/\/protego.md\/ro\/wp-json\/wp\/v2\/media?parent=4574"}],"wp:term":[{"taxonomy":"product_brand","embeddable":true,"href":"https:\/\/protego.md\/ro\/wp-json\/wp\/v2\/product_brand?post=4574"},{"taxonomy":"product_cat","embeddable":true,"href":"https:\/\/protego.md\/ro\/wp-json\/wp\/v2\/product_cat?post=4574"},{"taxonomy":"product_tag","embeddable":true,"href":"https:\/\/protego.md\/ro\/wp-json\/wp\/v2\/product_tag?post=4574"}],"curies":[{"name":"wp","href":"https:\/\/api.w.org\/{rel}","templated":true}]}}