{"id":4454,"date":"2022-02-17T17:42:02","date_gmt":"2022-02-17T14:42:02","guid":{"rendered":"https:\/\/protego.md\/?post_type=product&#038;p=4454"},"modified":"2024-02-13T13:14:52","modified_gmt":"2024-02-13T10:14:52","slug":"krosovki-cador-s1p-grey","status":"publish","type":"product","link":"https:\/\/protego.md\/ro\/product\/krosovki-cador-s1p-grey\/","title":{"rendered":"Pantofi sport CADOR S1P GREY"},"content":{"rendered":"<p>Cador este un pantof de siguran\u021b\u0103 S1P decoltat din plas\u0103. Talp\u0103 exterioar\u0103 rezistent\u0103 la alunecare care \u00eendepline\u0219te cerin\u021bele de desc\u0103rcare electrostatic\u0103 \u0219i un v\u00e2rf de o\u021bel \u0219i talp\u0103 anti-penetrare.<br \/>\nPrincipalele calitati:<br \/>\nConfort ridicat la purtare &#8211; cu absorb\u021bie optim\u0103 a \u0219ocurilor \u00een c\u0103lc\u00e2i \u0219i antepicior &#8211; care pune cap\u0103t durerilor de picioare la sf\u00e2r\u0219itul zilei de lucru. \u0218i un design sportiv \u0219i distractiv, cu accente de culoare la mod\u0103, f\u0103c\u00e2ndu-l o potrivire ideal\u0103 at\u00e2t pentru b\u0103rba\u021bi, c\u00e2t \u0219i pentru femei. <\/p>\n<p>Ideal pentru aplica\u021bii u\u0219oare \u00een sectorul auto, construc\u021bii, industrial, logistic\u0103 \u0219i inginerie.<\/p>\n<p>Calitate buna in schimbul unui pret competitiv.<\/p>","protected":false},"excerpt":{"rendered":"<p>Cador este un pantof de siguran\u021b\u0103 S1P decoltat din plas\u0103. Talp\u0103 exterioar\u0103 rezistent\u0103 la alunecare care \u00eendepline\u0219te cerin\u021bele de desc\u0103rcare electrostatic\u0103 \u0219i un v\u00e2rf de o\u021bel \u0219i talp\u0103 anti-penetrare.<br \/>\nPrincipalele calitati:<br \/>\nConfort ridicat la purtare &#8211; cu absorb\u021bie optim\u0103 a \u0219ocurilor \u00een c\u0103lc\u00e2i \u0219i antepicior &#8211; care pune cap\u0103t durerilor de picioare la sf\u00e2r\u0219itul zilei de lucru. \u0218i un design sportiv \u0219i distractiv, cu accente de culoare la mod\u0103, f\u0103c\u00e2ndu-l o potrivire ideal\u0103 at\u00e2t pentru b\u0103rba\u021bi, c\u00e2t \u0219i pentru femei. <\/p>\n<p>Ideal pentru aplica\u021bii u\u0219oare \u00een sectorul auto, construc\u021bii, industrial, logistic\u0103 \u0219i inginerie.<\/p>\n<p>Calitate buna in schimbul unui pret competitiv.<\/p>\n<p>Produs disponibil pentru comanda online sau pute-ti vizita magazinul nostru pe adrsa: Chisinau, sos. Muncesti 171<\/p>\n","protected":false},"featured_media":5804,"template":"","meta":[],"product_brand":[],"product_cat":[75,97],"product_tag":[],"class_list":{"0":"post-4454","1":"product","2":"type-product","3":"status-publish","4":"has-post-thumbnail","6":"product_cat-footwear","7":"product_cat-summer-shoes","9":"first","10":"instock","11":"shipping-taxable","12":"purchasable","13":"product-type-variable"},"acf":[],"aioseo_notices":[],"_links":{"self":[{"href":"https:\/\/protego.md\/ro\/wp-json\/wp\/v2\/product\/4454","targetHints":{"allow":["GET"]}}],"collection":[{"href":"https:\/\/protego.md\/ro\/wp-json\/wp\/v2\/product"}],"about":[{"href":"https:\/\/protego.md\/ro\/wp-json\/wp\/v2\/types\/product"}],"wp:featuredmedia":[{"embeddable":true,"href":"https:\/\/protego.md\/ro\/wp-json\/wp\/v2\/media\/5804"}],"wp:attachment":[{"href":"https:\/\/protego.md\/ro\/wp-json\/wp\/v2\/media?parent=4454"}],"wp:term":[{"taxonomy":"product_brand","embeddable":true,"href":"https:\/\/protego.md\/ro\/wp-json\/wp\/v2\/product_brand?post=4454"},{"taxonomy":"product_cat","embeddable":true,"href":"https:\/\/protego.md\/ro\/wp-json\/wp\/v2\/product_cat?post=4454"},{"taxonomy":"product_tag","embeddable":true,"href":"https:\/\/protego.md\/ro\/wp-json\/wp\/v2\/product_tag?post=4454"}],"curies":[{"name":"wp","href":"https:\/\/api.w.org\/{rel}","templated":true}]}}