{"id":4410,"date":"2022-02-17T13:26:07","date_gmt":"2022-02-17T10:26:07","guid":{"rendered":"https:\/\/protego.md\/?post_type=product&#038;p=4410"},"modified":"2023-02-13T16:21:44","modified_gmt":"2023-02-13T13:21:44","slug":"polubotinki-buty-x250-grey","status":"publish","type":"product","link":"https:\/\/protego.md\/ro\/product\/polubotinki-buty-x250-grey\/","title":{"rendered":"Pantofi sport BUTY X250 GREY"},"content":{"rendered":"<p>Un pantof sport, urban, din materiale textile. Partea superioar\u0103 tricotat\u0103 (cu c\u0103ptu\u0219eal\u0103 suplimentar\u0103 pe toat\u0103 suprafa\u021ba) scade greutatea pantofilor \u0219i asigur\u0103 o ventila\u021bie excelent\u0103. Talpa exterioar\u0103 moale &#8211; spum\u0103 EVA &#8211; m\u0103re\u0219te amortizarea \u0219i aderen\u021ba la sol.<\/p>\n<p>Descriere:<\/p>\n<p>pantof f\u0103r\u0103 v\u00e2rf de METAL,<br \/>\nlimba \u0219i gulerul moale cresc\u00e2nd confortul utiliz\u0103rii,<br \/>\npantofi cu \u0219ireturi,<br \/>\ntalpa lipita,<br \/>\nbran\u021b deta\u0219abil.<\/p>","protected":false},"excerpt":{"rendered":"<p>Un pantof sport, urban, din materiale textile. Partea superioar\u0103 tricotat\u0103 (cu c\u0103ptu\u0219eal\u0103 suplimentar\u0103 pe toat\u0103 suprafa\u021ba) scade greutatea pantofilor \u0219i asigur\u0103 o ventila\u021bie excelent\u0103. Talpa exterioar\u0103 moale &#8211; spum\u0103 EVA &#8211; m\u0103re\u0219te amortizarea \u0219i aderen\u021ba la sol.<\/p>\n","protected":false},"featured_media":5340,"template":"","meta":[],"product_brand":[],"product_cat":[75,97],"product_tag":[],"class_list":{"0":"post-4410","1":"product","2":"type-product","3":"status-publish","4":"has-post-thumbnail","6":"product_cat-footwear","7":"product_cat-summer-shoes","9":"first","10":"instock","11":"shipping-taxable","12":"purchasable","13":"product-type-variable"},"acf":[],"aioseo_notices":[],"_links":{"self":[{"href":"https:\/\/protego.md\/ro\/wp-json\/wp\/v2\/product\/4410","targetHints":{"allow":["GET"]}}],"collection":[{"href":"https:\/\/protego.md\/ro\/wp-json\/wp\/v2\/product"}],"about":[{"href":"https:\/\/protego.md\/ro\/wp-json\/wp\/v2\/types\/product"}],"wp:featuredmedia":[{"embeddable":true,"href":"https:\/\/protego.md\/ro\/wp-json\/wp\/v2\/media\/5340"}],"wp:attachment":[{"href":"https:\/\/protego.md\/ro\/wp-json\/wp\/v2\/media?parent=4410"}],"wp:term":[{"taxonomy":"product_brand","embeddable":true,"href":"https:\/\/protego.md\/ro\/wp-json\/wp\/v2\/product_brand?post=4410"},{"taxonomy":"product_cat","embeddable":true,"href":"https:\/\/protego.md\/ro\/wp-json\/wp\/v2\/product_cat?post=4410"},{"taxonomy":"product_tag","embeddable":true,"href":"https:\/\/protego.md\/ro\/wp-json\/wp\/v2\/product_tag?post=4410"}],"curies":[{"name":"wp","href":"https:\/\/api.w.org\/{rel}","templated":true}]}}