{"id":4294,"date":"2022-02-02T15:37:40","date_gmt":"2022-02-02T12:37:40","guid":{"rendered":"https:\/\/protego.md\/?post_type=product&#038;p=4294"},"modified":"2023-01-16T13:24:48","modified_gmt":"2023-01-16T10:24:48","slug":"futbolka-polo-zhenskaya-tsvet-blue","status":"publish","type":"product","link":"https:\/\/protego.md\/ro\/product\/futbolka-polo-zhenskaya-tsvet-blue\/","title":{"rendered":"Tricou POLO FEMEI Culoarea BLUE"},"content":{"rendered":"<p>Tricou POLO FEMEI<br \/>\n100% bumbac pre-combat piept\u0103nat.<br \/>\nGramaj: 200 gr. <\/p>\n<p>Tricou polo piqu\u00e9 pentru femei, 100% bumbac, usor mulat la talie si cu eticheta detasabila. Ideal pentru broderie, serigrafie sau personalizare cu transfer sau vinil. Disponibil si pentru barbati si in marimi mari.<\/p>\n<p>Caracteristici:<\/p>\n<p>\u021aes\u0103tur\u0103 piqu\u00e9.<br \/>\nPu\u021bin mulat pe corp.<br \/>\nPat cu trei nasturi.<br \/>\nMan\u0219ete \u0219i g\u00e2t cu coaste.<br \/>\nDeschideri laterale.<br \/>\n200 g\/m\u00b2<br \/>\n100% bumbac piept\u0103nat pre\u00eenchis<\/p>","protected":false},"excerpt":{"rendered":"<p class=\"qtranxs-available-languages-message qtranxs-available-languages-message-ro\">Din p\u0103cate acest articol este disponibil doar \u00een <a href=\"https:\/\/protego.md\/ru\/wp-json\/wp\/v2\/product\/4294\" class=\"qtranxs-available-language-link qtranxs-available-language-link-ru\" title=\"\u0420\u0443\u0441\u0441\u043a\u0438\u0439\">\u0420\u0443\u0441\u0441\u043a\u0438\u0439<\/a>.<\/p>\n","protected":false},"featured_media":4295,"template":"","meta":[],"product_brand":[],"product_cat":[77,94],"product_tag":[],"class_list":{"0":"post-4294","1":"product","2":"type-product","3":"status-publish","4":"has-post-thumbnail","6":"product_cat-batniki-futbolki","7":"product_cat-rubashka-polo","9":"first","10":"instock","11":"shipping-taxable","12":"purchasable","13":"product-type-variable"},"acf":[],"aioseo_notices":[],"_links":{"self":[{"href":"https:\/\/protego.md\/ro\/wp-json\/wp\/v2\/product\/4294","targetHints":{"allow":["GET"]}}],"collection":[{"href":"https:\/\/protego.md\/ro\/wp-json\/wp\/v2\/product"}],"about":[{"href":"https:\/\/protego.md\/ro\/wp-json\/wp\/v2\/types\/product"}],"wp:featuredmedia":[{"embeddable":true,"href":"https:\/\/protego.md\/ro\/wp-json\/wp\/v2\/media\/4295"}],"wp:attachment":[{"href":"https:\/\/protego.md\/ro\/wp-json\/wp\/v2\/media?parent=4294"}],"wp:term":[{"taxonomy":"product_brand","embeddable":true,"href":"https:\/\/protego.md\/ro\/wp-json\/wp\/v2\/product_brand?post=4294"},{"taxonomy":"product_cat","embeddable":true,"href":"https:\/\/protego.md\/ro\/wp-json\/wp\/v2\/product_cat?post=4294"},{"taxonomy":"product_tag","embeddable":true,"href":"https:\/\/protego.md\/ro\/wp-json\/wp\/v2\/product_tag?post=4294"}],"curies":[{"name":"wp","href":"https:\/\/api.w.org\/{rel}","templated":true}]}}