{"id":4190,"date":"2022-01-24T13:49:24","date_gmt":"2022-01-24T10:49:24","guid":{"rendered":"https:\/\/protego.md\/?post_type=product&#038;p=4190"},"modified":"2023-01-16T13:36:50","modified_gmt":"2023-01-16T10:36:50","slug":"futbolka-polo-navy-blue","status":"publish","type":"product","link":"https:\/\/protego.md\/ro\/product\/futbolka-polo-navy-blue\/","title":{"rendered":"Tricou POLO NAVY BLUE"},"content":{"rendered":"<p>Caracteristici: \u021bes\u0103tur\u0103 piqu\u00e9.<br \/>\nGULER cu dou\u0103 butoane.<br \/>\nCalitate: 100% bumbac piept\u0103nat.<br \/>\nGreutate: 210 g\/m\u00b2.<\/p>","protected":false},"excerpt":{"rendered":"<p>Caracteristici: \u021bes\u0103tur\u0103 piqu\u00e9. GULER cu dou\u0103 butoane. Calitate: 100% bumbac piept\u0103nat. Greutate: 210 g\/m\u00b2.<\/p>\n","protected":false},"featured_media":2507,"template":"","meta":[],"product_brand":[],"product_cat":[77,94],"product_tag":[],"class_list":{"0":"post-4190","1":"product","2":"type-product","3":"status-publish","4":"has-post-thumbnail","6":"product_cat-batniki-futbolki","7":"product_cat-rubashka-polo","9":"first","10":"instock","11":"shipping-taxable","12":"purchasable","13":"product-type-variable"},"acf":[],"aioseo_notices":[],"_links":{"self":[{"href":"https:\/\/protego.md\/ro\/wp-json\/wp\/v2\/product\/4190","targetHints":{"allow":["GET"]}}],"collection":[{"href":"https:\/\/protego.md\/ro\/wp-json\/wp\/v2\/product"}],"about":[{"href":"https:\/\/protego.md\/ro\/wp-json\/wp\/v2\/types\/product"}],"wp:featuredmedia":[{"embeddable":true,"href":"https:\/\/protego.md\/ro\/wp-json\/wp\/v2\/media\/2507"}],"wp:attachment":[{"href":"https:\/\/protego.md\/ro\/wp-json\/wp\/v2\/media?parent=4190"}],"wp:term":[{"taxonomy":"product_brand","embeddable":true,"href":"https:\/\/protego.md\/ro\/wp-json\/wp\/v2\/product_brand?post=4190"},{"taxonomy":"product_cat","embeddable":true,"href":"https:\/\/protego.md\/ro\/wp-json\/wp\/v2\/product_cat?post=4190"},{"taxonomy":"product_tag","embeddable":true,"href":"https:\/\/protego.md\/ro\/wp-json\/wp\/v2\/product_tag?post=4190"}],"curies":[{"name":"wp","href":"https:\/\/api.w.org\/{rel}","templated":true}]}}