{"id":3992,"date":"2021-10-04T14:37:08","date_gmt":"2021-10-04T11:37:08","guid":{"rendered":"https:\/\/protego.md\/?post_type=product&#038;p=3992"},"modified":"2025-08-21T11:02:16","modified_gmt":"2025-08-21T08:02:16","slug":"batnik-jhk-krasnyj-tsvet","status":"publish","type":"product","link":"https:\/\/protego.md\/ro\/product\/batnik-jhk-krasnyj-tsvet\/","title":{"rendered":"Pulover JHK culoare rosie"},"content":{"rendered":"<p>Pulover clasic Unisex cu g\u00e2t rotund perfect pentru personalizare (aplicarea logotipului).<\/p>\n<p>Puloverul este disponibil \u00een 7 culori de la dimensiunea S p\u00e2n\u0103 la 3XL.<\/p>\n<p>290 g \/ m\u00b2 aprox.<br \/>\n65% poliester \/ 35% bumbac<\/p>","protected":false},"excerpt":{"rendered":"<p>Pulover clasic Unisex cu g\u00e2t rotund perfect pentru personalizare (aplicarea logotipului).<\/p>\n<p>Puloverul este disponibil \u00een 7 culori de la dimensiunea S p\u00e2n\u0103 la 3XL.<\/p>\n<p>290 g \/ m\u00b2 aprox.<br \/>\n40% poliester \/ 60% bumbac<\/p>\n","protected":false},"featured_media":2411,"template":"","meta":[],"product_brand":[],"product_cat":[93,17,77],"product_tag":[],"class_list":{"0":"post-3992","1":"product","2":"type-product","3":"status-publish","4":"has-post-thumbnail","6":"product_cat-hanorac-batnik","7":"product_cat-clothing","8":"product_cat-batniki-futbolki","10":"first","11":"instock","12":"shipping-taxable","13":"purchasable","14":"product-type-variable"},"acf":[],"aioseo_notices":[],"_links":{"self":[{"href":"https:\/\/protego.md\/ro\/wp-json\/wp\/v2\/product\/3992","targetHints":{"allow":["GET"]}}],"collection":[{"href":"https:\/\/protego.md\/ro\/wp-json\/wp\/v2\/product"}],"about":[{"href":"https:\/\/protego.md\/ro\/wp-json\/wp\/v2\/types\/product"}],"wp:featuredmedia":[{"embeddable":true,"href":"https:\/\/protego.md\/ro\/wp-json\/wp\/v2\/media\/2411"}],"wp:attachment":[{"href":"https:\/\/protego.md\/ro\/wp-json\/wp\/v2\/media?parent=3992"}],"wp:term":[{"taxonomy":"product_brand","embeddable":true,"href":"https:\/\/protego.md\/ro\/wp-json\/wp\/v2\/product_brand?post=3992"},{"taxonomy":"product_cat","embeddable":true,"href":"https:\/\/protego.md\/ro\/wp-json\/wp\/v2\/product_cat?post=3992"},{"taxonomy":"product_tag","embeddable":true,"href":"https:\/\/protego.md\/ro\/wp-json\/wp\/v2\/product_tag?post=3992"}],"curies":[{"name":"wp","href":"https:\/\/api.w.org\/{rel}","templated":true}]}}