{"id":2705,"date":"2021-05-13T13:43:39","date_gmt":"2021-05-13T10:43:39","guid":{"rendered":"https:\/\/protego.md\/?post_type=product&#038;p=2705"},"modified":"2026-04-01T10:55:40","modified_gmt":"2026-04-01T07:55:40","slug":"botinki-vysokie-ba-411-2u","status":"publish","type":"product","link":"https:\/\/protego.md\/ro\/product\/botinki-vysokie-ba-411-2u\/","title":{"rendered":"Papuci cu carimb inalt BA-411-2U"},"content":{"rendered":"<p>Papuci de protectie pentru iarna din piele naturala izolati cu blana naturala. Talpa de poliuritan cu densitate dubla PU\/PU, rezistent\u0103 la ulei \u0219i produse petroliere.<\/p>","protected":false},"excerpt":{"rendered":"<p>DESCRIERE<\/p>\n<p>Tip: \u00eenc\u0103l\u021b\u0103minte de lucru<\/p>\n<p>Material superior: Strong Protection &#8211; piele natural\u0103 neagr\u0103 durabil\u0103. Impermeabil\u0103. Sarcina de rupere a pielii dep\u0103\u0219e\u0219te norma standardului european EN ISO 20345:2011 de 2,1-2,7 ori.<\/p>\n<p>C\u0103ptu\u0219eal\u0103: blan\u0103 artificial\u0103<\/p>\n<p>V\u00e2rf: v\u00e2rf turnat dur<\/p>\n<p>Spate: carton piele pentru \u00eenc\u0103l\u021b\u0103minte<\/p>\n<p>Valv\u0103, inser\u021bii laterale: piele artificial\u0103<\/p>\n<p>Bran\u021b principal din material Strobel, bran\u021b confortabil din carton piele pentru \u00eenc\u0103l\u021b\u0103minte<\/p>\n<p>Talp\u0103: PU-TPU cu dou\u0103 straturi<\/p>\n<p>Fer\u0103suri: bucle metalice netede anticorozive<\/p>\n<p>\u00cen\u0103l\u021bime: 205 \u00b1 5 mm<\/p>\n","protected":false},"featured_media":9602,"template":"","meta":[],"product_brand":[],"product_cat":[98,75],"product_tag":[],"class_list":{"0":"post-2705","1":"product","2":"type-product","3":"status-publish","4":"has-post-thumbnail","6":"product_cat-winter-shoes","7":"product_cat-footwear","9":"first","10":"instock","11":"shipping-taxable","12":"purchasable","13":"product-type-variable"},"acf":[],"aioseo_notices":[],"_links":{"self":[{"href":"https:\/\/protego.md\/ro\/wp-json\/wp\/v2\/product\/2705","targetHints":{"allow":["GET"]}}],"collection":[{"href":"https:\/\/protego.md\/ro\/wp-json\/wp\/v2\/product"}],"about":[{"href":"https:\/\/protego.md\/ro\/wp-json\/wp\/v2\/types\/product"}],"wp:featuredmedia":[{"embeddable":true,"href":"https:\/\/protego.md\/ro\/wp-json\/wp\/v2\/media\/9602"}],"wp:attachment":[{"href":"https:\/\/protego.md\/ro\/wp-json\/wp\/v2\/media?parent=2705"}],"wp:term":[{"taxonomy":"product_brand","embeddable":true,"href":"https:\/\/protego.md\/ro\/wp-json\/wp\/v2\/product_brand?post=2705"},{"taxonomy":"product_cat","embeddable":true,"href":"https:\/\/protego.md\/ro\/wp-json\/wp\/v2\/product_cat?post=2705"},{"taxonomy":"product_tag","embeddable":true,"href":"https:\/\/protego.md\/ro\/wp-json\/wp\/v2\/product_tag?post=2705"}],"curies":[{"name":"wp","href":"https:\/\/api.w.org\/{rel}","templated":true}]}}