{"id":2630,"date":"2021-05-13T12:37:26","date_gmt":"2021-05-13T09:37:26","guid":{"rendered":"https:\/\/protego.md\/?post_type=product&#038;p=2630"},"modified":"2023-02-14T14:21:25","modified_gmt":"2023-02-14T11:21:25","slug":"kostyum-s-polukombinezonom-vivat","status":"publish","type":"product","link":"https:\/\/protego.md\/ro\/product\/kostyum-s-polukombinezonom-vivat\/","title":{"rendered":"Costum cu semisalopeta VIVAT (la comanda)"},"content":{"rendered":"<p>Costum VIVAT<\/p>\n<p>Costumul este alc\u0103tuit dintr-o jachet\u0103 \u0219i o salopet\u0103.<br \/>\nJacket model scurtat pe fermoar.<br \/>\nAre 2 buzunare laterale \u0219i 2 buzunare \u00een piept.<br \/>\nP\u0103r\u021bile laterale ale centurii cu band\u0103 elastic\u0103, p\u0103r\u021bile frontale sunt fixate cu un plasture cu band\u0103 de contact.<br \/>\nSemisalopeta pe bretele cu band\u0103 elastic\u0103, fixate cu carabina.<br \/>\nPe pieptul semisalopetei se afl\u0103 un buzunar cu clapan.<br \/>\nSemisalopeta cu buzunare laterale din fa\u021b\u0103, buzunar pentru spate \u0219i buzunar pentru scule.<br \/>\nCuloare: negru cu elemente verzi.<br \/>\nMaterial: amestecat, 51% bumbac, 49% poliester.<\/p>","protected":false},"excerpt":{"rendered":"<p>Costum VIVAT Costumul este alc\u0103tuit dintr-o jachet\u0103 \u0219i o salopet\u0103. Jacket model scurtat pe fermoar. Are 2 buzunare laterale \u0219i 2 buzunare \u00een piept. P\u0103r\u021bile laterale ale centurii cu band\u0103 elastic\u0103, p\u0103r\u021bile frontale sunt fixate cu un plasture cu band\u0103 de contact. Semisalopeta pe bretele cu band\u0103 elastic\u0103, fixate cu carabina. Pe pieptul semisalopetei se [&hellip;]<\/p>\n","protected":false},"featured_media":2631,"template":"","meta":[],"product_brand":[],"product_cat":[83,17],"product_tag":[],"class_list":{"0":"post-2630","1":"product","2":"type-product","3":"status-publish","4":"has-post-thumbnail","6":"product_cat-summer-clothing-2","7":"product_cat-clothing","9":"first","10":"instock","11":"shipping-taxable","12":"purchasable","13":"product-type-simple"},"acf":[],"aioseo_notices":[],"_links":{"self":[{"href":"https:\/\/protego.md\/ro\/wp-json\/wp\/v2\/product\/2630","targetHints":{"allow":["GET"]}}],"collection":[{"href":"https:\/\/protego.md\/ro\/wp-json\/wp\/v2\/product"}],"about":[{"href":"https:\/\/protego.md\/ro\/wp-json\/wp\/v2\/types\/product"}],"wp:featuredmedia":[{"embeddable":true,"href":"https:\/\/protego.md\/ro\/wp-json\/wp\/v2\/media\/2631"}],"wp:attachment":[{"href":"https:\/\/protego.md\/ro\/wp-json\/wp\/v2\/media?parent=2630"}],"wp:term":[{"taxonomy":"product_brand","embeddable":true,"href":"https:\/\/protego.md\/ro\/wp-json\/wp\/v2\/product_brand?post=2630"},{"taxonomy":"product_cat","embeddable":true,"href":"https:\/\/protego.md\/ro\/wp-json\/wp\/v2\/product_cat?post=2630"},{"taxonomy":"product_tag","embeddable":true,"href":"https:\/\/protego.md\/ro\/wp-json\/wp\/v2\/product_tag?post=2630"}],"curies":[{"name":"wp","href":"https:\/\/api.w.org\/{rel}","templated":true}]}}