{"id":2623,"date":"2021-05-13T12:26:50","date_gmt":"2021-05-13T09:26:50","guid":{"rendered":"https:\/\/protego.md\/?post_type=product&#038;p=2623"},"modified":"2023-01-17T11:27:28","modified_gmt":"2023-01-17T08:27:28","slug":"kostyum-s-polukombinezonom-sirius-tyomno-seryj","status":"publish","type":"product","link":"https:\/\/protego.md\/ro\/product\/kostyum-s-polukombinezonom-sirius-tyomno-seryj\/","title":{"rendered":"Costum  cu semisalopeta SIRIUS sur inchis (la comanda)"},"content":{"rendered":"<p>Costum din tesatura bumbac 100%-calitatea superioara, rezistent la uzura &#8220;SIRIUS&#8221;<br \/>\nCostumul de lucru &#8220;SIRIUS&#8221; este un costum de protec\u021bie \u00eempotriva tuturor pericolelor prezente la locul de munca. Recomand\u0103m acest costum pentru protec\u021bia dvs. atunci c\u00e2nd efectua\u021bi lucr\u0103ri de construc\u021bie, repara\u021bii, montaj, pentru a lucra \u00eentr-un depozit, pe un teren personal \u0219i la vila, pentru odihn\u0103 activ\u0103. De asemenea, costumul SIRIUS este foarte des folosit ca costum pentru munca in auto service-uri \u0219i magazine de repara\u021bii auto, datorit\u0103 faptului c\u0103 nu are piese metalice \u0219i nu poate deteriora vopseaua autoturismelor. Acest produs este alc\u0103tuit dintr-o jachet\u0103 \u0219i semisalopeta. Jacketul de model scurtat, cu fermoar zip central si cu mineci detasabile. Jacheta este echipat\u0103 cu dou\u0103 buzunare laterale interioare \u0219i dou\u0103 buzunare multifunc\u021bionale in zona pieptului. Salopeta cu curea cusut\u0103, \u00een partea dreapt\u0103 cu nasturi. O band\u0103 elastic\u0103 este plasat\u0103 de-a lungul taliei pe spatele semisalopetei, datorit\u0103 c\u0103reia pantalonii se potrivesc perfect cu talia.<\/p>\n<p>Culoare: gri inchis,<br \/>\nTesatura: &#8220;TWILL&#8221;, 100% bumbac, 240 g \/ m2.<\/p>","protected":false},"excerpt":{"rendered":"<p>Costum din tesatura bumbac 100%-calitatea superioara, rezistent la uzura &#8220;SIRIUS&#8221; Costumul de lucru &#8220;SIRIUS&#8221; este un costum de protec\u021bie \u00eempotriva tuturor pericolelor prezente la locul de munca. Recomand\u0103m acest costum pentru protec\u021bia dvs. atunci c\u00e2nd efectua\u021bi lucr\u0103ri de construc\u021bie, repara\u021bii, montaj, pentru a lucra \u00eentr-un depozit, pe un teren personal \u0219i la vila, pentru odihn\u0103 [&hellip;]<\/p>\n","protected":false},"featured_media":2624,"template":"","meta":[],"product_brand":[],"product_cat":[83,17],"product_tag":[],"class_list":{"0":"post-2623","1":"product","2":"type-product","3":"status-publish","4":"has-post-thumbnail","6":"product_cat-summer-clothing-2","7":"product_cat-clothing","9":"first","10":"instock","11":"shipping-taxable","12":"purchasable","13":"product-type-variable"},"acf":[],"aioseo_notices":[],"_links":{"self":[{"href":"https:\/\/protego.md\/ro\/wp-json\/wp\/v2\/product\/2623","targetHints":{"allow":["GET"]}}],"collection":[{"href":"https:\/\/protego.md\/ro\/wp-json\/wp\/v2\/product"}],"about":[{"href":"https:\/\/protego.md\/ro\/wp-json\/wp\/v2\/types\/product"}],"wp:featuredmedia":[{"embeddable":true,"href":"https:\/\/protego.md\/ro\/wp-json\/wp\/v2\/media\/2624"}],"wp:attachment":[{"href":"https:\/\/protego.md\/ro\/wp-json\/wp\/v2\/media?parent=2623"}],"wp:term":[{"taxonomy":"product_brand","embeddable":true,"href":"https:\/\/protego.md\/ro\/wp-json\/wp\/v2\/product_brand?post=2623"},{"taxonomy":"product_cat","embeddable":true,"href":"https:\/\/protego.md\/ro\/wp-json\/wp\/v2\/product_cat?post=2623"},{"taxonomy":"product_tag","embeddable":true,"href":"https:\/\/protego.md\/ro\/wp-json\/wp\/v2\/product_tag?post=2623"}],"curies":[{"name":"wp","href":"https:\/\/api.w.org\/{rel}","templated":true}]}}