{"id":2542,"date":"2021-05-13T11:43:02","date_gmt":"2021-05-13T08:43:02","guid":{"rendered":"https:\/\/protego.md\/?post_type=product&#038;p=2542"},"modified":"2023-02-14T14:25:04","modified_gmt":"2023-02-14T11:25:04","slug":"kostyum-s-polukombinezonom-avangard-vasilek","status":"publish","type":"product","link":"https:\/\/protego.md\/ro\/product\/kostyum-s-polukombinezonom-avangard-vasilek\/","title":{"rendered":"Costum Avangard albastru vasileok (la comanda)"},"content":{"rendered":"<p>Costum din tesatura bumbac 100% de calitate superioara &#8220;AVANGARD&#8221;<br \/>\nCostumul de lucru &#8220;Avangard&#8221; este un costum de protec\u021bie \u00eempotriva tutror pericolelor prezente la locul de munca. Recomand\u0103m acest costum pentru protec\u021bia dvs. atunci c\u00e2nd efectua\u021bi lucr\u0103ri de construc\u021bie, repara\u021bii, montaj, pentru a lucra \u00eentr-un depozit, pe un teren personal \u0219i la vila, pentru odihn\u0103 activ\u0103. De asemenea, costumul Avangard este foarte des folosit ca costum pentru munca in auto service-uri \u0219i magazine de repara\u021bii auto, datorit\u0103 faptului c\u0103 nu are piese metalice \u0219i nu poate deteriora vopseaua autoturismelor. Acest produs este alc\u0103tuit dintr-o jachet\u0103 \u0219i pantaloni. Jacketul de model scurtat, cu fermoar zip central. Jacheta este echipat\u0103 cu dou\u0103 buzunare laterale interioare \u0219i dou\u0103 buzunare multifunc\u021bionale in zona pieptului. Pantaloni cu curea cusut\u0103, cu fermoar cu fermoar, cu fermoar \u00een partea dreapt\u0103 cu butoane. Pe spatele pantalonilor exist\u0103 buzunare pentru scule. O band\u0103 elastic\u0103 este plasat\u0103 de-a lungul taliei pe spatele pantalonilor, datorit\u0103 c\u0103reia pantalonii se potrivesc perfect cu talia. Culoare: albastru \/ gri deschis,<br \/>\nTesatura: &#8220;TWILL&#8221;, 100% bumbac-calitate superioara, 240 g\/m2.<\/p>","protected":false},"excerpt":{"rendered":"<p>Costum din tesatura bumbac 100% de calitate superioara &#8220;AVANGARD&#8221; Costumul de lucru &#8220;Avangard&#8221; este un costum de protec\u021bie \u00eempotriva tutror pericolelor prezente la locul de munca. Recomand\u0103m acest costum pentru protec\u021bia dvs. atunci c\u00e2nd efectua\u021bi lucr\u0103ri de construc\u021bie, repara\u021bii, montaj, pentru a lucra \u00eentr-un depozit, pe un teren personal \u0219i la vila, pentru odihn\u0103 activ\u0103. [&hellip;]<\/p>\n","protected":false},"featured_media":2543,"template":"","meta":[],"product_brand":[],"product_cat":[83,17],"product_tag":[],"class_list":{"0":"post-2542","1":"product","2":"type-product","3":"status-publish","4":"has-post-thumbnail","6":"product_cat-summer-clothing-2","7":"product_cat-clothing","9":"first","10":"instock","11":"shipping-taxable","12":"purchasable","13":"product-type-simple"},"acf":[],"aioseo_notices":[],"_links":{"self":[{"href":"https:\/\/protego.md\/ro\/wp-json\/wp\/v2\/product\/2542","targetHints":{"allow":["GET"]}}],"collection":[{"href":"https:\/\/protego.md\/ro\/wp-json\/wp\/v2\/product"}],"about":[{"href":"https:\/\/protego.md\/ro\/wp-json\/wp\/v2\/types\/product"}],"wp:featuredmedia":[{"embeddable":true,"href":"https:\/\/protego.md\/ro\/wp-json\/wp\/v2\/media\/2543"}],"wp:attachment":[{"href":"https:\/\/protego.md\/ro\/wp-json\/wp\/v2\/media?parent=2542"}],"wp:term":[{"taxonomy":"product_brand","embeddable":true,"href":"https:\/\/protego.md\/ro\/wp-json\/wp\/v2\/product_brand?post=2542"},{"taxonomy":"product_cat","embeddable":true,"href":"https:\/\/protego.md\/ro\/wp-json\/wp\/v2\/product_cat?post=2542"},{"taxonomy":"product_tag","embeddable":true,"href":"https:\/\/protego.md\/ro\/wp-json\/wp\/v2\/product_tag?post=2542"}],"curies":[{"name":"wp","href":"https:\/\/api.w.org\/{rel}","templated":true}]}}