{"id":2490,"date":"2022-05-11T13:20:30","date_gmt":"2022-05-11T10:20:30","guid":{"rendered":"https:\/\/protego.md\/?post_type=product&#038;p=2490"},"modified":"2023-12-01T13:56:16","modified_gmt":"2023-12-01T10:56:16","slug":"kostyum-s-bryukami-econom","status":"publish","type":"product","link":"https:\/\/protego.md\/ro\/product\/kostyum-s-bryukami-econom\/","title":{"rendered":"Costum cu pantaloni \u0415CONOM"},"content":{"rendered":"","protected":false},"excerpt":{"rendered":"<p>jacheta + pantaloni<\/p>\n<p>Jachet\u0103 cu \u00eenchidere buton. Buzunare de patch-uri, buzunare pentru piept \u2013 2 buzunare. M\u00e2neci cu man\u0219ete cu nasturi.<\/p>\n<p>Pantaloni cu fermoar central \u0219i un buton pe centur\u0103. Buzunare de patch-uri.<\/p>\n<p>\u021aes\u0103tur\u0103: amestecat\u0103 (35% bumbac, 65% poliester) cu finisaj hidrofug, densitate 210 g\/mp.<br \/>\nElemente de semnal: band\u0103 reflectorizant\u0103.<br \/>\nCuloare: albastru \u00eenchis, finisaj \u2013 alb\u0103strea.<\/p>\n","protected":false},"featured_media":5448,"template":"","meta":[],"product_brand":[],"product_cat":[83,17],"product_tag":[],"class_list":{"0":"post-2490","1":"product","2":"type-product","3":"status-publish","4":"has-post-thumbnail","6":"product_cat-summer-clothing-2","7":"product_cat-clothing","9":"first","10":"instock","11":"shipping-taxable","12":"purchasable","13":"product-type-variable"},"acf":[],"aioseo_notices":[],"_links":{"self":[{"href":"https:\/\/protego.md\/ro\/wp-json\/wp\/v2\/product\/2490","targetHints":{"allow":["GET"]}}],"collection":[{"href":"https:\/\/protego.md\/ro\/wp-json\/wp\/v2\/product"}],"about":[{"href":"https:\/\/protego.md\/ro\/wp-json\/wp\/v2\/types\/product"}],"wp:featuredmedia":[{"embeddable":true,"href":"https:\/\/protego.md\/ro\/wp-json\/wp\/v2\/media\/5448"}],"wp:attachment":[{"href":"https:\/\/protego.md\/ro\/wp-json\/wp\/v2\/media?parent=2490"}],"wp:term":[{"taxonomy":"product_brand","embeddable":true,"href":"https:\/\/protego.md\/ro\/wp-json\/wp\/v2\/product_brand?post=2490"},{"taxonomy":"product_cat","embeddable":true,"href":"https:\/\/protego.md\/ro\/wp-json\/wp\/v2\/product_cat?post=2490"},{"taxonomy":"product_tag","embeddable":true,"href":"https:\/\/protego.md\/ro\/wp-json\/wp\/v2\/product_tag?post=2490"}],"curies":[{"name":"wp","href":"https:\/\/api.w.org\/{rel}","templated":true}]}}