{"id":2469,"date":"2021-09-05T10:52:16","date_gmt":"2021-09-05T07:52:16","guid":{"rendered":"https:\/\/protego.md\/?post_type=product&#038;p=2469"},"modified":"2024-10-30T12:16:32","modified_gmt":"2024-10-30T09:16:32","slug":"botinki-rabochie-vortex-o1","status":"publish","type":"product","link":"https:\/\/protego.md\/ro\/product\/botinki-rabochie-vortex-o1\/","title":{"rendered":"Papuci de protectie VORTEX O1"},"content":{"rendered":"<p>Papuci de protectie VORTEX O1 din piele naturala cu talpa de poleuritan cu densitate dubla, rezistent\u0103 la ulei \u0219i produse petroliere.<\/p>","protected":false},"excerpt":{"rendered":"<p>Tip de pantof: Pantof O1<br \/>\n       Standard: ENISO 20347: 2011,<br \/>\n       Categoria de protectie: O1 SRC,<br \/>\n       Material: piele de vac\u0103 respirabil\u0103 \u00een relief<br \/>\n       guler de spum\u0103,<br \/>\n       Limb\u0103 complet c\u0103ptu\u0219it\u0103<br \/>\n       Absorb\u021bie de energie \u00een c\u0103lc\u00e2i &#8211; inser\u021bia de gel \u00eencorporat\u0103 \u00een c\u0103lc\u00e2i absoarbe energia \u0219ocului<br \/>\n       \u00een timp ce purta\u021bi pantofi,<br \/>\n       Talp\u0103 rezistent\u0103 la ulei, anti-electrostatic\u0103,<br \/>\n       \u00cenchiz\u0103toare: cu \u0219ireturi<br \/>\nPapuci de protectie VORTEX O1 din piele naturala cu talpa de poleuritan cu densitate dubla, rezistent\u0103 la ulei \u0219i produse petroliere. Papuci cu bombeu de metal.<\/p>\n","protected":false},"featured_media":5842,"template":"","meta":[],"product_brand":[],"product_cat":[75,97],"product_tag":[],"class_list":{"0":"post-2469","1":"product","2":"type-product","3":"status-publish","4":"has-post-thumbnail","6":"product_cat-footwear","7":"product_cat-summer-shoes","9":"first","10":"instock","11":"shipping-taxable","12":"purchasable","13":"product-type-variable"},"acf":[],"aioseo_notices":[],"_links":{"self":[{"href":"https:\/\/protego.md\/ro\/wp-json\/wp\/v2\/product\/2469","targetHints":{"allow":["GET"]}}],"collection":[{"href":"https:\/\/protego.md\/ro\/wp-json\/wp\/v2\/product"}],"about":[{"href":"https:\/\/protego.md\/ro\/wp-json\/wp\/v2\/types\/product"}],"wp:featuredmedia":[{"embeddable":true,"href":"https:\/\/protego.md\/ro\/wp-json\/wp\/v2\/media\/5842"}],"wp:attachment":[{"href":"https:\/\/protego.md\/ro\/wp-json\/wp\/v2\/media?parent=2469"}],"wp:term":[{"taxonomy":"product_brand","embeddable":true,"href":"https:\/\/protego.md\/ro\/wp-json\/wp\/v2\/product_brand?post=2469"},{"taxonomy":"product_cat","embeddable":true,"href":"https:\/\/protego.md\/ro\/wp-json\/wp\/v2\/product_cat?post=2469"},{"taxonomy":"product_tag","embeddable":true,"href":"https:\/\/protego.md\/ro\/wp-json\/wp\/v2\/product_tag?post=2469"}],"curies":[{"name":"wp","href":"https:\/\/api.w.org\/{rel}","templated":true}]}}