{"id":2442,"date":"2021-05-12T16:12:28","date_gmt":"2021-05-12T13:12:28","guid":{"rendered":"https:\/\/protego.md\/?post_type=product&#038;p=2442"},"modified":"2025-03-17T16:54:56","modified_gmt":"2025-03-17T13:54:56","slug":"botinki-va412-m-s-metalicheskim-noskom","status":"publish","type":"product","link":"https:\/\/protego.md\/ro\/product\/botinki-va412-m-s-metalicheskim-noskom\/","title":{"rendered":"Bocanci BA412-M cu bombeu de metal"},"content":{"rendered":"<p>Tip: pantofi de lucru<br \/>\nMaterial superior: Strong Protection \u2013 piele natural\u0103 neagr\u0103 puternic\u0103. Standardul european EN ISO 20347:2011<br \/>\nBOMBEU METALIC 200JOULE<br \/>\nMaterial higroscopic rezistent la uzura.<br \/>\nSpate pantof din piele<br \/>\nClapa, panouri laterale: imitatie de piele<br \/>\nBran\u021b: principal &#8211; Kevlar anti-punctur\u0103 Max Flex, bran\u021b din spum\u0103 EVA turnat\u0103 \u0219i 2-D Mash<\/p>","protected":false},"excerpt":{"rendered":"<p>Tip: pantofi de lucru Material superior: Strong Protection \u2013 piele natural\u0103 neagr\u0103 puternic\u0103. Standardul european EN ISO 20347:2011 BOMBEU METALIC 200JOULE Material higroscopic rezistent la uzura. Spate pantof din piele Clapa, panouri laterale: imitatie de piele Bran\u021b: principal &#8211; Kevlar anti-punctur\u0103 Max Flex, bran\u021b din spum\u0103 EVA turnat\u0103 \u0219i 2-D Mash<\/p>\n","protected":false},"featured_media":6436,"template":"","meta":[],"product_brand":[],"product_cat":[75,97],"product_tag":[],"class_list":{"0":"post-2442","1":"product","2":"type-product","3":"status-publish","4":"has-post-thumbnail","6":"product_cat-footwear","7":"product_cat-summer-shoes","9":"first","10":"instock","11":"shipping-taxable","12":"purchasable","13":"product-type-variable"},"acf":[],"aioseo_notices":[],"_links":{"self":[{"href":"https:\/\/protego.md\/ro\/wp-json\/wp\/v2\/product\/2442","targetHints":{"allow":["GET"]}}],"collection":[{"href":"https:\/\/protego.md\/ro\/wp-json\/wp\/v2\/product"}],"about":[{"href":"https:\/\/protego.md\/ro\/wp-json\/wp\/v2\/types\/product"}],"wp:featuredmedia":[{"embeddable":true,"href":"https:\/\/protego.md\/ro\/wp-json\/wp\/v2\/media\/6436"}],"wp:attachment":[{"href":"https:\/\/protego.md\/ro\/wp-json\/wp\/v2\/media?parent=2442"}],"wp:term":[{"taxonomy":"product_brand","embeddable":true,"href":"https:\/\/protego.md\/ro\/wp-json\/wp\/v2\/product_brand?post=2442"},{"taxonomy":"product_cat","embeddable":true,"href":"https:\/\/protego.md\/ro\/wp-json\/wp\/v2\/product_cat?post=2442"},{"taxonomy":"product_tag","embeddable":true,"href":"https:\/\/protego.md\/ro\/wp-json\/wp\/v2\/product_tag?post=2442"}],"curies":[{"name":"wp","href":"https:\/\/api.w.org\/{rel}","templated":true}]}}